{"id":16383,"date":"2016-08-01T15:08:51","date_gmt":"2016-08-01T12:08:51","guid":{"rendered":"https:\/\/editura-unibuc.ro\/?post_type=product&#038;p=16383"},"modified":"2023-05-25T11:10:21","modified_gmt":"2023-05-25T08:10:21","slug":"neurobiologia-cognitiei-ed-a-ii-a-revizuita-si-adaugita","status":"publish","type":"product","link":"https:\/\/editura-unibuc.ro\/en\/neurobiologia-cognitiei-ed-a-ii-a-revizuita-si-adaugita\/","title":{"rendered":"NEUROBIOLOGIA COGNI\u0162IEI, Ed.a II-a revizuit\u0103 \u015fi ad\u0103ugit\u0103"},"content":{"rendered":"<p>Studiul capacit\u0103\u0163ilor prin care se realizeaz\u0103 cunoa\u015fterea, precum \u015fi a modului cum se desf\u0103\u015foar\u0103 ea \u00een creier constituie obiectul neurobiologiei proceselor cognitive. O list\u0103 a acestor capacit\u0103\u0163i, tratate \u00een volumul de fa\u0163\u0103, este: percep\u0163ia, focalizarea aten\u0163iei, \u00eenv\u0103\u0163area \u015fi memorarea, emo\u0163iile, sentimentele, con\u015ftiin\u0163a, g\u00e2ndirea, motiva\u0163ia, definirea unui scop, luarea deciziilor, comunicarea \u015fi limbajul, creativitatea, somnul etc. <\/p>\n","protected":false},"excerpt":{"rendered":"<p>Studiul capacit\u0103\u0163ilor prin care se realizeaz\u0103 cunoa\u015fterea, precum \u015fi a modului cum se desf\u0103\u015foar\u0103 ea \u00een creier constituie obiectul neurobiologiei proceselor cognitive. O list\u0103 a acestor capacit\u0103\u0163i, tratate \u00een volumul de fa\u0163\u0103, este: percep\u0163ia, focalizarea aten\u0163iei, \u00eenv\u0103\u0163area \u015fi memorarea, emo\u0163iile, sentimentele, con\u015ftiin\u0163a, g\u00e2ndirea, motiva\u0163ia, definirea unui scop, luarea deciziilor, comunicarea \u015fi limbajul, creativitatea, somnul etc.<\/p>\n","protected":false},"featured_media":16384,"comment_status":"open","ping_status":"closed","template":"","meta":[],"product_brand":[],"product_cat":[1466,988],"product_tag":[2205,2203,2206,2207,2204],"class_list":{"0":"post-16383","1":"product","2":"type-product","3":"status-publish","4":"has-post-thumbnail","6":"product_cat-stiinte-ale-naturii","7":"product_cat-biologie","8":"product_tag-alexandru-florian-deftu","9":"product_tag-maria-luisa-flonta","10":"product_tag-neurobiologie","11":"product_tag-procese-cognitive","12":"product_tag-violeta-ristoiu","14":"first","15":"outofstock","16":"shipping-taxable","17":"purchasable","18":"product-type-simple"},"_links":{"self":[{"href":"https:\/\/editura-unibuc.ro\/en\/wp-json\/wp\/v2\/product\/16383","targetHints":{"allow":["GET"]}}],"collection":[{"href":"https:\/\/editura-unibuc.ro\/en\/wp-json\/wp\/v2\/product"}],"about":[{"href":"https:\/\/editura-unibuc.ro\/en\/wp-json\/wp\/v2\/types\/product"}],"replies":[{"embeddable":true,"href":"https:\/\/editura-unibuc.ro\/en\/wp-json\/wp\/v2\/comments?post=16383"}],"wp:featuredmedia":[{"embeddable":true,"href":"https:\/\/editura-unibuc.ro\/en\/wp-json\/wp\/v2\/media\/16384"}],"wp:attachment":[{"href":"https:\/\/editura-unibuc.ro\/en\/wp-json\/wp\/v2\/media?parent=16383"}],"wp:term":[{"taxonomy":"product_brand","embeddable":true,"href":"https:\/\/editura-unibuc.ro\/en\/wp-json\/wp\/v2\/product_brand?post=16383"},{"taxonomy":"product_cat","embeddable":true,"href":"https:\/\/editura-unibuc.ro\/en\/wp-json\/wp\/v2\/product_cat?post=16383"},{"taxonomy":"product_tag","embeddable":true,"href":"https:\/\/editura-unibuc.ro\/en\/wp-json\/wp\/v2\/product_tag?post=16383"}],"curies":[{"name":"wp","href":"https:\/\/api.w.org\/{rel}","templated":true}]}}