{"id":16387,"date":"2016-08-01T15:11:53","date_gmt":"2016-08-01T12:11:53","guid":{"rendered":"https:\/\/editura-unibuc.ro\/?post_type=product&#038;p=16387"},"modified":"2017-10-17T10:36:28","modified_gmt":"2017-10-17T07:36:28","slug":"moscova-in-constiinta-culturala-rusa-si-europeana","status":"publish","type":"product","link":"https:\/\/editura-unibuc.ro\/en\/moscova-in-constiinta-culturala-rusa-si-europeana\/","title":{"rendered":"MOSCOVA \u00ceN CON\u015eTIIN\u0162A CULTURAL\u0102 RUS\u0102 \u015eI EUROPEAN\u0102"},"content":{"rendered":"<p>Un colaj de imagini simbolice, descoperite \u015fi reconstituite din clipe de istorie, impresii de c\u0103l\u0103tor, emo\u0163ii lirice sau experien\u0163e umane transpuse \u00een proverbe, toate reunite \u00eentr-un album imaginar \u00een care capitala dint\u00e2i a ru\u015filor a fost imortalizat\u0103 f\u0103c\u00e2nd primii pa\u015fi spre destinul s\u0103u excep\u0163ional.<\/p>\n","protected":false},"excerpt":{"rendered":"<p>Un colaj de imagini simbolice, descoperite \u015fi reconstituite din clipe de istorie, impresii de c\u0103l\u0103tor, emo\u0163ii lirice sau experien\u0163e umane transpuse \u00een proverbe, toate reunite \u00eentr-un album imaginar \u00een care capitala dint\u00e2i a ru\u015filor a fost imortalizat\u0103 f\u0103c\u00e2nd primii pa\u015fi spre destinul s\u0103u excep\u0163ional.<\/p>\n","protected":false},"featured_media":16388,"comment_status":"open","ping_status":"closed","template":"","meta":[],"product_brand":[],"product_cat":[1531,1471,1464,981],"product_tag":[2127,1044,1760,2215,2214],"class_list":{"0":"post-16387","1":"product","2":"type-product","3":"status-publish","4":"has-post-thumbnail","6":"product_cat-colectii","7":"product_cat-colectia-teze-de-doctorat","8":"product_cat-filologie","9":"product_cat-limbi-slave","10":"product_tag-cultura-rusa","11":"product_tag-filologie","12":"product_tag-literatura-rusa","13":"product_tag-maria-magdalena-bodea","14":"product_tag-teze-de-doctorat","16":"first","17":"outofstock","18":"shipping-taxable","19":"purchasable","20":"product-type-simple"},"_links":{"self":[{"href":"https:\/\/editura-unibuc.ro\/en\/wp-json\/wp\/v2\/product\/16387","targetHints":{"allow":["GET"]}}],"collection":[{"href":"https:\/\/editura-unibuc.ro\/en\/wp-json\/wp\/v2\/product"}],"about":[{"href":"https:\/\/editura-unibuc.ro\/en\/wp-json\/wp\/v2\/types\/product"}],"replies":[{"embeddable":true,"href":"https:\/\/editura-unibuc.ro\/en\/wp-json\/wp\/v2\/comments?post=16387"}],"wp:featuredmedia":[{"embeddable":true,"href":"https:\/\/editura-unibuc.ro\/en\/wp-json\/wp\/v2\/media\/16388"}],"wp:attachment":[{"href":"https:\/\/editura-unibuc.ro\/en\/wp-json\/wp\/v2\/media?parent=16387"}],"wp:term":[{"taxonomy":"product_brand","embeddable":true,"href":"https:\/\/editura-unibuc.ro\/en\/wp-json\/wp\/v2\/product_brand?post=16387"},{"taxonomy":"product_cat","embeddable":true,"href":"https:\/\/editura-unibuc.ro\/en\/wp-json\/wp\/v2\/product_cat?post=16387"},{"taxonomy":"product_tag","embeddable":true,"href":"https:\/\/editura-unibuc.ro\/en\/wp-json\/wp\/v2\/product_tag?post=16387"}],"curies":[{"name":"wp","href":"https:\/\/api.w.org\/{rel}","templated":true}]}}