{"id":1643,"date":"2012-09-06T13:52:41","date_gmt":"2012-09-06T10:52:41","guid":{"rendered":"https:\/\/editura-unibuc.ro\/?p=1643"},"modified":"2025-08-07T12:00:16","modified_gmt":"2025-08-07T09:00:16","slug":"studii-culturale-si-literare-romanesti-vol-ii-studii-de-literatura-romana-sec-xx","status":"publish","type":"product","link":"https:\/\/editura-unibuc.ro\/en\/studii-culturale-si-literare-romanesti-vol-ii-studii-de-literatura-romana-sec-xx\/","title":{"rendered":"ROMANIAN CULTURAL AND LITERARY STUDIES. VOL II. STUDIES OF ROMANIAN LITERATURE. 20TH CENTURY"},"content":{"rendered":"<p>Din cuprins: V. Mihai: Metamorfoze spa\u021biale \u0219i temporale la Panait Istrati; Iuliana Pas\u0103re: Conflictul social \u00een romanele lui Liviu Rebreanu; Dana P\u00e2rvan-Jenaru: Mihail Sebastian &#8211; critic literar; Liliana Paicu: Gabriela Adame\u0219teanu \u0219i literatura feminin\u0103.<\/p>\n","protected":false},"excerpt":{"rendered":"<p>Din cuprins: V. Mihai: Metamorfoze spa\u021biale \u0219i temporale la Panait Istrati; Iuliana Pas\u0103re: Conflictul social \u00een romanele lui Liviu Rebreanu; Dana P\u00e2rvan-Jenaru: Mihail Sebastian &#8211; critic literar; Liliana Paicu: Gabriela Adame\u0219teanu \u0219i literatura feminin\u0103.<\/p>\n","protected":false},"featured_media":11121,"comment_status":"open","ping_status":"closed","template":"","meta":[],"product_brand":[],"product_cat":[1464,979],"product_tag":[920,919,925],"class_list":{"0":"post-1643","1":"product","2":"type-product","3":"status-publish","4":"has-post-thumbnail","6":"product_cat-filologie","7":"product_cat-limba-romana","8":"product_tag-cultura","9":"product_tag-literatura","10":"product_tag-romana","12":"first","13":"outofstock","14":"shipping-taxable","15":"purchasable","16":"product-type-simple"},"_links":{"self":[{"href":"https:\/\/editura-unibuc.ro\/en\/wp-json\/wp\/v2\/product\/1643","targetHints":{"allow":["GET"]}}],"collection":[{"href":"https:\/\/editura-unibuc.ro\/en\/wp-json\/wp\/v2\/product"}],"about":[{"href":"https:\/\/editura-unibuc.ro\/en\/wp-json\/wp\/v2\/types\/product"}],"replies":[{"embeddable":true,"href":"https:\/\/editura-unibuc.ro\/en\/wp-json\/wp\/v2\/comments?post=1643"}],"wp:featuredmedia":[{"embeddable":true,"href":"https:\/\/editura-unibuc.ro\/en\/wp-json\/wp\/v2\/media\/11121"}],"wp:attachment":[{"href":"https:\/\/editura-unibuc.ro\/en\/wp-json\/wp\/v2\/media?parent=1643"}],"wp:term":[{"taxonomy":"product_brand","embeddable":true,"href":"https:\/\/editura-unibuc.ro\/en\/wp-json\/wp\/v2\/product_brand?post=1643"},{"taxonomy":"product_cat","embeddable":true,"href":"https:\/\/editura-unibuc.ro\/en\/wp-json\/wp\/v2\/product_cat?post=1643"},{"taxonomy":"product_tag","embeddable":true,"href":"https:\/\/editura-unibuc.ro\/en\/wp-json\/wp\/v2\/product_tag?post=1643"}],"curies":[{"name":"wp","href":"https:\/\/api.w.org\/{rel}","templated":true}]}}