{"id":1647,"date":"2012-09-06T13:57:55","date_gmt":"2012-09-06T10:57:55","guid":{"rendered":"https:\/\/editura-unibuc.ro\/?p=1647"},"modified":"2015-03-12T22:21:29","modified_gmt":"2015-03-12T20:21:29","slug":"studii-culturale-si-literare-romanesti-vol-i","status":"publish","type":"product","link":"https:\/\/editura-unibuc.ro\/en\/studii-culturale-si-literare-romanesti-vol-i\/","title":{"rendered":"ROMANIAN CULTURAL AND LITERARY STUDIES VOL. I"},"content":{"rendered":"<p>Din cuprins: Gheorghi\u021b\u0103 Badea \u201eIstoria ieroglific\u0103\u201d un rechizitoriu politic \u0219i social; Egina Buftea-Jercan: Al. Odobescu \u0219i Walter Scott; Diana Tivd\u0103: Dublul \u0219i probleme ale identit\u0103\u021bii; Cristina Revei: Imagini ale lumii de dincolo \u00een cultura tradi\u021bional\u0103 rom\u00e2neasc\u0103.<\/p>\n","protected":false},"excerpt":{"rendered":"<p>Din cuprins: Gheorghi\u021b\u0103 Badea \u201eIstoria ieroglific\u0103\u201d un rechizitoriu politic \u0219i social; Egina Buftea-Jercan: Al. Odobescu \u0219i Walter Scott; Diana Tivd\u0103: Dublul \u0219i probleme ale identit\u0103\u021bii; Cristina Revei: Imagini ale lumii de dincolo \u00een cultura tradi\u021bional\u0103 rom\u00e2neasc\u0103.<\/p>\n","protected":false},"featured_media":11119,"comment_status":"open","ping_status":"closed","template":"","meta":[],"product_brand":[],"product_cat":[1464,979],"product_tag":[920,919,925],"class_list":{"0":"post-1647","1":"product","2":"type-product","3":"status-publish","4":"has-post-thumbnail","6":"product_cat-filologie","7":"product_cat-limba-romana","8":"product_tag-cultura","9":"product_tag-literatura","10":"product_tag-romana","12":"first","13":"instock","14":"shipping-taxable","15":"purchasable","16":"product-type-simple"},"_links":{"self":[{"href":"https:\/\/editura-unibuc.ro\/en\/wp-json\/wp\/v2\/product\/1647","targetHints":{"allow":["GET"]}}],"collection":[{"href":"https:\/\/editura-unibuc.ro\/en\/wp-json\/wp\/v2\/product"}],"about":[{"href":"https:\/\/editura-unibuc.ro\/en\/wp-json\/wp\/v2\/types\/product"}],"replies":[{"embeddable":true,"href":"https:\/\/editura-unibuc.ro\/en\/wp-json\/wp\/v2\/comments?post=1647"}],"wp:featuredmedia":[{"embeddable":true,"href":"https:\/\/editura-unibuc.ro\/en\/wp-json\/wp\/v2\/media\/11119"}],"wp:attachment":[{"href":"https:\/\/editura-unibuc.ro\/en\/wp-json\/wp\/v2\/media?parent=1647"}],"wp:term":[{"taxonomy":"product_brand","embeddable":true,"href":"https:\/\/editura-unibuc.ro\/en\/wp-json\/wp\/v2\/product_brand?post=1647"},{"taxonomy":"product_cat","embeddable":true,"href":"https:\/\/editura-unibuc.ro\/en\/wp-json\/wp\/v2\/product_cat?post=1647"},{"taxonomy":"product_tag","embeddable":true,"href":"https:\/\/editura-unibuc.ro\/en\/wp-json\/wp\/v2\/product_tag?post=1647"}],"curies":[{"name":"wp","href":"https:\/\/api.w.org\/{rel}","templated":true}]}}