{"id":16480,"date":"2016-08-17T18:15:09","date_gmt":"2016-08-17T15:15:09","guid":{"rendered":"https:\/\/editura-unibuc.ro\/?post_type=product&#038;p=16480"},"modified":"2025-07-18T12:04:39","modified_gmt":"2025-07-18T09:04:39","slug":"istorie-si-istorici-la-universitatea-din-bucuresti-dimensiuni-institutionale-proiecte-intelectuale","status":"publish","type":"product","link":"https:\/\/editura-unibuc.ro\/en\/istorie-si-istorici-la-universitatea-din-bucuresti-dimensiuni-institutionale-proiecte-intelectuale\/","title":{"rendered":"HISTORY AND HISTORIANS AT THE UNIVERSITY OF BUCHAREST: INSTITUTIONAL DIMENSIONS \u2013 INTELLECTUAL PROJECTS"},"content":{"rendered":"<p>Conferin\u0163a care d\u0103 titlul volumului \u015fi-a propus s\u0103 analizeze liniile de cercetare ale \u015fcolii istoriografice de la Universitatea din Bucure\u015fti, dar \u015fi, poate \u00een primul r\u00e2nd, s\u0103 sesizeze muta\u0163iile de accent ideologic, impactul presiunilor politico-culturale ale regimurilor de dictatur\u0103 asupra scrisului istoric, schimb\u0103rile de natur\u0103 institu\u0163ional\u0103, recrutarea cadrelor universitare \u015fi dinamica privind corpul studen\u0163esc, motiva\u0163iile de natur\u0103 politic\u0103, influen\u0163ele exercitate de diversele angajamente politice, \u00een recompunerea personalului universitar \u00een perioada 1864-1989, \u00een\u0163elegerea \u015ftiin\u0163ei istorice ca instrument nu doar al produc\u0163iei \u015ftiin\u0163ifice, ci \u015fi al contur\u0103rii noilor coduri ideologico-culturale.<\/p>\n","protected":false},"excerpt":{"rendered":"<p>Conferin\u0163a care d\u0103 titlul volumului \u015fi-a propus s\u0103 analizeze liniile de cercetare ale \u015fcolii istoriografice de la Universitatea din Bucure\u015fti, dar \u015fi, poate \u00een primul r\u00e2nd, s\u0103 sesizeze muta\u0163iile de accent ideologic, impactul presiunilor politico-culturale ale regimurilor de dictatur\u0103 asupra scrisului istoric, schimb\u0103rile de natur\u0103 institu\u0163ional\u0103, recrutarea cadrelor universitare \u015fi dinamica privind corpul studen\u0163esc, motiva\u0163iile [&hellip;]<\/p>\n","protected":false},"featured_media":16481,"comment_status":"open","ping_status":"closed","template":"","meta":[],"product_brand":[],"product_cat":[991,995],"product_tag":[1207,2228,881,2229,1075],"class_list":{"0":"post-16480","1":"product","2":"type-product","3":"status-publish","4":"has-post-thumbnail","6":"product_cat-stiinte-sociale","7":"product_cat-istorie-stiinte-politice","8":"product_tag-comunism","9":"product_tag-istorici","10":"product_tag-istorie","11":"product_tag-istoriografie","12":"product_tag-universitatea-din-bucuresti","14":"first","15":"instock","16":"shipping-taxable","17":"purchasable","18":"product-type-simple"},"_links":{"self":[{"href":"https:\/\/editura-unibuc.ro\/en\/wp-json\/wp\/v2\/product\/16480","targetHints":{"allow":["GET"]}}],"collection":[{"href":"https:\/\/editura-unibuc.ro\/en\/wp-json\/wp\/v2\/product"}],"about":[{"href":"https:\/\/editura-unibuc.ro\/en\/wp-json\/wp\/v2\/types\/product"}],"replies":[{"embeddable":true,"href":"https:\/\/editura-unibuc.ro\/en\/wp-json\/wp\/v2\/comments?post=16480"}],"wp:featuredmedia":[{"embeddable":true,"href":"https:\/\/editura-unibuc.ro\/en\/wp-json\/wp\/v2\/media\/16481"}],"wp:attachment":[{"href":"https:\/\/editura-unibuc.ro\/en\/wp-json\/wp\/v2\/media?parent=16480"}],"wp:term":[{"taxonomy":"product_brand","embeddable":true,"href":"https:\/\/editura-unibuc.ro\/en\/wp-json\/wp\/v2\/product_brand?post=16480"},{"taxonomy":"product_cat","embeddable":true,"href":"https:\/\/editura-unibuc.ro\/en\/wp-json\/wp\/v2\/product_cat?post=16480"},{"taxonomy":"product_tag","embeddable":true,"href":"https:\/\/editura-unibuc.ro\/en\/wp-json\/wp\/v2\/product_tag?post=16480"}],"curies":[{"name":"wp","href":"https:\/\/api.w.org\/{rel}","templated":true}]}}