{"id":16482,"date":"2016-08-17T18:19:38","date_gmt":"2016-08-17T15:19:38","guid":{"rendered":"https:\/\/editura-unibuc.ro\/?post_type=product&#038;p=16482"},"modified":"2017-03-30T13:44:04","modified_gmt":"2017-03-30T10:44:04","slug":"cosmologie-filosofica-texte-fundamentale-vol-1-renasterea-si-modernitatea-timpurie","status":"publish","type":"product","link":"https:\/\/editura-unibuc.ro\/en\/cosmologie-filosofica-texte-fundamentale-vol-1-renasterea-si-modernitatea-timpurie\/","title":{"rendered":"COSMOLOGIE FILOSOFIC\u0102 \u2013 TEXTE FUNDAMENTALE. Vol. 1: RENA\u015eTEREA \u015eI MODERNITATEA TIMPURIE"},"content":{"rendered":"<p>Cosmologia filosofic\u0103 este un domeniu prin excelen\u0163\u0103 interdisciplinar, aflat la grani\u0163a dintre filosofie \u015fi \u015ftiin\u0163ele naturii, pe de-o parte, \u015fi istoria filosofiei, istoria ideilor \u015fi teologie, pe de alt\u0103 parte.<\/p>\n","protected":false},"excerpt":{"rendered":"<p>Cosmologia filosofic\u0103 este un domeniu prin excelen\u0163\u0103 interdisciplinar, aflat la grani\u0163a dintre filosofie \u015fi \u015ftiin\u0163ele naturii, pe de-o parte, \u015fi istoria filosofiei, istoria ideilor \u015fi teologie, pe de alt\u0103 parte.<\/p>\n","protected":false},"featured_media":16484,"comment_status":"open","ping_status":"closed","template":"","meta":[],"product_brand":[],"product_cat":[991,994],"product_tag":[2231,2230,921,1334,1343],"class_list":{"0":"post-16482","1":"product","2":"type-product","3":"status-publish","4":"has-post-thumbnail","6":"product_cat-stiinte-sociale","7":"product_cat-filosofie","8":"product_tag-cosmologie-filosofica","9":"product_tag-dana-jalobeanu","10":"product_tag-filosofie","11":"product_tag-modernitate","12":"product_tag-renastere","14":"first","15":"outofstock","16":"shipping-taxable","17":"purchasable","18":"product-type-simple"},"_links":{"self":[{"href":"https:\/\/editura-unibuc.ro\/en\/wp-json\/wp\/v2\/product\/16482","targetHints":{"allow":["GET"]}}],"collection":[{"href":"https:\/\/editura-unibuc.ro\/en\/wp-json\/wp\/v2\/product"}],"about":[{"href":"https:\/\/editura-unibuc.ro\/en\/wp-json\/wp\/v2\/types\/product"}],"replies":[{"embeddable":true,"href":"https:\/\/editura-unibuc.ro\/en\/wp-json\/wp\/v2\/comments?post=16482"}],"wp:featuredmedia":[{"embeddable":true,"href":"https:\/\/editura-unibuc.ro\/en\/wp-json\/wp\/v2\/media\/16484"}],"wp:attachment":[{"href":"https:\/\/editura-unibuc.ro\/en\/wp-json\/wp\/v2\/media?parent=16482"}],"wp:term":[{"taxonomy":"product_brand","embeddable":true,"href":"https:\/\/editura-unibuc.ro\/en\/wp-json\/wp\/v2\/product_brand?post=16482"},{"taxonomy":"product_cat","embeddable":true,"href":"https:\/\/editura-unibuc.ro\/en\/wp-json\/wp\/v2\/product_cat?post=16482"},{"taxonomy":"product_tag","embeddable":true,"href":"https:\/\/editura-unibuc.ro\/en\/wp-json\/wp\/v2\/product_tag?post=16482"}],"curies":[{"name":"wp","href":"https:\/\/api.w.org\/{rel}","templated":true}]}}