{"id":16483,"date":"2016-08-17T18:22:02","date_gmt":"2016-08-17T15:22:02","guid":{"rendered":"https:\/\/editura-unibuc.ro\/?post_type=product&#038;p=16483"},"modified":"2020-05-21T11:32:47","modified_gmt":"2020-05-21T08:32:47","slug":"identificarea-nevoilor-in-randul-familiiilor-care-au-copii-diagnosticati-cu-tulburari-din-spectrul-autismului","status":"publish","type":"product","link":"https:\/\/editura-unibuc.ro\/en\/identificarea-nevoilor-in-randul-familiiilor-care-au-copii-diagnosticati-cu-tulburari-din-spectrul-autismului\/","title":{"rendered":"IDENTIFICAREA NEVOILOR \u00ceN R\u00c2NDUL FAMILIILOR CARE AU COPII DIAGNOSTICA\u0162I CU TULBUR\u0102RI DIN SPECTRUL AUTISMULUI"},"content":{"rendered":"<p>Cartea de fa\u021b\u0103 s-a n\u0103scut dintr-o nevoie acut\u0103, profesional\u0103, de a veni \u00een sprijinul familiilor care au copii diagnostica\u0163i cu tulbur\u0103ri din spectrul autismului (TSA).<\/p>\n","protected":false},"excerpt":{"rendered":"<p>Cartea de fa\u021b\u0103 s-a n\u0103scut dintr-o nevoie acut\u0103, profesional\u0103, de a veni \u00een sprijinul familiilor care au copii diagnostica\u0163i cu tulbur\u0103ri din spectrul autismului (TSA).<\/p>\n","protected":false},"featured_media":16485,"comment_status":"open","ping_status":"closed","template":"","meta":[],"product_brand":[],"product_cat":[991,998],"product_tag":[2234,2236,2232,2235,2233],"class_list":{"0":"post-16483","1":"product","2":"type-product","3":"status-publish","4":"has-post-thumbnail","6":"product_cat-stiinte-sociale","7":"product_cat-sociologie-si-asistenta-sociala","8":"product_tag-autism","9":"product_tag-protectie-sociala","10":"product_tag-sandica-ion","11":"product_tag-servicii-sociale","12":"product_tag-tsa","14":"first","15":"instock","16":"shipping-taxable","17":"purchasable","18":"product-type-simple"},"_links":{"self":[{"href":"https:\/\/editura-unibuc.ro\/en\/wp-json\/wp\/v2\/product\/16483","targetHints":{"allow":["GET"]}}],"collection":[{"href":"https:\/\/editura-unibuc.ro\/en\/wp-json\/wp\/v2\/product"}],"about":[{"href":"https:\/\/editura-unibuc.ro\/en\/wp-json\/wp\/v2\/types\/product"}],"replies":[{"embeddable":true,"href":"https:\/\/editura-unibuc.ro\/en\/wp-json\/wp\/v2\/comments?post=16483"}],"wp:featuredmedia":[{"embeddable":true,"href":"https:\/\/editura-unibuc.ro\/en\/wp-json\/wp\/v2\/media\/16485"}],"wp:attachment":[{"href":"https:\/\/editura-unibuc.ro\/en\/wp-json\/wp\/v2\/media?parent=16483"}],"wp:term":[{"taxonomy":"product_brand","embeddable":true,"href":"https:\/\/editura-unibuc.ro\/en\/wp-json\/wp\/v2\/product_brand?post=16483"},{"taxonomy":"product_cat","embeddable":true,"href":"https:\/\/editura-unibuc.ro\/en\/wp-json\/wp\/v2\/product_cat?post=16483"},{"taxonomy":"product_tag","embeddable":true,"href":"https:\/\/editura-unibuc.ro\/en\/wp-json\/wp\/v2\/product_tag?post=16483"}],"curies":[{"name":"wp","href":"https:\/\/api.w.org\/{rel}","templated":true}]}}