{"id":16486,"date":"2016-08-17T18:24:37","date_gmt":"2016-08-17T15:24:37","guid":{"rendered":"https:\/\/editura-unibuc.ro\/?post_type=product&#038;p=16486"},"modified":"2017-03-30T13:54:49","modified_gmt":"2017-03-30T10:54:49","slug":"prospectiuni-electrice-vol-1-metode-de-prospectiune-electrica-in-curent-continuu","status":"publish","type":"product","link":"https:\/\/editura-unibuc.ro\/en\/prospectiuni-electrice-vol-1-metode-de-prospectiune-electrica-in-curent-continuu\/","title":{"rendered":"PROSPEC\u0162IUNI ELECTRICE. VOL. 1, METODE DE PROSPEC\u0162IUNE ELECTRIC\u0102 \u00ceN CURENT CONTINUU"},"content":{"rendered":"<p>Aceast\u0103 carte reprezint\u0103 o sintez\u0103, singura \u00een limba rom\u00e2n\u0103, a no\u0163iunilor fondamentale necesare \u00een\u0163elegerii principiilor de applicare \u015fi interpretare a metodelor de prospec\u0163iune electric\u0103 \u00een curent continuu.<\/p>","protected":false},"excerpt":{"rendered":"<p>Aceast\u0103 carte reprezint\u0103 o sintez\u0103, singura \u00een limba rom\u00e2n\u0103, a no\u0163iunilor fondamentale necesare \u00een\u0163elegerii principiilor de applicare \u015fi interpretare a metodelor de prospec\u0163iune electric\u0103 \u00een curent continuu.<\/p>\n","protected":false},"featured_media":16487,"comment_status":"open","ping_status":"closed","template":"","meta":[],"product_brand":[],"product_cat":[1466,990],"product_tag":[2240,2238,909,2237,2239],"class_list":{"0":"post-16486","1":"product","2":"type-product","3":"status-publish","4":"has-post-thumbnail","6":"product_cat-stiinte-ale-naturii","7":"product_cat-geologie","8":"product_tag-curent-continuu","9":"product_tag-florina-chitea","10":"product_tag-geologie","11":"product_tag-paul-georgescu","12":"product_tag-prospectiuni-electrice","14":"first","15":"instock","16":"shipping-taxable","17":"purchasable","18":"product-type-simple"},"_links":{"self":[{"href":"https:\/\/editura-unibuc.ro\/en\/wp-json\/wp\/v2\/product\/16486","targetHints":{"allow":["GET"]}}],"collection":[{"href":"https:\/\/editura-unibuc.ro\/en\/wp-json\/wp\/v2\/product"}],"about":[{"href":"https:\/\/editura-unibuc.ro\/en\/wp-json\/wp\/v2\/types\/product"}],"replies":[{"embeddable":true,"href":"https:\/\/editura-unibuc.ro\/en\/wp-json\/wp\/v2\/comments?post=16486"}],"wp:featuredmedia":[{"embeddable":true,"href":"https:\/\/editura-unibuc.ro\/en\/wp-json\/wp\/v2\/media\/16487"}],"wp:attachment":[{"href":"https:\/\/editura-unibuc.ro\/en\/wp-json\/wp\/v2\/media?parent=16486"}],"wp:term":[{"taxonomy":"product_brand","embeddable":true,"href":"https:\/\/editura-unibuc.ro\/en\/wp-json\/wp\/v2\/product_brand?post=16486"},{"taxonomy":"product_cat","embeddable":true,"href":"https:\/\/editura-unibuc.ro\/en\/wp-json\/wp\/v2\/product_cat?post=16486"},{"taxonomy":"product_tag","embeddable":true,"href":"https:\/\/editura-unibuc.ro\/en\/wp-json\/wp\/v2\/product_tag?post=16486"}],"curies":[{"name":"wp","href":"https:\/\/api.w.org\/{rel}","templated":true}]}}