{"id":16541,"date":"2016-09-01T11:08:22","date_gmt":"2016-09-01T08:08:22","guid":{"rendered":"https:\/\/editura-unibuc.ro\/?post_type=product&#038;p=16541"},"modified":"2016-09-01T11:25:24","modified_gmt":"2016-09-01T08:25:24","slug":"aspecte-cantitative-si-calitative-in-studii-psihologice-recente","status":"publish","type":"product","link":"https:\/\/editura-unibuc.ro\/en\/aspecte-cantitative-si-calitative-in-studii-psihologice-recente\/","title":{"rendered":"ASPECTE CANTITATIVE \u015eI CALITATIVE \u00ceN STUDII PSIHOLOGICE RECENTE"},"content":{"rendered":"<p>Materialul de fa\u0163\u0103 se dore\u015fte \u2013 \u015fi sper\u0103m c\u0103 a reu\u015fit s\u0103 o \u015fi demonstreze \u2013 o formul\u0103 de abordare complex\u0103 a psihismului uman la subiec\u0163ii din \u0163ara noastr\u0103, \u00een zilele noastre, de v\u00e2rste, sexe, \u015fcolaritate diferite, \u00een ipostaze din cele mai diverse.<\/p>\n","protected":false},"excerpt":{"rendered":"<p>Materialul de fa\u0163\u0103 se dore\u015fte \u2013 \u015fi sper\u0103m c\u0103 a reu\u015fit s\u0103 o \u015fi demonstreze \u2013 o formul\u0103 de abordare complex\u0103 a psihismului uman la subiec\u0163ii din \u0163ara noastr\u0103, \u00een zilele noastre, de v\u00e2rste, sexe, \u015fcolaritate diferite, \u00een ipostaze din cele mai diverse.<\/p>\n","protected":false},"featured_media":16542,"comment_status":"open","ping_status":"closed","template":"","meta":[],"product_brand":[],"product_cat":[991,998],"product_tag":[2261,2260,2262,2258,2259,2257],"class_list":{"0":"post-16541","1":"product","2":"type-product","3":"status-publish","4":"has-post-thumbnail","6":"product_cat-stiinte-sociale","7":"product_cat-sociologie-si-asistenta-sociala","8":"product_tag-agresivitate","9":"product_tag-analiza-organizationala","10":"product_tag-comportament","11":"product_tag-ruxandra-rascanu","12":"product_tag-stress","13":"product_tag-studii-psihologice","15":"first","16":"instock","17":"shipping-taxable","18":"purchasable","19":"product-type-simple"},"_links":{"self":[{"href":"https:\/\/editura-unibuc.ro\/en\/wp-json\/wp\/v2\/product\/16541","targetHints":{"allow":["GET"]}}],"collection":[{"href":"https:\/\/editura-unibuc.ro\/en\/wp-json\/wp\/v2\/product"}],"about":[{"href":"https:\/\/editura-unibuc.ro\/en\/wp-json\/wp\/v2\/types\/product"}],"replies":[{"embeddable":true,"href":"https:\/\/editura-unibuc.ro\/en\/wp-json\/wp\/v2\/comments?post=16541"}],"wp:featuredmedia":[{"embeddable":true,"href":"https:\/\/editura-unibuc.ro\/en\/wp-json\/wp\/v2\/media\/16542"}],"wp:attachment":[{"href":"https:\/\/editura-unibuc.ro\/en\/wp-json\/wp\/v2\/media?parent=16541"}],"wp:term":[{"taxonomy":"product_brand","embeddable":true,"href":"https:\/\/editura-unibuc.ro\/en\/wp-json\/wp\/v2\/product_brand?post=16541"},{"taxonomy":"product_cat","embeddable":true,"href":"https:\/\/editura-unibuc.ro\/en\/wp-json\/wp\/v2\/product_cat?post=16541"},{"taxonomy":"product_tag","embeddable":true,"href":"https:\/\/editura-unibuc.ro\/en\/wp-json\/wp\/v2\/product_tag?post=16541"}],"curies":[{"name":"wp","href":"https:\/\/api.w.org\/{rel}","templated":true}]}}