{"id":16545,"date":"2016-09-01T11:12:54","date_gmt":"2016-09-01T08:12:54","guid":{"rendered":"https:\/\/editura-unibuc.ro\/?post_type=product&#038;p=16545"},"modified":"2025-08-06T13:57:55","modified_gmt":"2025-08-06T10:57:55","slug":"introducere-in-teoria-versificatiei","status":"publish","type":"product","link":"https:\/\/editura-unibuc.ro\/en\/introducere-in-teoria-versificatiei\/","title":{"rendered":"INTRODUCERE IN TEORIA VERSIFICA\u0162IEI"},"content":{"rendered":"<p>\u201eCartea profesorului ceh Josef Hrab\u00e1k este un manual de teoria versifica\u0163iei conceput cu rigoare \u015ftiin\u0163ific\u0103 \u015fi claritate, \u00een care autorul \u00ee\u015fi propune s\u0103 prezinte sistematic mul\u0163imea de probleme pe care le ridic\u0103 aceast\u0103 disciplin\u0103 situat\u0103 la limita dintre studiile literare \u015fi cele lingvistice. \u00cen ciuda situa\u0163iei periferice pe care \u015ftiin\u0163a versifica\u0163iei o ocup\u0103 \u00een raport cu literatura \u015fi cu lingvistica, ea contribuie la rezolvarea unui mare num\u0103r de probleme, at\u00e2t \u00een domeniul principiilor generale, c\u00e2t \u015fi \u00een cel al analizei.\u201d<\/p>\n<p>Mihai Pop (Prefa\u0163\u0103 la edi\u0163ia I)<\/p>\n","protected":false},"excerpt":{"rendered":"<p>\u201eCartea profesorului ceh Josef Hrab\u00e1k este un manual de teoria versifica\u0163iei conceput cu rigoare \u015ftiin\u0163ific\u0103 \u015fi claritate, \u00een care autorul \u00ee\u015fi propune s\u0103 prezinte sistematic mul\u0163imea de probleme pe care le ridic\u0103 aceast\u0103 disciplin\u0103 situat\u0103 la limita dintre studiile literare \u015fi cele lingvistice. \u00cen ciuda situa\u0163iei periferice pe care \u015ftiin\u0163a versifica\u0163iei o ocup\u0103 \u00een raport [&hellip;]<\/p>\n","protected":false},"featured_media":16546,"comment_status":"open","ping_status":"closed","template":"","meta":[],"product_brand":[],"product_cat":[1464,979],"product_tag":[1044,2268,895,2269],"class_list":{"0":"post-16545","1":"product","2":"type-product","3":"status-publish","4":"has-post-thumbnail","6":"product_cat-filologie","7":"product_cat-limba-romana","8":"product_tag-filologie","9":"product_tag-josef-hrabak","10":"product_tag-lingvistica","11":"product_tag-versificatie","13":"first","14":"outofstock","15":"shipping-taxable","16":"purchasable","17":"product-type-simple"},"_links":{"self":[{"href":"https:\/\/editura-unibuc.ro\/en\/wp-json\/wp\/v2\/product\/16545","targetHints":{"allow":["GET"]}}],"collection":[{"href":"https:\/\/editura-unibuc.ro\/en\/wp-json\/wp\/v2\/product"}],"about":[{"href":"https:\/\/editura-unibuc.ro\/en\/wp-json\/wp\/v2\/types\/product"}],"replies":[{"embeddable":true,"href":"https:\/\/editura-unibuc.ro\/en\/wp-json\/wp\/v2\/comments?post=16545"}],"wp:featuredmedia":[{"embeddable":true,"href":"https:\/\/editura-unibuc.ro\/en\/wp-json\/wp\/v2\/media\/16546"}],"wp:attachment":[{"href":"https:\/\/editura-unibuc.ro\/en\/wp-json\/wp\/v2\/media?parent=16545"}],"wp:term":[{"taxonomy":"product_brand","embeddable":true,"href":"https:\/\/editura-unibuc.ro\/en\/wp-json\/wp\/v2\/product_brand?post=16545"},{"taxonomy":"product_cat","embeddable":true,"href":"https:\/\/editura-unibuc.ro\/en\/wp-json\/wp\/v2\/product_cat?post=16545"},{"taxonomy":"product_tag","embeddable":true,"href":"https:\/\/editura-unibuc.ro\/en\/wp-json\/wp\/v2\/product_tag?post=16545"}],"curies":[{"name":"wp","href":"https:\/\/api.w.org\/{rel}","templated":true}]}}