{"id":16547,"date":"2016-09-01T11:24:22","date_gmt":"2016-09-01T08:24:22","guid":{"rendered":"https:\/\/editura-unibuc.ro\/?post_type=product&#038;p=16547"},"modified":"2019-10-30T11:04:25","modified_gmt":"2019-10-30T09:04:25","slug":"analiza-si-iconografia-bisericii-cu-hramul-sfintii-martiri-brancoveni-de-la-rusanesti","status":"publish","type":"product","link":"https:\/\/editura-unibuc.ro\/en\/analiza-si-iconografia-bisericii-cu-hramul-sfintii-martiri-brancoveni-de-la-rusanesti\/","title":{"rendered":"ANALIZA \u015eI ICONOGRAFIA BISERICII CU HRAMUL \u201cSFIN\u0162II MARTIRI BR\u00c2NCOVENI\u201d DE LA RUS\u0102NE\u015eTI"},"content":{"rendered":"<p>Constituindu-se \u00eentr-o tematic\u0103 unitar\u0103 teologic\u0103, istoric\u0103 \u015fi artistic\u0103, ideea sacral-religioas\u0103 ce r\u0103zbate din pictura mural\u0103 analizat\u0103 este binevenit\u0103, mai ales acum, c\u00e2nd actul tradi\u0163ional este supus la o serie de \u00eencerc\u0103ri obiective sau subiective, generate \u015fi de for\u0163atele c\u0103ut\u0103ri moderniste din contemporaneitate.<\/p>\n","protected":false},"excerpt":{"rendered":"<p>Constituindu-se \u00eentr-o tematic\u0103 unitar\u0103 teologic\u0103, istoric\u0103 \u015fi artistic\u0103, ideea sacral-religioas\u0103 ce r\u0103zbate din pictura mural\u0103 analizat\u0103 este binevenit\u0103, mai ales acum, c\u00e2nd actul tradi\u0163ional este supus la o serie de \u00eencerc\u0103ri obiective sau subiective, generate \u015fi de for\u0163atele c\u0103ut\u0103ri moderniste din contemporaneitate.<\/p>\n","protected":false},"featured_media":16548,"comment_status":"open","ping_status":"closed","template":"","meta":[],"product_brand":[],"product_cat":[991,999],"product_tag":[2270,2273,2274,2272,2271,1021],"class_list":{"0":"post-16547","1":"product","2":"type-product","3":"status-publish","4":"has-post-thumbnail","6":"product_cat-stiinte-sociale","7":"product_cat-teologie","8":"product_tag-arta-religioasa","9":"product_tag-biserica-ortodoxa-romana","10":"product_tag-identitate-romaneasca","11":"product_tag-ortodoxie","12":"product_tag-pictura-murala","13":"product_tag-teologie","15":"first","16":"instock","17":"shipping-taxable","18":"purchasable","19":"product-type-simple"},"_links":{"self":[{"href":"https:\/\/editura-unibuc.ro\/en\/wp-json\/wp\/v2\/product\/16547","targetHints":{"allow":["GET"]}}],"collection":[{"href":"https:\/\/editura-unibuc.ro\/en\/wp-json\/wp\/v2\/product"}],"about":[{"href":"https:\/\/editura-unibuc.ro\/en\/wp-json\/wp\/v2\/types\/product"}],"replies":[{"embeddable":true,"href":"https:\/\/editura-unibuc.ro\/en\/wp-json\/wp\/v2\/comments?post=16547"}],"wp:featuredmedia":[{"embeddable":true,"href":"https:\/\/editura-unibuc.ro\/en\/wp-json\/wp\/v2\/media\/16548"}],"wp:attachment":[{"href":"https:\/\/editura-unibuc.ro\/en\/wp-json\/wp\/v2\/media?parent=16547"}],"wp:term":[{"taxonomy":"product_brand","embeddable":true,"href":"https:\/\/editura-unibuc.ro\/en\/wp-json\/wp\/v2\/product_brand?post=16547"},{"taxonomy":"product_cat","embeddable":true,"href":"https:\/\/editura-unibuc.ro\/en\/wp-json\/wp\/v2\/product_cat?post=16547"},{"taxonomy":"product_tag","embeddable":true,"href":"https:\/\/editura-unibuc.ro\/en\/wp-json\/wp\/v2\/product_tag?post=16547"}],"curies":[{"name":"wp","href":"https:\/\/api.w.org\/{rel}","templated":true}]}}