{"id":16580,"date":"2016-09-08T10:50:19","date_gmt":"2016-09-08T07:50:19","guid":{"rendered":"https:\/\/editura-unibuc.ro\/?post_type=product&#038;p=16580"},"modified":"2016-09-15T14:38:31","modified_gmt":"2016-09-15T11:38:31","slug":"in-honorem-dagmar-maria-anoca","status":"publish","type":"product","link":"https:\/\/editura-unibuc.ro\/en\/in-honorem-dagmar-maria-anoca\/","title":{"rendered":"IN HONOREM DAGMAR MARIA ANOCA"},"content":{"rendered":"<p>Volumul de fa\u021b\u0103 reprezint\u0103 o serie de materiale \u0219tiin\u021bifice consacrate activit\u0103\u021bii \u0219i personalit\u0103\u021bii doamnei conf. dr. Dagmar Maria Anoca cu ocazia anivers\u0103rii a 65 de ani de via\u021b\u0103, materiale semnate at\u00e2t de colegi din Rom\u00e2nia, de la Universitatea din Bucure\u0219ti \u0219i din alte centre universitare, c\u00e2t \u0219i de colegi universitari din alte centre academice, cu deosebire din Slovacia.<br \/>\nPoet\u0103, traduc\u0103toare, critic \u0219i istoric literar \u0219i, nu \u00een ultimul r\u00eend, profesor universitar, Dagmar Maria Anoca s-a remarcat printr-o activitate prestigioas\u0103 \u00een toate aceste domenii, fiind o voce autorizat\u0103 \u00een ceea ce prive\u0219te receptarea culturii slovace \u00een Rom\u00e2nia. Este considerat\u0103, \u00een acest sens, una din personalit\u0103\u021bile de marc\u0103 ale slovacisticii contemporane, un \u00eentemeietor de \u0219coal\u0103 pentru slovacistica rom\u00e2neasc\u0103.<br \/>\n<\/p>","protected":false},"excerpt":{"rendered":"<p>Volumul de fa\u021b\u0103 reprezint\u0103 o serie de materiale \u0219tiin\u021bifice consacrate activit\u0103\u021bii \u0219i personalit\u0103\u021bii doamnei conf. dr. Dagmar Maria Anoca cu ocazia anivers\u0103rii a 65 de ani de via\u021b\u0103, materiale semnate at\u00e2t de colegi din Rom\u00e2nia, de la Universitatea din Bucure\u0219ti \u0219i din alte centre universitare, c\u00e2t \u0219i de colegi universitari din alte centre academice, cu [&hellip;]<\/p>\n","protected":false},"featured_media":16582,"comment_status":"open","ping_status":"closed","template":"","meta":[],"product_brand":[],"product_cat":[1464,981],"product_tag":[2277,2278,2276,2279],"class_list":{"0":"post-16580","1":"product","2":"type-product","3":"status-publish","4":"has-post-thumbnail","6":"product_cat-filologie","7":"product_cat-limbi-slave","8":"product_tag-antoaneta-olteanu","9":"product_tag-cultura-slovaca","10":"product_tag-dagmar-maria-anoca","11":"product_tag-slovacistica-contemporana","13":"first","14":"outofstock","15":"shipping-taxable","16":"purchasable","17":"product-type-simple"},"_links":{"self":[{"href":"https:\/\/editura-unibuc.ro\/en\/wp-json\/wp\/v2\/product\/16580","targetHints":{"allow":["GET"]}}],"collection":[{"href":"https:\/\/editura-unibuc.ro\/en\/wp-json\/wp\/v2\/product"}],"about":[{"href":"https:\/\/editura-unibuc.ro\/en\/wp-json\/wp\/v2\/types\/product"}],"replies":[{"embeddable":true,"href":"https:\/\/editura-unibuc.ro\/en\/wp-json\/wp\/v2\/comments?post=16580"}],"wp:featuredmedia":[{"embeddable":true,"href":"https:\/\/editura-unibuc.ro\/en\/wp-json\/wp\/v2\/media\/16582"}],"wp:attachment":[{"href":"https:\/\/editura-unibuc.ro\/en\/wp-json\/wp\/v2\/media?parent=16580"}],"wp:term":[{"taxonomy":"product_brand","embeddable":true,"href":"https:\/\/editura-unibuc.ro\/en\/wp-json\/wp\/v2\/product_brand?post=16580"},{"taxonomy":"product_cat","embeddable":true,"href":"https:\/\/editura-unibuc.ro\/en\/wp-json\/wp\/v2\/product_cat?post=16580"},{"taxonomy":"product_tag","embeddable":true,"href":"https:\/\/editura-unibuc.ro\/en\/wp-json\/wp\/v2\/product_tag?post=16580"}],"curies":[{"name":"wp","href":"https:\/\/api.w.org\/{rel}","templated":true}]}}