{"id":1660,"date":"2012-09-06T14:18:16","date_gmt":"2012-09-06T11:18:16","guid":{"rendered":"https:\/\/editura-unibuc.ro\/?p=1660"},"modified":"2015-03-12T22:19:29","modified_gmt":"2015-03-12T20:19:29","slug":"elemente-de-gramatica-limbii-slave-vechi-morfosintaxa-verbului-si-partilor-de-vorbire-neflexibile-partea-ii-a","status":"publish","type":"product","link":"https:\/\/editura-unibuc.ro\/en\/elemente-de-gramatica-limbii-slave-vechi-morfosintaxa-verbului-si-partilor-de-vorbire-neflexibile-partea-ii-a\/","title":{"rendered":"ELEMENTS OF ANCIENT SLAVONIC GRAMMAR. Morfosyntax of the verb and of non-flexible parts of speech. Part II"},"content":{"rendered":"<p>\u201eCel de-al doilea volum al lucr\u0103rii de fa\u021b\u0103 are ca obiect prezentarea morfosintaxei verbului vechi slav \u0219i a p\u0103r\u021bilor de vorbire neflexibile (adverbul, prepozi\u021bia, conjunc\u021bia, interjec\u021bia \u0219i particula). Prev\u0103zut\u0103 cu un num\u0103r suficient de exemple \u0219i fapte de limb\u0103 extrase din textele paleoslave, \u00eendeosebi din cele canonice, lucrarea va fi, sper\u0103m, de utilitate pentru studen\u021bii facult\u0103\u021bilor \u0219i sec\u021biilor de profil filologic \u0219i istoric din universitate, \u00een a c\u0103ror program\u0103 de studiu figureaz\u0103 disciplina slav\u0103 veche si slavon\u0103 rom\u00e2neasc\u0103, pentru masteranzii Facult\u0103\u021bii de Istoria \u0219i Teoria Artei, iar pe un plan mai larg, pentru to\u021bi cei doritori s\u0103-\u0219i \u00eensu\u0219easc\u0103 bazele acestei limbi clasice\u201d.(Autorii)<\/p>\n","protected":false},"excerpt":{"rendered":"<p>\u201eCel de-al doilea volum al lucr\u0103rii de fa\u021b\u0103 are ca obiect prezentarea morfosintaxei verbului vechi slav \u0219i a p\u0103r\u021bilor de vorbire neflexibile (adverbul, prepozi\u021bia, conjunc\u021bia, interjec\u021bia \u0219i particula). Prev\u0103zut\u0103 cu un num\u0103r suficient de exemple \u0219i fapte de limb\u0103 extrase din textele paleoslave, \u00eendeosebi din cele canonice, lucrarea va fi, sper\u0103m, de utilitate pentru studen\u021bii [&hellip;]<\/p>\n","protected":false},"featured_media":11110,"comment_status":"open","ping_status":"closed","template":"","meta":[],"product_brand":[],"product_cat":[1464,981],"product_tag":[1384],"class_list":{"0":"post-1660","1":"product","2":"type-product","3":"status-publish","4":"has-post-thumbnail","6":"product_cat-filologie","7":"product_cat-limbi-slave","8":"product_tag-slava-veche","10":"first","11":"instock","12":"shipping-taxable","13":"purchasable","14":"product-type-simple"},"_links":{"self":[{"href":"https:\/\/editura-unibuc.ro\/en\/wp-json\/wp\/v2\/product\/1660","targetHints":{"allow":["GET"]}}],"collection":[{"href":"https:\/\/editura-unibuc.ro\/en\/wp-json\/wp\/v2\/product"}],"about":[{"href":"https:\/\/editura-unibuc.ro\/en\/wp-json\/wp\/v2\/types\/product"}],"replies":[{"embeddable":true,"href":"https:\/\/editura-unibuc.ro\/en\/wp-json\/wp\/v2\/comments?post=1660"}],"wp:featuredmedia":[{"embeddable":true,"href":"https:\/\/editura-unibuc.ro\/en\/wp-json\/wp\/v2\/media\/11110"}],"wp:attachment":[{"href":"https:\/\/editura-unibuc.ro\/en\/wp-json\/wp\/v2\/media?parent=1660"}],"wp:term":[{"taxonomy":"product_brand","embeddable":true,"href":"https:\/\/editura-unibuc.ro\/en\/wp-json\/wp\/v2\/product_brand?post=1660"},{"taxonomy":"product_cat","embeddable":true,"href":"https:\/\/editura-unibuc.ro\/en\/wp-json\/wp\/v2\/product_cat?post=1660"},{"taxonomy":"product_tag","embeddable":true,"href":"https:\/\/editura-unibuc.ro\/en\/wp-json\/wp\/v2\/product_tag?post=1660"}],"curies":[{"name":"wp","href":"https:\/\/api.w.org\/{rel}","templated":true}]}}