{"id":1664,"date":"2012-09-06T14:24:23","date_gmt":"2012-09-06T11:24:23","guid":{"rendered":"https:\/\/editura-unibuc.ro\/?p=1664"},"modified":"2015-03-12T22:18:39","modified_gmt":"2015-03-12T20:18:39","slug":"afinitati-imagine-text-ii","status":"publish","type":"product","link":"https:\/\/editura-unibuc.ro\/en\/afinitati-imagine-text-ii\/","title":{"rendered":"IMAGE \u2013 TEXT AFFINITIES II"},"content":{"rendered":"<p>Colectivul de literatur\u0103 comparat\u0103 din Facultatea de Litere organizeaz\u0103, \u00eencep\u00e2nd din 2004, sesiuni de comunic\u0103ri \u0219i studii de literatur\u0103 comparat\u0103, iconologie \u0219i ekphrastic\u0103 destinate \u00een primul r\u00e2nd studen\u021bilor. Este, de altfel, singura manifestare de acest gen din Facultate, care \u00ee\u0219i propune crearea unui climat favorabil cercet\u0103rii \u0219i aprofund\u0103rii unei problematici specifice comparatismului, arie cu larg ecou \u00een r\u00e2ndul studen\u021bilor. Majoritatea lucr\u0103rilor prezentate la sesiunile de comunic\u0103ri organizate de colectivul de literatur\u0103 comparat\u0103 au fost puncte de pornire pentru teze de licen\u021b\u0103 \u0219i dizerta\u021bii valoroase, sau nuclee ale unor lucr\u0103ri de doctorat. La citirea cuprinsului, se va remarca dispunerea studiilor \u00een dou\u0103 sec\u021biuni: \u201cMae\u0219tri \u0219i discipoli\u201d \u0219i \u201cStudii de iconologie\u201d \u2013 incluz\u00e2nd o selec\u021bie a comunic\u0103rilor din 2009 \u0219i 2008.<\/p>","protected":false},"excerpt":{"rendered":"<p>Colectivul de literatur\u0103 comparat\u0103 din Facultatea de Litere organizeaz\u0103, \u00eencep\u00e2nd din 2004, sesiuni de comunic\u0103ri \u0219i studii de literatur\u0103 comparat\u0103, iconologie \u0219i ekphrastic\u0103 destinate \u00een primul r\u00e2nd studen\u021bilor. Este, de altfel, singura manifestare de acest gen din Facultate, care \u00ee\u0219i propune crearea unui climat favorabil cercet\u0103rii \u0219i aprofund\u0103rii unei problematici specifice comparatismului, arie cu larg [&hellip;]<\/p>\n","protected":false},"featured_media":11107,"comment_status":"open","ping_status":"closed","template":"","meta":[],"product_brand":[],"product_cat":[1464,979],"product_tag":[1344,1184,925],"class_list":{"0":"post-1664","1":"product","2":"type-product","3":"status-publish","4":"has-post-thumbnail","6":"product_cat-filologie","7":"product_cat-limba-romana","8":"product_tag-imagine","9":"product_tag-litere","10":"product_tag-romana","12":"first","13":"instock","14":"shipping-taxable","15":"purchasable","16":"product-type-simple"},"_links":{"self":[{"href":"https:\/\/editura-unibuc.ro\/en\/wp-json\/wp\/v2\/product\/1664","targetHints":{"allow":["GET"]}}],"collection":[{"href":"https:\/\/editura-unibuc.ro\/en\/wp-json\/wp\/v2\/product"}],"about":[{"href":"https:\/\/editura-unibuc.ro\/en\/wp-json\/wp\/v2\/types\/product"}],"replies":[{"embeddable":true,"href":"https:\/\/editura-unibuc.ro\/en\/wp-json\/wp\/v2\/comments?post=1664"}],"wp:featuredmedia":[{"embeddable":true,"href":"https:\/\/editura-unibuc.ro\/en\/wp-json\/wp\/v2\/media\/11107"}],"wp:attachment":[{"href":"https:\/\/editura-unibuc.ro\/en\/wp-json\/wp\/v2\/media?parent=1664"}],"wp:term":[{"taxonomy":"product_brand","embeddable":true,"href":"https:\/\/editura-unibuc.ro\/en\/wp-json\/wp\/v2\/product_brand?post=1664"},{"taxonomy":"product_cat","embeddable":true,"href":"https:\/\/editura-unibuc.ro\/en\/wp-json\/wp\/v2\/product_cat?post=1664"},{"taxonomy":"product_tag","embeddable":true,"href":"https:\/\/editura-unibuc.ro\/en\/wp-json\/wp\/v2\/product_tag?post=1664"}],"curies":[{"name":"wp","href":"https:\/\/api.w.org\/{rel}","templated":true}]}}