{"id":16679,"date":"2016-09-27T14:47:37","date_gmt":"2016-09-27T11:47:37","guid":{"rendered":"https:\/\/editura-unibuc.ro\/?post_type=product&#038;p=16679"},"modified":"2016-09-27T14:47:37","modified_gmt":"2016-09-27T11:47:37","slug":"lexic-japonez-specializat-nivel-mediu","status":"publish","type":"product","link":"https:\/\/editura-unibuc.ro\/en\/lexic-japonez-specializat-nivel-mediu\/","title":{"rendered":"LEXIC JAPONEZ SPECIALIZAT \u2013 NIVEL MEDIU"},"content":{"rendered":"<p>Volumul se adreseaz\u0103 studen\u0163ilor, elevilor sau celor care au deja un nivel \u00eencep\u0103tor spre mediu \u00een ceea ce prive\u015fte limba japonez\u0103 (aproximativ 400-600 ore), pentru extensia vocabularului necesar \u00een\u0163elegerii unei conversa\u0163ii desf\u0103\u015furate \u00eentr-un mediu specializat, \u00een care apar termeni din domeniile: matematicii, fizicii, medical etc. <\/p>\n","protected":false},"excerpt":{"rendered":"<p>Volumul se adreseaz\u0103 studen\u0163ilor, elevilor sau celor care au deja un nivel \u00eencep\u0103tor spre mediu \u00een ceea ce prive\u015fte limba japonez\u0103 (aproximativ 400-600 ore), pentru extensia vocabularului necesar \u00een\u0163elegerii unei conversa\u0163ii desf\u0103\u015furate \u00eentr-un mediu specializat, \u00een care apar termeni din domeniile: matematicii, fizicii, medical etc.<\/p>\n","protected":false},"featured_media":16680,"comment_status":"open","ping_status":"closed","template":"","meta":[],"product_brand":[],"product_cat":[1464,980],"product_tag":[2089,1694,1835,1836],"class_list":{"0":"post-16679","1":"product","2":"type-product","3":"status-publish","4":"has-post-thumbnail","6":"product_cat-filologie","7":"product_cat-limbi-romanice-clasice-si-orientale","8":"product_tag-hiroaki-chijiiwa","9":"product_tag-lexic-japonez","10":"product_tag-limba-japoneza","11":"product_tag-ruxandra-oana-raianu","13":"first","14":"instock","15":"shipping-taxable","16":"purchasable","17":"product-type-simple"},"_links":{"self":[{"href":"https:\/\/editura-unibuc.ro\/en\/wp-json\/wp\/v2\/product\/16679","targetHints":{"allow":["GET"]}}],"collection":[{"href":"https:\/\/editura-unibuc.ro\/en\/wp-json\/wp\/v2\/product"}],"about":[{"href":"https:\/\/editura-unibuc.ro\/en\/wp-json\/wp\/v2\/types\/product"}],"replies":[{"embeddable":true,"href":"https:\/\/editura-unibuc.ro\/en\/wp-json\/wp\/v2\/comments?post=16679"}],"wp:featuredmedia":[{"embeddable":true,"href":"https:\/\/editura-unibuc.ro\/en\/wp-json\/wp\/v2\/media\/16680"}],"wp:attachment":[{"href":"https:\/\/editura-unibuc.ro\/en\/wp-json\/wp\/v2\/media?parent=16679"}],"wp:term":[{"taxonomy":"product_brand","embeddable":true,"href":"https:\/\/editura-unibuc.ro\/en\/wp-json\/wp\/v2\/product_brand?post=16679"},{"taxonomy":"product_cat","embeddable":true,"href":"https:\/\/editura-unibuc.ro\/en\/wp-json\/wp\/v2\/product_cat?post=16679"},{"taxonomy":"product_tag","embeddable":true,"href":"https:\/\/editura-unibuc.ro\/en\/wp-json\/wp\/v2\/product_tag?post=16679"}],"curies":[{"name":"wp","href":"https:\/\/api.w.org\/{rel}","templated":true}]}}