{"id":1668,"date":"2012-09-06T14:30:46","date_gmt":"2012-09-06T11:30:46","guid":{"rendered":"https:\/\/editura-unibuc.ro\/?p=1668"},"modified":"2019-05-24T13:30:05","modified_gmt":"2019-05-24T10:30:05","slug":"lesson-planning-good-practices","status":"publish","type":"product","link":"https:\/\/editura-unibuc.ro\/en\/lesson-planning-good-practices\/","title":{"rendered":"LESSON PLANNING. GOOD PRACTICES"},"content":{"rendered":"<p>Edi\u021bia bilingv\u0103 a acestui ghid de alc\u0103tuire a lec\u021biilor este menit a sprijini studen\u021bii Facult\u0103\u021bilor de limbi str\u0103ine, viitori profesori, \u00een sarcina de alc\u0103tui lec\u021bii bine puse la punct \u0219i de a contribui la evolu\u021bia sistemelor moderne de educa\u021bie. Metodologie, comunicare, argumenta\u021bie, toate acestea fac parte din arsenalul conceptual al ghidului propus aici de c\u0103tre autoare.<\/p>\n","protected":false},"excerpt":{"rendered":"<p>Edi\u021bia bilingv\u0103 a acestui ghid de alc\u0103tuire a lec\u021biilor este menit a sprijini studen\u021bii Facult\u0103\u021bilor de limbi str\u0103ine, viitori profesori, \u00een sarcina de alc\u0103tui lec\u021bii bine puse la punct \u0219i de a contribui la evolu\u021bia sistemelor moderne de educa\u021bie. Metodologie, comunicare, argumenta\u021bie, toate acestea fac parte din arsenalul conceptual al ghidului propus aici de c\u0103tre [&hellip;]<\/p>\n","protected":false},"featured_media":11104,"comment_status":"open","ping_status":"closed","template":"","meta":[],"product_brand":[],"product_cat":[1464,976],"product_tag":[1170,926],"class_list":{"0":"post-1668","1":"product","2":"type-product","3":"status-publish","4":"has-post-thumbnail","6":"product_cat-filologie","7":"product_cat-limba-engleza","8":"product_tag-educatie","9":"product_tag-engleza","11":"first","12":"outofstock","13":"shipping-taxable","14":"purchasable","15":"product-type-simple"},"_links":{"self":[{"href":"https:\/\/editura-unibuc.ro\/en\/wp-json\/wp\/v2\/product\/1668","targetHints":{"allow":["GET"]}}],"collection":[{"href":"https:\/\/editura-unibuc.ro\/en\/wp-json\/wp\/v2\/product"}],"about":[{"href":"https:\/\/editura-unibuc.ro\/en\/wp-json\/wp\/v2\/types\/product"}],"replies":[{"embeddable":true,"href":"https:\/\/editura-unibuc.ro\/en\/wp-json\/wp\/v2\/comments?post=1668"}],"wp:featuredmedia":[{"embeddable":true,"href":"https:\/\/editura-unibuc.ro\/en\/wp-json\/wp\/v2\/media\/11104"}],"wp:attachment":[{"href":"https:\/\/editura-unibuc.ro\/en\/wp-json\/wp\/v2\/media?parent=1668"}],"wp:term":[{"taxonomy":"product_brand","embeddable":true,"href":"https:\/\/editura-unibuc.ro\/en\/wp-json\/wp\/v2\/product_brand?post=1668"},{"taxonomy":"product_cat","embeddable":true,"href":"https:\/\/editura-unibuc.ro\/en\/wp-json\/wp\/v2\/product_cat?post=1668"},{"taxonomy":"product_tag","embeddable":true,"href":"https:\/\/editura-unibuc.ro\/en\/wp-json\/wp\/v2\/product_tag?post=1668"}],"curies":[{"name":"wp","href":"https:\/\/api.w.org\/{rel}","templated":true}]}}