{"id":16683,"date":"2016-09-27T14:51:02","date_gmt":"2016-09-27T11:51:02","guid":{"rendered":"https:\/\/editura-unibuc.ro\/?post_type=product&#038;p=16683"},"modified":"2020-06-24T11:50:29","modified_gmt":"2020-06-24T08:50:29","slug":"chimie-organica-compusi-biologic-activi-lucrari-practice-ed-a-ii-a","status":"publish","type":"product","link":"https:\/\/editura-unibuc.ro\/en\/chimie-organica-compusi-biologic-activi-lucrari-practice-ed-a-ii-a\/","title":{"rendered":"CHIMIE ORGANIC\u0102. COMPU\u015eI BIOLOGIC ACTIVI. LUCR\u0102RI PRACTICE. ED. A II-A"},"content":{"rendered":"<p>Acest caiet de lucr\u0103ri practice se adreseaz\u0103 studen\u0163ilor din anul II \u015fi III de la specializarea Chimie \u015fi Biochimie din cadrul Facult\u0103\u0163ii de Chimie, Universitatea din Bucure\u015fti, fiind un material didactic de chimie organic\u0103. <\/p>\n","protected":false},"excerpt":{"rendered":"<p>Acest caiet de lucr\u0103ri practice se adreseaz\u0103 studen\u0163ilor din anul II \u015fi III de la specializarea Chimie \u015fi Biochimie din cadrul Facult\u0103\u0163ii de Chimie, Universitatea din Bucure\u015fti, fiind un material didactic de chimie organic\u0103.<\/p>\n","protected":false},"featured_media":16684,"comment_status":"open","ping_status":"closed","template":"","meta":[],"product_brand":[],"product_cat":[982,983],"product_tag":[2291,2290,2288,1314,2284,2292,2285,2287,2289,2286,2293],"class_list":{"0":"post-16683","1":"product","2":"type-product","3":"status-publish","4":"has-post-thumbnail","6":"product_cat-stiinte-exacte","7":"product_cat-chimie","8":"product_tag-acizi-nucleici","9":"product_tag-alcaloizi","10":"product_tag-aminoacizi","11":"product_tag-chimie-organica","12":"product_tag-christina-marie-zalaru","13":"product_tag-coloranti","14":"product_tag-compusi-biologic-activi","15":"product_tag-glucide","16":"product_tag-proteine","17":"product_tag-stereochimie","18":"product_tag-vitamine","20":"first","21":"outofstock","22":"shipping-taxable","23":"purchasable","24":"product-type-simple"},"_links":{"self":[{"href":"https:\/\/editura-unibuc.ro\/en\/wp-json\/wp\/v2\/product\/16683","targetHints":{"allow":["GET"]}}],"collection":[{"href":"https:\/\/editura-unibuc.ro\/en\/wp-json\/wp\/v2\/product"}],"about":[{"href":"https:\/\/editura-unibuc.ro\/en\/wp-json\/wp\/v2\/types\/product"}],"replies":[{"embeddable":true,"href":"https:\/\/editura-unibuc.ro\/en\/wp-json\/wp\/v2\/comments?post=16683"}],"wp:featuredmedia":[{"embeddable":true,"href":"https:\/\/editura-unibuc.ro\/en\/wp-json\/wp\/v2\/media\/16684"}],"wp:attachment":[{"href":"https:\/\/editura-unibuc.ro\/en\/wp-json\/wp\/v2\/media?parent=16683"}],"wp:term":[{"taxonomy":"product_brand","embeddable":true,"href":"https:\/\/editura-unibuc.ro\/en\/wp-json\/wp\/v2\/product_brand?post=16683"},{"taxonomy":"product_cat","embeddable":true,"href":"https:\/\/editura-unibuc.ro\/en\/wp-json\/wp\/v2\/product_cat?post=16683"},{"taxonomy":"product_tag","embeddable":true,"href":"https:\/\/editura-unibuc.ro\/en\/wp-json\/wp\/v2\/product_tag?post=16683"}],"curies":[{"name":"wp","href":"https:\/\/api.w.org\/{rel}","templated":true}]}}