{"id":16685,"date":"2016-09-27T14:56:56","date_gmt":"2016-09-27T11:56:56","guid":{"rendered":"https:\/\/editura-unibuc.ro\/?post_type=product&#038;p=16685"},"modified":"2025-03-13T12:31:21","modified_gmt":"2025-03-13T10:31:21","slug":"romanoslavica-vol-li-nr-4","status":"publish","type":"product","link":"https:\/\/editura-unibuc.ro\/en\/romanoslavica-vol-li-nr-4\/","title":{"rendered":"ROMANOSLAVICA Vol. LI, nr. 4"},"content":{"rendered":"<p>\u201eLiteratura rus\u0103 \u015fi transferul cultural\u201d \u2013 Conferin\u0163\u0103 consacrat\u0103 anului Interna\u0163ional al Literaturii ruse, organizat\u0103 pe 5 iunie 2015 de c\u0103tre Departamentul de filologie rus\u0103 \u015fi slav\u0103 al Facult\u0103\u0163ii de Limbi \u015fi Literaturi Str\u0103ine.<\/p>\n","protected":false},"excerpt":{"rendered":"<p>\u201eLiteratura rus\u0103 \u015fi transferul cultural\u201d \u2013 Conferin\u0163\u0103 consacrat\u0103 anului Interna\u0163ional al Literaturii ruse, organizat\u0103 pe 5 iunie 2015 de c\u0103tre Departamentul de filologie rus\u0103 \u015fi slav\u0103 al Facult\u0103\u0163ii de Limbi \u015fi Literaturi Str\u0103ine.<\/p>\n","protected":false},"featured_media":16978,"comment_status":"open","ping_status":"closed","template":"","meta":[],"product_brand":[],"product_cat":[3823,1891,1464,981,1469,1893],"product_tag":[2324,1338],"class_list":{"0":"post-16685","1":"product","2":"type-product","3":"status-publish","4":"has-post-thumbnail","6":"product_cat-stiinte-umane","7":"product_cat-download","8":"product_cat-filologie","9":"product_cat-limbi-slave","10":"product_cat-periodice","11":"product_cat-reviste-academice","12":"product_tag-asociatia-slavistilor-din-romania","13":"product_tag-romanoslavica","15":"first","16":"instock","17":"downloadable","18":"virtual","19":"product-type-simple"},"_links":{"self":[{"href":"https:\/\/editura-unibuc.ro\/en\/wp-json\/wp\/v2\/product\/16685","targetHints":{"allow":["GET"]}}],"collection":[{"href":"https:\/\/editura-unibuc.ro\/en\/wp-json\/wp\/v2\/product"}],"about":[{"href":"https:\/\/editura-unibuc.ro\/en\/wp-json\/wp\/v2\/types\/product"}],"replies":[{"embeddable":true,"href":"https:\/\/editura-unibuc.ro\/en\/wp-json\/wp\/v2\/comments?post=16685"}],"wp:featuredmedia":[{"embeddable":true,"href":"https:\/\/editura-unibuc.ro\/en\/wp-json\/wp\/v2\/media\/16978"}],"wp:attachment":[{"href":"https:\/\/editura-unibuc.ro\/en\/wp-json\/wp\/v2\/media?parent=16685"}],"wp:term":[{"taxonomy":"product_brand","embeddable":true,"href":"https:\/\/editura-unibuc.ro\/en\/wp-json\/wp\/v2\/product_brand?post=16685"},{"taxonomy":"product_cat","embeddable":true,"href":"https:\/\/editura-unibuc.ro\/en\/wp-json\/wp\/v2\/product_cat?post=16685"},{"taxonomy":"product_tag","embeddable":true,"href":"https:\/\/editura-unibuc.ro\/en\/wp-json\/wp\/v2\/product_tag?post=16685"}],"curies":[{"name":"wp","href":"https:\/\/api.w.org\/{rel}","templated":true}]}}