{"id":1672,"date":"2012-09-06T14:37:26","date_gmt":"2012-09-06T11:37:26","guid":{"rendered":"https:\/\/editura-unibuc.ro\/?p=1672"},"modified":"2015-03-12T22:16:59","modified_gmt":"2015-03-12T20:16:59","slug":"transparenta-ermetica","status":"publish","type":"product","link":"https:\/\/editura-unibuc.ro\/en\/transparenta-ermetica\/","title":{"rendered":"HERMETIC TRANSPARENCY"},"content":{"rendered":"<p>Lucrarea <em>Transparen\u021ba ermetic\u0103<\/em>, de Sebastian Grama, este ultima parte a unei trilogii cuprinz\u00e2nd deopotriv\u0103 <em>Letal. Vital. Verbal <\/em>\u0219i <em>Erotica semnifica\u021biei<\/em> (ap\u0103rute la Editura Universit\u0103\u021bii din Bucure\u0219ti \u00een anul 2010). Este vorba despre o lucrare c\u0103ut\u00e2nd s\u0103 aduc\u0103 \u00een spa\u021biul personal o problem\u0103 aparent abstract\u0103, veche \u0219i \u00eenrudit\u0103 cu multe altele ce \u201cmuncesc\u201d istoria spiritual\u0103 a Europei. Situarea, prin tradi\u021bie, sub o paradigm\u0103 cultural\u0103 centrat\u0103 \u00een sens na\u0219te \u00eentreb\u0103ri grave privind \u0219ansele de men\u021binere \u00een via\u021b\u0103 a unui discurs pentru care obiectul tinde congenital a se desprinde de imediatul existen\u021bei, de ceea ce este ca dat vital. Limbajul culturii europene apare astfel ca perpetua promisiune a unei realit\u0103\u021bi a c\u0103rei efectiv\u0103 intimitate cu discursul ar fi echivalent\u0103 imploziei, dispari\u021biei <em>de facto<\/em> a celui din urm\u0103. \u00cen consecin\u021b\u0103, voca\u021bia tragic\u0103 a filosofiei \u00een aceast\u0103 formul\u0103 (dep\u0103\u0219ind deosebirile de \u201cdirec\u021bie\u201d, \u201cstilurile\u201d, modul determinat al exerci\u021biului) \u021bine de \u00eens\u0103\u0219i <em>criza<\/em> deta\u0219\u00e2nd cuv\u00e2ntul de corp, de lume. <em>Transparen\u021ba ermetic\u0103<\/em> \u00eencearc\u0103 s\u0103 restituie calea pe care g\u00e2ndul este condus c\u0103tre propria sa margine de aceast\u0103 indispensabil\u0103 \u0219i feroce c\u0103l\u0103uz\u0103 numit\u0103 <em>filosofie<\/em>. Mereu p\u00e2n\u0103 \u00een pragul (ermetic al) semnificatului unui semnificant imagin\u00e2ndu-se autosuficient.<\/p>\n<p>Scris\u0103 pe un ton mai degrab\u0103 mimat eseistic, nerefuz\u00e2ndu-\u0219i un lexic mai amplu dec\u00e2t ne-au obi\u0219nuit studiile \u0219tiin\u021bifice \u00een cheie \u201cclasic\u0103\u201d, prezenta carte \u00ee\u0219i propune s\u0103 antreneze \u00een jocul lecturii nu doar ochiul cercet\u0103torului distant, ci privirea cititorului chemat a se recunoa\u0219te \u00eentreg \u00een labirintul tematic desf\u0103\u0219urat \u201cpe viu\u201d \u00een fa\u021ba sa.<\/p>\n","protected":false},"excerpt":{"rendered":"<p>Lucrarea Transparen\u021ba ermetic\u0103, de Sebastian Grama, este ultima parte a unei trilogii cuprinz\u00e2nd deopotriv\u0103 Letal. Vital. Verbal \u0219i Erotica semnifica\u021biei (ap\u0103rute la Editura Universit\u0103\u021bii din Bucure\u0219ti \u00een anul 2010). Este vorba despre o lucrare c\u0103ut\u00e2nd s\u0103 aduc\u0103 \u00een spa\u021biul personal o problem\u0103 aparent abstract\u0103, veche \u0219i \u00eenrudit\u0103 cu multe altele ce \u201cmuncesc\u201d istoria spiritual\u0103 a [&hellip;]<\/p>\n","protected":false},"featured_media":11102,"comment_status":"open","ping_status":"closed","template":"","meta":[],"product_brand":[],"product_cat":[991,994],"product_tag":[921],"class_list":{"0":"post-1672","1":"product","2":"type-product","3":"status-publish","4":"has-post-thumbnail","6":"product_cat-stiinte-sociale","7":"product_cat-filosofie","8":"product_tag-filosofie","10":"first","11":"instock","12":"shipping-taxable","13":"purchasable","14":"product-type-simple"},"_links":{"self":[{"href":"https:\/\/editura-unibuc.ro\/en\/wp-json\/wp\/v2\/product\/1672","targetHints":{"allow":["GET"]}}],"collection":[{"href":"https:\/\/editura-unibuc.ro\/en\/wp-json\/wp\/v2\/product"}],"about":[{"href":"https:\/\/editura-unibuc.ro\/en\/wp-json\/wp\/v2\/types\/product"}],"replies":[{"embeddable":true,"href":"https:\/\/editura-unibuc.ro\/en\/wp-json\/wp\/v2\/comments?post=1672"}],"wp:featuredmedia":[{"embeddable":true,"href":"https:\/\/editura-unibuc.ro\/en\/wp-json\/wp\/v2\/media\/11102"}],"wp:attachment":[{"href":"https:\/\/editura-unibuc.ro\/en\/wp-json\/wp\/v2\/media?parent=1672"}],"wp:term":[{"taxonomy":"product_brand","embeddable":true,"href":"https:\/\/editura-unibuc.ro\/en\/wp-json\/wp\/v2\/product_brand?post=1672"},{"taxonomy":"product_cat","embeddable":true,"href":"https:\/\/editura-unibuc.ro\/en\/wp-json\/wp\/v2\/product_cat?post=1672"},{"taxonomy":"product_tag","embeddable":true,"href":"https:\/\/editura-unibuc.ro\/en\/wp-json\/wp\/v2\/product_tag?post=1672"}],"curies":[{"name":"wp","href":"https:\/\/api.w.org\/{rel}","templated":true}]}}