{"id":1676,"date":"2012-09-06T14:42:37","date_gmt":"2012-09-06T11:42:37","guid":{"rendered":"https:\/\/editura-unibuc.ro\/?p=1676"},"modified":"2025-08-07T10:26:05","modified_gmt":"2025-08-07T07:26:05","slug":"probleme-de-frazeologie","status":"publish","type":"product","link":"https:\/\/editura-unibuc.ro\/en\/probleme-de-frazeologie\/","title":{"rendered":"QUESTIONS OF PHRASEOLOGY"},"content":{"rendered":"<p>\u201c[\u2026] am considerat util s\u0103 pun la dispozi\u021bia celor interesa\u021bi, cu prec\u0103dere studen\u021bilor care urmeaz\u0103 studii aprofundate \u00een lingvistic\u0103, un volum care s\u0103 reuneasc\u0103 o serie de studii, articole \u0219i note de frazeologie rom\u00e2neasc\u0103, pe care le-am publicat de-a lungul timpului \u00een diferite reviste de specialitate sau \u00een volumele colective ale unor colocvii sau simpozioane, \u00een care sunt abordate cele mai diverse probleme de frazeologie, de la constituirea frazeologiei ca disciplin\u0103 lingvistic\u0103, p\u00e2n\u0103 la tipologia unit\u0103\u021bilor frazeologice \u0219i la rolul acestora \u00een formarea cuvintelor.\u201d (Liviu Groza)<\/p>\n","protected":false},"excerpt":{"rendered":"<p>\u201c[\u2026] am considerat util s\u0103 pun la dispozi\u021bia celor interesa\u021bi, cu prec\u0103dere studen\u021bilor care urmeaz\u0103 studii aprofundate \u00een lingvistic\u0103, un volum care s\u0103 reuneasc\u0103 o serie de studii, articole \u0219i note de frazeologie rom\u00e2neasc\u0103, pe care le-am publicat de-a lungul timpului \u00een diferite reviste de specialitate sau \u00een volumele colective ale unor colocvii sau simpozioane, [&hellip;]<\/p>\n","protected":false},"featured_media":11099,"comment_status":"open","ping_status":"closed","template":"","meta":[],"product_brand":[],"product_cat":[1464,979],"product_tag":[1183,925],"class_list":{"0":"post-1676","1":"product","2":"type-product","3":"status-publish","4":"has-post-thumbnail","6":"product_cat-filologie","7":"product_cat-limba-romana","8":"product_tag-frazeologie","9":"product_tag-romana","11":"first","12":"instock","13":"shipping-taxable","14":"purchasable","15":"product-type-simple"},"_links":{"self":[{"href":"https:\/\/editura-unibuc.ro\/en\/wp-json\/wp\/v2\/product\/1676","targetHints":{"allow":["GET"]}}],"collection":[{"href":"https:\/\/editura-unibuc.ro\/en\/wp-json\/wp\/v2\/product"}],"about":[{"href":"https:\/\/editura-unibuc.ro\/en\/wp-json\/wp\/v2\/types\/product"}],"replies":[{"embeddable":true,"href":"https:\/\/editura-unibuc.ro\/en\/wp-json\/wp\/v2\/comments?post=1676"}],"wp:featuredmedia":[{"embeddable":true,"href":"https:\/\/editura-unibuc.ro\/en\/wp-json\/wp\/v2\/media\/11099"}],"wp:attachment":[{"href":"https:\/\/editura-unibuc.ro\/en\/wp-json\/wp\/v2\/media?parent=1676"}],"wp:term":[{"taxonomy":"product_brand","embeddable":true,"href":"https:\/\/editura-unibuc.ro\/en\/wp-json\/wp\/v2\/product_brand?post=1676"},{"taxonomy":"product_cat","embeddable":true,"href":"https:\/\/editura-unibuc.ro\/en\/wp-json\/wp\/v2\/product_cat?post=1676"},{"taxonomy":"product_tag","embeddable":true,"href":"https:\/\/editura-unibuc.ro\/en\/wp-json\/wp\/v2\/product_tag?post=1676"}],"curies":[{"name":"wp","href":"https:\/\/api.w.org\/{rel}","templated":true}]}}