{"id":16836,"date":"2016-10-12T18:17:24","date_gmt":"2016-10-12T15:17:24","guid":{"rendered":"https:\/\/editura-unibuc.ro\/?post_type=product&#038;p=16836"},"modified":"2016-10-12T18:17:24","modified_gmt":"2016-10-12T15:17:24","slug":"capita-selecta-iuvenum","status":"publish","type":"product","link":"https:\/\/editura-unibuc.ro\/en\/capita-selecta-iuvenum\/","title":{"rendered":"CAPITA SELECTA IUVENUM"},"content":{"rendered":"<p>Volumul de fa\u021b\u0103 reune\u0219te studii, articole \u0219i mini-edi\u021bii critice alc\u0103tuite de absolven\u021bii Departamentului de Filologie Clasic\u0103 \u0219i Neogreac\u0103 al Facult\u0103\u021bii de Limbi \u0219i Literaturi Str\u0103ine ca lucr\u0103ri de licen\u021b\u0103, de masterat sau ca referate doctorale, dar \u0219i de audien\u021bii acestui Departament, interesa\u021bi de cultura \u0219i filologia clasic\u0103 greco-latin\u0103.<br \/>\nSeria de volume intitulat\u0103 Capita Selecta <em>Iuvenum<\/em> se adreseaz\u0103 nu doar studen\u021bilor clasici\u0219ti, ci \u0219i tinerilor care doresc s\u0103 se ini\u021bieze \u00een filologia \u0219i cultura clasic\u0103, prin abordarea de teme extrem de variate \u0219i de provocatoare, din domenii largi ale Antichit\u0103\u021bii clasice greco-romane precum lexicologia, filosofia, literatura, teosofia etc., ceea ce pledeaz\u0103  o dat\u0103 \u00een plus pentru utilitatea public\u0103rii acestui volum \u00een seria Institutului de Studii Clasice intitulat\u0103 <em>Limbi, Culturi, Identit\u0103\u021bi.<\/em><\/p>\n","protected":false},"excerpt":{"rendered":"<p>Volumul de fa\u021b\u0103 reune\u0219te studii, articole \u0219i mini-edi\u021bii critice alc\u0103tuite de absolven\u021bii Departamentului de Filologie Clasic\u0103 \u0219i Neogreac\u0103 al Facult\u0103\u021bii de Limbi \u0219i Literaturi Str\u0103ine ca lucr\u0103ri de licen\u021b\u0103, de masterat sau ca referate doctorale, dar \u0219i de audien\u021bii acestui Departament, interesa\u021bi de cultura \u0219i filologia clasic\u0103 greco-latin\u0103. Seria de volume intitulat\u0103 Capita Selecta Iuvenum [&hellip;]<\/p>\n","protected":false},"featured_media":16837,"comment_status":"open","ping_status":"closed","template":"","meta":[],"product_brand":[],"product_cat":[1531,856],"product_tag":[2295,890,2294,921,2297,965,1400,919,2296],"class_list":{"0":"post-16836","1":"product","2":"type-product","3":"status-publish","4":"has-post-thumbnail","6":"product_cat-colectii","7":"product_cat-colectia-lci-limbi-culturi-identitati","8":"product_tag-cultura-clasica","9":"product_tag-filologie-clasica","10":"product_tag-filologie-neogreaca","11":"product_tag-filosofie","12":"product_tag-institutul-de-studii-clasice","13":"product_tag-lci","14":"product_tag-lexicologie","15":"product_tag-literatura","16":"product_tag-maria-luiza-dumitru-oancea","18":"first","19":"instock","20":"shipping-taxable","21":"purchasable","22":"product-type-simple"},"_links":{"self":[{"href":"https:\/\/editura-unibuc.ro\/en\/wp-json\/wp\/v2\/product\/16836","targetHints":{"allow":["GET"]}}],"collection":[{"href":"https:\/\/editura-unibuc.ro\/en\/wp-json\/wp\/v2\/product"}],"about":[{"href":"https:\/\/editura-unibuc.ro\/en\/wp-json\/wp\/v2\/types\/product"}],"replies":[{"embeddable":true,"href":"https:\/\/editura-unibuc.ro\/en\/wp-json\/wp\/v2\/comments?post=16836"}],"wp:featuredmedia":[{"embeddable":true,"href":"https:\/\/editura-unibuc.ro\/en\/wp-json\/wp\/v2\/media\/16837"}],"wp:attachment":[{"href":"https:\/\/editura-unibuc.ro\/en\/wp-json\/wp\/v2\/media?parent=16836"}],"wp:term":[{"taxonomy":"product_brand","embeddable":true,"href":"https:\/\/editura-unibuc.ro\/en\/wp-json\/wp\/v2\/product_brand?post=16836"},{"taxonomy":"product_cat","embeddable":true,"href":"https:\/\/editura-unibuc.ro\/en\/wp-json\/wp\/v2\/product_cat?post=16836"},{"taxonomy":"product_tag","embeddable":true,"href":"https:\/\/editura-unibuc.ro\/en\/wp-json\/wp\/v2\/product_tag?post=16836"}],"curies":[{"name":"wp","href":"https:\/\/api.w.org\/{rel}","templated":true}]}}