{"id":16840,"date":"2016-10-12T18:20:25","date_gmt":"2016-10-12T15:20:25","guid":{"rendered":"https:\/\/editura-unibuc.ro\/?post_type=product&#038;p=16840"},"modified":"2016-10-12T18:20:25","modified_gmt":"2016-10-12T15:20:25","slug":"ipostaze-identitare-in-romanele-lui-milan-kundera","status":"publish","type":"product","link":"https:\/\/editura-unibuc.ro\/en\/ipostaze-identitare-in-romanele-lui-milan-kundera\/","title":{"rendered":"IPOSTAZE IDENTITARE \u00ceN ROMANELE LUI MILAN KUNDERA"},"content":{"rendered":"<p>La Kundera are loc o pietrificare reduc\u021bionist\u0103 a fiin\u021bei, printr-un fenomen de a conferi valoare elementului banal, ca urmare a incapabilit\u0103\u021bii de a filtra realitatea. Astfel apare o stare din care fiin\u021ba nu mai poate ie\u0219i, motiv pentru care, spre exemplu, personajele resimt nevoia s\u0103 se \u00eent\u00e2mple ceva, au sentimentul lipsei unei schimb\u0103ri sociale, \u00eens\u0103 se complac \u00een situa\u0163ia existent\u0103. Reduc\u021bia care se manifest\u0103 astfel marcheaz\u0103 o contribu\u021bie a lui Kundera la arta romanului, \u0219i anume la modul cum romanul abordeaz\u0103 procesul degrad\u0103rii valorilor.<\/p>\n","protected":false},"excerpt":{"rendered":"<p>La Kundera are loc o pietrificare reduc\u021bionist\u0103 a fiin\u021bei, printr-un fenomen de a conferi valoare elementului banal, ca urmare a incapabilit\u0103\u021bii de a filtra realitatea. Astfel apare o stare din care fiin\u021ba nu mai poate ie\u0219i, motiv pentru care, spre exemplu, personajele resimt nevoia s\u0103 se \u00eent\u00e2mple ceva, au sentimentul lipsei unei schimb\u0103ri sociale, \u00eens\u0103 [&hellip;]<\/p>\n","protected":false},"featured_media":16841,"comment_status":"open","ping_status":"closed","template":"","meta":[],"product_brand":[],"product_cat":[1464,979,981],"product_tag":[2307,1377,2310,1044,1426,919,1184,2305,2304,2306,2308,2309],"class_list":{"0":"post-16840","1":"product","2":"type-product","3":"status-publish","4":"has-post-thumbnail","6":"product_cat-filologie","7":"product_cat-limba-romana","8":"product_cat-limbi-slave","9":"product_tag-banal","10":"product_tag-estetica","11":"product_tag-eugen-ionesco","12":"product_tag-filologie","13":"product_tag-identitate","14":"product_tag-literatura","15":"product_tag-litere","16":"product_tag-milan-kundera","17":"product_tag-ramona-zavoianu-petrovici","18":"product_tag-realitate","19":"product_tag-roman","20":"product_tag-valori","22":"first","23":"instock","24":"shipping-taxable","25":"purchasable","26":"product-type-simple"},"_links":{"self":[{"href":"https:\/\/editura-unibuc.ro\/en\/wp-json\/wp\/v2\/product\/16840","targetHints":{"allow":["GET"]}}],"collection":[{"href":"https:\/\/editura-unibuc.ro\/en\/wp-json\/wp\/v2\/product"}],"about":[{"href":"https:\/\/editura-unibuc.ro\/en\/wp-json\/wp\/v2\/types\/product"}],"replies":[{"embeddable":true,"href":"https:\/\/editura-unibuc.ro\/en\/wp-json\/wp\/v2\/comments?post=16840"}],"wp:featuredmedia":[{"embeddable":true,"href":"https:\/\/editura-unibuc.ro\/en\/wp-json\/wp\/v2\/media\/16841"}],"wp:attachment":[{"href":"https:\/\/editura-unibuc.ro\/en\/wp-json\/wp\/v2\/media?parent=16840"}],"wp:term":[{"taxonomy":"product_brand","embeddable":true,"href":"https:\/\/editura-unibuc.ro\/en\/wp-json\/wp\/v2\/product_brand?post=16840"},{"taxonomy":"product_cat","embeddable":true,"href":"https:\/\/editura-unibuc.ro\/en\/wp-json\/wp\/v2\/product_cat?post=16840"},{"taxonomy":"product_tag","embeddable":true,"href":"https:\/\/editura-unibuc.ro\/en\/wp-json\/wp\/v2\/product_tag?post=16840"}],"curies":[{"name":"wp","href":"https:\/\/api.w.org\/{rel}","templated":true}]}}