{"id":1689,"date":"2012-09-07T11:28:56","date_gmt":"2012-09-07T08:28:56","guid":{"rendered":"https:\/\/editura-unibuc.ro\/?p=1689"},"modified":"2016-02-18T14:30:47","modified_gmt":"2016-02-18T12:30:47","slug":"introducere-in-studiul-limbii","status":"publish","type":"product","link":"https:\/\/editura-unibuc.ro\/en\/introducere-in-studiul-limbii\/","title":{"rendered":"INTRODUCTION TO THE STUDY OF LANGUAGE"},"content":{"rendered":"<p>Cartea de fa\u021b\u0103 inten\u021bioneaz\u0103 s\u0103 fie o introducere necanonic\u0103 \u00een studiul limbii. Caracterul necanonic \u021bine \u00een primul r\u00e2nd de selectarea temelor tratate, multe care nu apar de obicei \u00een manuale de lingvistic\u0103, \u0219i apoi de maniera de prezentare. Selec\u021bia porne\u0219te de la ideea c\u0103 cel care se intereseaz\u0103 de problemele limbii ar trebui s\u0103 g\u0103seasc\u0103 aici \u0219i r\u0103spunsuri la \u00eentreb\u0103ri pe care ni le punem, de obicei, \u00een leg\u0103tur\u0103 cu limba, cu limbile lumii, dar \u0219i o trecere \u00een revist\u0103 a subiectelor care au fost \u00een aten\u021bia lingvisticii din momentul \u00een care aceasta se manifest\u0103 ca o \u0219tiin\u021b\u0103 de sine st\u0103t\u0103toare. Maniera de prezentare \u00eencearc\u0103 s\u0103 fie ceva mai degajat\u0103, pentru c\u0103 inten\u021bia este de a prezenta tot ce \u021bine de limb\u0103, ca fenomen specific uman, \u0219i de limbi, ca manifest\u0103ri istorice ale fenomenului, ca subiecte susceptibile de a fi discutate \u0219i nu ca adev\u0103ruri definitive.<\/p>","protected":false},"excerpt":{"rendered":"<p>Cartea de fa\u021b\u0103 inten\u021bioneaz\u0103 s\u0103 fie o introducere necanonic\u0103 \u00een studiul limbii. Caracterul necanonic \u021bine \u00een primul r\u00e2nd de selectarea temelor tratate, multe care nu apar de obicei \u00een manuale de lingvistic\u0103, \u0219i apoi de maniera de prezentare. Selec\u021bia porne\u0219te de la ideea c\u0103 cel care se intereseaz\u0103 de problemele limbii ar trebui s\u0103 g\u0103seasc\u0103 [&hellip;]<\/p>\n","protected":false},"featured_media":11097,"comment_status":"open","ping_status":"closed","template":"","meta":[],"product_brand":[],"product_cat":[1464,979],"product_tag":[895],"class_list":{"0":"post-1689","1":"product","2":"type-product","3":"status-publish","4":"has-post-thumbnail","6":"product_cat-filologie","7":"product_cat-limba-romana","8":"product_tag-lingvistica","10":"first","11":"outofstock","12":"shipping-taxable","13":"purchasable","14":"product-type-simple"},"_links":{"self":[{"href":"https:\/\/editura-unibuc.ro\/en\/wp-json\/wp\/v2\/product\/1689","targetHints":{"allow":["GET"]}}],"collection":[{"href":"https:\/\/editura-unibuc.ro\/en\/wp-json\/wp\/v2\/product"}],"about":[{"href":"https:\/\/editura-unibuc.ro\/en\/wp-json\/wp\/v2\/types\/product"}],"replies":[{"embeddable":true,"href":"https:\/\/editura-unibuc.ro\/en\/wp-json\/wp\/v2\/comments?post=1689"}],"wp:featuredmedia":[{"embeddable":true,"href":"https:\/\/editura-unibuc.ro\/en\/wp-json\/wp\/v2\/media\/11097"}],"wp:attachment":[{"href":"https:\/\/editura-unibuc.ro\/en\/wp-json\/wp\/v2\/media?parent=1689"}],"wp:term":[{"taxonomy":"product_brand","embeddable":true,"href":"https:\/\/editura-unibuc.ro\/en\/wp-json\/wp\/v2\/product_brand?post=1689"},{"taxonomy":"product_cat","embeddable":true,"href":"https:\/\/editura-unibuc.ro\/en\/wp-json\/wp\/v2\/product_cat?post=1689"},{"taxonomy":"product_tag","embeddable":true,"href":"https:\/\/editura-unibuc.ro\/en\/wp-json\/wp\/v2\/product_tag?post=1689"}],"curies":[{"name":"wp","href":"https:\/\/api.w.org\/{rel}","templated":true}]}}