{"id":16932,"date":"2016-10-25T16:27:45","date_gmt":"2016-10-25T13:27:45","guid":{"rendered":"https:\/\/editura-unibuc.ro\/?post_type=product&#038;p=16932"},"modified":"2023-11-24T10:09:49","modified_gmt":"2023-11-24T08:09:49","slug":"analele-universitatii-din-bucuresti-filosofie-anul-xlv-nr-12016","status":"publish","type":"product","link":"https:\/\/editura-unibuc.ro\/en\/analele-universitatii-din-bucuresti-filosofie-anul-xlv-nr-12016\/","title":{"rendered":"ANALELE UNIVERSIT\u0102\u0162II DIN BUCURE\u015eTI. Filosofie (Online) Anul LXV, Nr. 1\/2016"},"content":{"rendered":"","protected":false},"excerpt":{"rendered":"","protected":false},"featured_media":16934,"comment_status":"open","ping_status":"closed","template":"","meta":[],"product_brand":[],"product_cat":[3934,1891,1469,1892,991,994],"product_tag":[2317,2319,2314,2315,2318,2316],"class_list":{"0":"post-16932","1":"product","2":"type-product","3":"status-publish","4":"has-post-thumbnail","6":"product_cat-anale-filosofie","7":"product_cat-download","8":"product_cat-periodice","9":"product_cat-anale","10":"product_cat-stiinte-sociale","11":"product_cat-filosofie","12":"product_tag-aesthetics-and-contemporary-art","13":"product_tag-annals","14":"product_tag-epistemology","15":"product_tag-ethics-and-society","16":"product_tag-philosophy","17":"product_tag-pragmatism","19":"first","20":"instock","21":"downloadable","22":"virtual","23":"product-type-simple"},"_links":{"self":[{"href":"https:\/\/editura-unibuc.ro\/en\/wp-json\/wp\/v2\/product\/16932","targetHints":{"allow":["GET"]}}],"collection":[{"href":"https:\/\/editura-unibuc.ro\/en\/wp-json\/wp\/v2\/product"}],"about":[{"href":"https:\/\/editura-unibuc.ro\/en\/wp-json\/wp\/v2\/types\/product"}],"replies":[{"embeddable":true,"href":"https:\/\/editura-unibuc.ro\/en\/wp-json\/wp\/v2\/comments?post=16932"}],"wp:featuredmedia":[{"embeddable":true,"href":"https:\/\/editura-unibuc.ro\/en\/wp-json\/wp\/v2\/media\/16934"}],"wp:attachment":[{"href":"https:\/\/editura-unibuc.ro\/en\/wp-json\/wp\/v2\/media?parent=16932"}],"wp:term":[{"taxonomy":"product_brand","embeddable":true,"href":"https:\/\/editura-unibuc.ro\/en\/wp-json\/wp\/v2\/product_brand?post=16932"},{"taxonomy":"product_cat","embeddable":true,"href":"https:\/\/editura-unibuc.ro\/en\/wp-json\/wp\/v2\/product_cat?post=16932"},{"taxonomy":"product_tag","embeddable":true,"href":"https:\/\/editura-unibuc.ro\/en\/wp-json\/wp\/v2\/product_tag?post=16932"}],"curies":[{"name":"wp","href":"https:\/\/api.w.org\/{rel}","templated":true}]}}