{"id":1698,"date":"2012-09-07T11:47:29","date_gmt":"2012-09-07T08:47:29","guid":{"rendered":"https:\/\/editura-unibuc.ro\/?p=1698"},"modified":"2023-09-07T11:55:31","modified_gmt":"2023-09-07T08:55:31","slug":"cuvintele-remigrante-in-limba-greaca","status":"publish","type":"product","link":"https:\/\/editura-unibuc.ro\/en\/cuvintele-remigrante-in-limba-greaca\/","title":{"rendered":"RE-MIGRATORY TERMS IN GREEK"},"content":{"rendered":"<p>\u201eLucrarea lui Constantin Georgescu trateaz\u0103 un subiect de mare interes la care, p\u00e2n\u0103 \u00een prezent, s-au f\u0103cut doar referiri sporadice. Ea con\u021bine o analiz\u0103 cuprinz\u0103toare, chiar exhaustiv\u0103, at\u00e2t a fenomenului lexical al remigr\u0103rii cuvintelor, \u00eenc\u0103 neabordat \u00een toat\u0103 amploarea \u0219i complexitatea lui, c\u00e2t \u0219i a formelor lui de manifestare concret\u0103 \u00een decursul istoriei de peste dou\u0103 milenii a limbii grece\u0219ti. Reprezint\u0103 un instrument necesar \u00een studierea lexicului limbii grece\u0219ti \u0219i nu numai, \u0219i poate servi ca model \u00een cercet\u0103rile etimologice sub variatele lor aspecte. Ea va interesa at\u00e2t pe filologi, c\u00e2t \u0219i pe cercet\u0103tori ai istoriei culturii europene.\u201d (Prof. dr. Lucia Wald)<\/p>\n<p>\u201eCaracterul particular al circuitului remigrant este explicabil numai \u00een contextul amplu al studierii etimologiei, la nivel teoretic \u0219i ca realitate concret\u0103 a limbii. Cadrul istorico-lingvistic al cercet\u0103rii de fa\u021b\u0103 are dimensiuni maxime, pentru c\u0103 acoper\u0103 \u00een fond \u00eentreaga istorie a limbii grece\u0219ti, de la primele atest\u0103ri, care pot oferi informa\u021bii asupra formei \u0219i con\u021binutului unui cuv\u00e2nt, p\u00e2n\u0103 la \u00eenregistr\u0103rile din prezent, aflate \u00eentr-o dinamic\u0103 lexicografic\u0103 ce impune cert o actualizare continu\u0103 a corpusului de termeni remigran\u021bi.\u201d (Conf. dr. Ioana Costa)<\/p>","protected":false},"excerpt":{"rendered":"<p>\u201eLucrarea lui Constantin Georgescu trateaz\u0103 un subiect de mare interes la care, p\u00e2n\u0103 \u00een prezent, s-au f\u0103cut doar referiri sporadice. Ea con\u021bine o analiz\u0103 cuprinz\u0103toare, chiar exhaustiv\u0103, at\u00e2t a fenomenului lexical al remigr\u0103rii cuvintelor, \u00eenc\u0103 neabordat \u00een toat\u0103 amploarea \u0219i complexitatea lui, c\u00e2t \u0219i a formelor lui de manifestare concret\u0103 \u00een decursul istoriei de peste [&hellip;]<\/p>\n","protected":false},"featured_media":11094,"comment_status":"open","ping_status":"closed","template":"","meta":[],"product_brand":[],"product_cat":[856],"product_tag":[901,895],"class_list":{"0":"post-1698","1":"product","2":"type-product","3":"status-publish","4":"has-post-thumbnail","6":"product_cat-colectia-lci-limbi-culturi-identitati","7":"product_tag-greaca","8":"product_tag-lingvistica","10":"first","11":"outofstock","12":"shipping-taxable","13":"purchasable","14":"product-type-simple"},"_links":{"self":[{"href":"https:\/\/editura-unibuc.ro\/en\/wp-json\/wp\/v2\/product\/1698","targetHints":{"allow":["GET"]}}],"collection":[{"href":"https:\/\/editura-unibuc.ro\/en\/wp-json\/wp\/v2\/product"}],"about":[{"href":"https:\/\/editura-unibuc.ro\/en\/wp-json\/wp\/v2\/types\/product"}],"replies":[{"embeddable":true,"href":"https:\/\/editura-unibuc.ro\/en\/wp-json\/wp\/v2\/comments?post=1698"}],"wp:featuredmedia":[{"embeddable":true,"href":"https:\/\/editura-unibuc.ro\/en\/wp-json\/wp\/v2\/media\/11094"}],"wp:attachment":[{"href":"https:\/\/editura-unibuc.ro\/en\/wp-json\/wp\/v2\/media?parent=1698"}],"wp:term":[{"taxonomy":"product_brand","embeddable":true,"href":"https:\/\/editura-unibuc.ro\/en\/wp-json\/wp\/v2\/product_brand?post=1698"},{"taxonomy":"product_cat","embeddable":true,"href":"https:\/\/editura-unibuc.ro\/en\/wp-json\/wp\/v2\/product_cat?post=1698"},{"taxonomy":"product_tag","embeddable":true,"href":"https:\/\/editura-unibuc.ro\/en\/wp-json\/wp\/v2\/product_tag?post=1698"}],"curies":[{"name":"wp","href":"https:\/\/api.w.org\/{rel}","templated":true}]}}