{"id":16985,"date":"2016-11-01T11:03:37","date_gmt":"2016-11-01T09:03:37","guid":{"rendered":"https:\/\/editura-unibuc.ro\/?post_type=product&#038;p=16985"},"modified":"2025-08-08T09:59:27","modified_gmt":"2025-08-08T06:59:27","slug":"eficacitate-sau-democratie-dileme-filosofice-privind-rolul-institutiilor-politice","status":"publish","type":"product","link":"https:\/\/editura-unibuc.ro\/en\/eficacitate-sau-democratie-dileme-filosofice-privind-rolul-institutiilor-politice\/","title":{"rendered":"EFICACITATE SAU DEMOCRA\u0162IE? DILEME FILOSOFICE PRIVIND ROLUL INSTITU\u0162IILOR POLITICE"},"content":{"rendered":"<p>\u00abComplexitatea situa\u0163iei politice mondiale actuale pare s\u0103 fie referentul unor \u00eencerc\u0103ri normative noi, dat\u0103 fiind condi\u0163ionarea acestora de un empiric inedit. \u00cen aceste circumstan\u0163e, trebuie realizat\u0103 un fel de schi\u0163\u0103 a aranjamentelor institu\u0163ionale democratice care nu numai s\u0103 satisfac\u0103 criterii \u015fi a\u015ftept\u0103ri normative, dar s\u0103 fie adaptate necesit\u0103\u0163ilor unei lumi democratice, de tip extins \u015fi integrator, \u00een acela\u015fi timp.\u00bb<\/p>\n","protected":false},"excerpt":{"rendered":"<p>\u00abComplexitatea situa\u0163iei politice mondiale actuale pare s\u0103 fie referentul unor \u00eencerc\u0103ri normative noi, dat\u0103 fiind condi\u0163ionarea acestora de un empiric inedit. \u00cen aceste circumstan\u0163e, trebuie realizat\u0103 un fel de schi\u0163\u0103 a aranjamentelor institu\u0163ionale democratice care nu numai s\u0103 satisfac\u0103 criterii \u015fi a\u015ftept\u0103ri normative, dar s\u0103 fie adaptate necesit\u0103\u0163ilor unei lumi democratice, de tip extins \u015fi [&hellip;]<\/p>\n","protected":false},"featured_media":16986,"comment_status":"open","ping_status":"closed","template":"","meta":[],"product_brand":[],"product_cat":[991,995],"product_tag":[1024,2327,2328,932],"class_list":{"0":"post-16985","1":"product","2":"type-product","3":"status-publish","4":"has-post-thumbnail","6":"product_cat-stiinte-sociale","7":"product_cat-istorie-stiinte-politice","8":"product_tag-democratie","9":"product_tag-dorina-patrunsu","10":"product_tag-institutii-politice","11":"product_tag-politica","13":"first","14":"outofstock","15":"shipping-taxable","16":"purchasable","17":"product-type-simple"},"_links":{"self":[{"href":"https:\/\/editura-unibuc.ro\/en\/wp-json\/wp\/v2\/product\/16985","targetHints":{"allow":["GET"]}}],"collection":[{"href":"https:\/\/editura-unibuc.ro\/en\/wp-json\/wp\/v2\/product"}],"about":[{"href":"https:\/\/editura-unibuc.ro\/en\/wp-json\/wp\/v2\/types\/product"}],"replies":[{"embeddable":true,"href":"https:\/\/editura-unibuc.ro\/en\/wp-json\/wp\/v2\/comments?post=16985"}],"wp:featuredmedia":[{"embeddable":true,"href":"https:\/\/editura-unibuc.ro\/en\/wp-json\/wp\/v2\/media\/16986"}],"wp:attachment":[{"href":"https:\/\/editura-unibuc.ro\/en\/wp-json\/wp\/v2\/media?parent=16985"}],"wp:term":[{"taxonomy":"product_brand","embeddable":true,"href":"https:\/\/editura-unibuc.ro\/en\/wp-json\/wp\/v2\/product_brand?post=16985"},{"taxonomy":"product_cat","embeddable":true,"href":"https:\/\/editura-unibuc.ro\/en\/wp-json\/wp\/v2\/product_cat?post=16985"},{"taxonomy":"product_tag","embeddable":true,"href":"https:\/\/editura-unibuc.ro\/en\/wp-json\/wp\/v2\/product_tag?post=16985"}],"curies":[{"name":"wp","href":"https:\/\/api.w.org\/{rel}","templated":true}]}}