{"id":16989,"date":"2016-11-01T11:06:27","date_gmt":"2016-11-01T09:06:27","guid":{"rendered":"https:\/\/editura-unibuc.ro\/?post_type=product&#038;p=16989"},"modified":"2020-07-18T16:02:15","modified_gmt":"2020-07-18T13:02:15","slug":"semiologia-puterii","status":"publish","type":"product","link":"https:\/\/editura-unibuc.ro\/en\/semiologia-puterii\/","title":{"rendered":"SEMIOLOGIA PUTERII"},"content":{"rendered":"<p>Puterea este un fenomen antropologic, social, politic \u015fi juridic. Aceast\u0103 carte prezint\u0103 o abordare filologic\u0103 \u00een scopul de a analiza puterea din punct de vedere semiotic \u015fi concep\u0163ional.<\/p>\n","protected":false},"excerpt":{"rendered":"<p>Puterea este un fenomen antropologic, social, politic \u015fi juridic. Aceast\u0103 carte prezint\u0103 o abordare filologic\u0103 \u00een scopul de a analiza puterea din punct de vedere semiotic \u015fi concep\u0163ional.<\/p>\n","protected":false},"featured_media":16990,"comment_status":"open","ping_status":"closed","template":"","meta":[],"product_brand":[],"product_cat":[1464,977,979,980,991,995],"product_tag":[1044,2332,2333,1193],"class_list":{"0":"post-16989","1":"product","2":"type-product","3":"status-publish","4":"has-post-thumbnail","6":"product_cat-filologie","7":"product_cat-limba-franceza","8":"product_cat-limba-romana","9":"product_cat-limbi-romanice-clasice-si-orientale","10":"product_cat-stiinte-sociale","11":"product_cat-istorie-stiinte-politice","12":"product_tag-filologie","13":"product_tag-michael-metzeltin","14":"product_tag-semiologie","15":"product_tag-semiotica","17":"first","18":"outofstock","19":"shipping-taxable","20":"purchasable","21":"product-type-simple"},"_links":{"self":[{"href":"https:\/\/editura-unibuc.ro\/en\/wp-json\/wp\/v2\/product\/16989","targetHints":{"allow":["GET"]}}],"collection":[{"href":"https:\/\/editura-unibuc.ro\/en\/wp-json\/wp\/v2\/product"}],"about":[{"href":"https:\/\/editura-unibuc.ro\/en\/wp-json\/wp\/v2\/types\/product"}],"replies":[{"embeddable":true,"href":"https:\/\/editura-unibuc.ro\/en\/wp-json\/wp\/v2\/comments?post=16989"}],"wp:featuredmedia":[{"embeddable":true,"href":"https:\/\/editura-unibuc.ro\/en\/wp-json\/wp\/v2\/media\/16990"}],"wp:attachment":[{"href":"https:\/\/editura-unibuc.ro\/en\/wp-json\/wp\/v2\/media?parent=16989"}],"wp:term":[{"taxonomy":"product_brand","embeddable":true,"href":"https:\/\/editura-unibuc.ro\/en\/wp-json\/wp\/v2\/product_brand?post=16989"},{"taxonomy":"product_cat","embeddable":true,"href":"https:\/\/editura-unibuc.ro\/en\/wp-json\/wp\/v2\/product_cat?post=16989"},{"taxonomy":"product_tag","embeddable":true,"href":"https:\/\/editura-unibuc.ro\/en\/wp-json\/wp\/v2\/product_tag?post=16989"}],"curies":[{"name":"wp","href":"https:\/\/api.w.org\/{rel}","templated":true}]}}