{"id":16993,"date":"2016-11-01T11:11:41","date_gmt":"2016-11-01T09:11:41","guid":{"rendered":"https:\/\/editura-unibuc.ro\/?post_type=product&#038;p=16993"},"modified":"2025-04-30T12:32:23","modified_gmt":"2025-04-30T09:32:23","slug":"brancoveanu-300-epoca-brancoveneasca-la-orizontul-modernitatii-romanesti","status":"publish","type":"product","link":"https:\/\/editura-unibuc.ro\/en\/brancoveanu-300-epoca-brancoveneasca-la-orizontul-modernitatii-romanesti\/","title":{"rendered":"BR\u00c2NCOVEANU 300: EPOCA BR\u00c2NCOVENEASC\u0102 LA ORIZONTUL MODERNIT\u0102\u0162II ROM\u00c2NE\u015eTI"},"content":{"rendered":"<p>Corpusul de studii reunite \u00een aceast\u0103 lucrare se dore\u0219te a fi \u00een egal\u0103 m\u0103sur\u0103 o contribu\u021bie la efortul de revalorizare a epocii br\u00e2ncovene\u0219ti \u0219i o invita\u021bie la reflec\u021bie asupra unei perioade din istoria rom\u00e2nilor care poate \u00eenc\u0103 s\u0103 arunce lumini interesante asupra evolu\u021biilor ulterioare din spa\u021biul muntean.<\/p>\n","protected":false},"excerpt":{"rendered":"<p>Corpusul de studii reunite \u00een aceast\u0103 lucrare se dore\u0219te a fi \u00een egal\u0103 m\u0103sur\u0103 o contribu\u021bie la efortul de revalorizare a epocii br\u00e2ncovene\u0219ti \u0219i o invita\u021bie la reflec\u021bie asupra unei perioade din istoria rom\u00e2nilor care poate \u00eenc\u0103 s\u0103 arunce lumini interesante asupra evolu\u021biilor ulterioare din spa\u021biul muntean.<\/p>\n","protected":false},"featured_media":16994,"comment_status":"open","ping_status":"closed","template":"","meta":[],"product_brand":[],"product_cat":[991,995],"product_tag":[2338,2121,2339,2340,2343,2342,2341],"class_list":{"0":"post-16993","1":"product","2":"type-product","3":"status-publish","4":"has-post-thumbnail","6":"product_cat-stiinte-sociale","7":"product_cat-istorie-stiinte-politice","8":"product_tag-brancoveanu","9":"product_tag-cultura-romaneasca","10":"product_tag-epoca-brancoveneasca","11":"product_tag-florentina-nitu","12":"product_tag-istorie-romaneasca","13":"product_tag-radu-nedici","14":"product_tag-sarlota-solcan","16":"first","17":"outofstock","18":"shipping-taxable","19":"purchasable","20":"product-type-simple"},"_links":{"self":[{"href":"https:\/\/editura-unibuc.ro\/en\/wp-json\/wp\/v2\/product\/16993","targetHints":{"allow":["GET"]}}],"collection":[{"href":"https:\/\/editura-unibuc.ro\/en\/wp-json\/wp\/v2\/product"}],"about":[{"href":"https:\/\/editura-unibuc.ro\/en\/wp-json\/wp\/v2\/types\/product"}],"replies":[{"embeddable":true,"href":"https:\/\/editura-unibuc.ro\/en\/wp-json\/wp\/v2\/comments?post=16993"}],"wp:featuredmedia":[{"embeddable":true,"href":"https:\/\/editura-unibuc.ro\/en\/wp-json\/wp\/v2\/media\/16994"}],"wp:attachment":[{"href":"https:\/\/editura-unibuc.ro\/en\/wp-json\/wp\/v2\/media?parent=16993"}],"wp:term":[{"taxonomy":"product_brand","embeddable":true,"href":"https:\/\/editura-unibuc.ro\/en\/wp-json\/wp\/v2\/product_brand?post=16993"},{"taxonomy":"product_cat","embeddable":true,"href":"https:\/\/editura-unibuc.ro\/en\/wp-json\/wp\/v2\/product_cat?post=16993"},{"taxonomy":"product_tag","embeddable":true,"href":"https:\/\/editura-unibuc.ro\/en\/wp-json\/wp\/v2\/product_tag?post=16993"}],"curies":[{"name":"wp","href":"https:\/\/api.w.org\/{rel}","templated":true}]}}