{"id":17033,"date":"2016-11-07T09:47:11","date_gmt":"2016-11-07T07:47:11","guid":{"rendered":"https:\/\/editura-unibuc.ro\/?post_type=product&#038;p=17033"},"modified":"2016-11-07T13:33:44","modified_gmt":"2016-11-07T11:33:44","slug":"viata-si-suferintele-pacatosului-sofronie-zhitie-i-stradaniia-greshnago-sofroniia-ed-bilingva","status":"publish","type":"product","link":"https:\/\/editura-unibuc.ro\/en\/viata-si-suferintele-pacatosului-sofronie-zhitie-i-stradaniia-greshnago-sofroniia-ed-bilingva\/","title":{"rendered":"VIA\u0162A \u015eI SUFERIN\u0162ELE P\u0102C\u0102TOSULUI SOFRONIE\/ZHITIE I STRADANIIA GRESHNAGO SOFRONIIA (ed. bilingv\u0103 \u015fi note)"},"content":{"rendered":"<p>Apropierea foarte mare de via\u0163a cultural\u0103 rom\u00e2neasc\u0103 este o tr\u0103s\u0103tur\u0103 cu totul aparte a \u00eenceputurilor literaturii, culturii \u015fi limbii bulgare na\u0163ionale. Stoiko Vladislavov, \u2013 cu numele monahal Sofronie \u015fi supranumele Vraceanski derivat de la Vra\u0163a, localitate \u00een care a fost numit episcop \u2013, a c\u0103rui activitate marcheaz\u0103 \u00eenceputurile rela\u0163iilor culturale bulgaro-rom\u00e2ne (\u015fi tip\u0103rirea \u00een Rom\u00e2nia, \u00een 1806, a primei c\u0103r\u0163i \u00een limba bulgar\u0103 modern\u0103, con\u0163in\u00e2nd scrieri religioase traduse de Sofronie Vraceanski), \u015fi-a petrecut \u00een Rom\u00e2nia ultimul deceniu al vie\u0163ii, perioad\u0103 care este \u015fi cea mai fecund\u0103 \u00een domeniul activit\u0103\u0163ii lui c\u0103rtur\u0103re\u015fti. \u00cen clipele de tihn\u0103 de la Bucure\u015fti, Sofronie \u015fi-a elaborat \u015fi cunoscuta sa Autobiografie, intitulat\u0103 VIA\u0162A \u015eI SUFERIN\u0162ELE P\u0102C\u0102TOSULUI SOFRONIE (ZHITIE I STRADANIIA GRESHNAGO SOFRONIIA). <\/p>\n","protected":false},"excerpt":{"rendered":"<p>Apropierea foarte mare de via\u0163a cultural\u0103 rom\u00e2neasc\u0103 este o tr\u0103s\u0103tur\u0103 cu totul aparte a \u00eenceputurilor literaturii, culturii \u015fi limbii bulgare na\u0163ionale. Stoiko Vladislavov, \u2013 cu numele monahal Sofronie \u015fi supranumele Vraceanski derivat de la Vra\u0163a, localitate \u00een care a fost numit episcop \u2013, a c\u0103rui activitate marcheaz\u0103 \u00eenceputurile rela\u0163iilor culturale bulgaro-rom\u00e2ne (\u015fi tip\u0103rirea \u00een Rom\u00e2nia, [&hellip;]<\/p>\n","protected":false},"featured_media":0,"comment_status":"open","ping_status":"closed","template":"","meta":[],"product_brand":[],"product_cat":[1464,981],"product_tag":[1984,2350,2349],"class_list":{"0":"post-17033","1":"product","2":"type-product","3":"status-publish","5":"product_cat-filologie","6":"product_cat-limbi-slave","7":"product_tag-limba-bulgara","8":"product_tag-relatiile-culturale-bulgaro-romane","9":"product_tag-sofronie-vraceanski","11":"first","12":"instock","13":"shipping-taxable","14":"purchasable","15":"product-type-simple"},"_links":{"self":[{"href":"https:\/\/editura-unibuc.ro\/en\/wp-json\/wp\/v2\/product\/17033","targetHints":{"allow":["GET"]}}],"collection":[{"href":"https:\/\/editura-unibuc.ro\/en\/wp-json\/wp\/v2\/product"}],"about":[{"href":"https:\/\/editura-unibuc.ro\/en\/wp-json\/wp\/v2\/types\/product"}],"replies":[{"embeddable":true,"href":"https:\/\/editura-unibuc.ro\/en\/wp-json\/wp\/v2\/comments?post=17033"}],"wp:attachment":[{"href":"https:\/\/editura-unibuc.ro\/en\/wp-json\/wp\/v2\/media?parent=17033"}],"wp:term":[{"taxonomy":"product_brand","embeddable":true,"href":"https:\/\/editura-unibuc.ro\/en\/wp-json\/wp\/v2\/product_brand?post=17033"},{"taxonomy":"product_cat","embeddable":true,"href":"https:\/\/editura-unibuc.ro\/en\/wp-json\/wp\/v2\/product_cat?post=17033"},{"taxonomy":"product_tag","embeddable":true,"href":"https:\/\/editura-unibuc.ro\/en\/wp-json\/wp\/v2\/product_tag?post=17033"}],"curies":[{"name":"wp","href":"https:\/\/api.w.org\/{rel}","templated":true}]}}