{"id":17373,"date":"2016-12-06T23:19:50","date_gmt":"2016-12-06T21:19:50","guid":{"rendered":"https:\/\/editura-unibuc.ro\/?post_type=product&#038;p=17373"},"modified":"2025-09-18T11:23:48","modified_gmt":"2025-09-18T08:23:48","slug":"limba-si-literatura-romana-perspective-didactice","status":"publish","type":"product","link":"https:\/\/editura-unibuc.ro\/en\/limba-si-literatura-romana-perspective-didactice\/","title":{"rendered":"LIMBA \u015eI LITERATURA ROM\u00c2N\u0102 &#8211; PERSPECTIVE DIDACTICE"},"content":{"rendered":"<p>Actele celui de-al 14-lea \u015fi al 15-lea Colocviu Interna\u0163ional al Departamentului de Lingvistic\u0103 din cadrul Facult\u0103\u0163ii de Litere a Universit\u0103\u0163ii din Bucure\u015fti (Bucure\u015fti, 29 noiembrie 2014 \u015fi 28 noiembrie 2015) <\/p>","protected":false},"excerpt":{"rendered":"<p>Actele celui de-al 14-lea \u015fi al 15-lea Colocviu Interna\u0163ional al Departamentului de Lingvistic\u0103 din cadrul Facult\u0103\u0163ii de Litere a Universit\u0103\u0163ii din Bucure\u015fti (Bucure\u015fti, 29 noiembrie 2014 \u015fi 28 noiembrie 2015)<\/p>\n","protected":false},"featured_media":17374,"comment_status":"open","ping_status":"closed","template":"","meta":[],"product_brand":[],"product_cat":[3906,1464,979,1469],"product_tag":[2353,2354,2352,895,1184],"class_list":{"0":"post-17373","1":"product","2":"type-product","3":"status-publish","4":"has-post-thumbnail","6":"product_cat-lucrari-congrese","7":"product_cat-filologie","8":"product_cat-limba-romana","9":"product_cat-periodice","10":"product_tag-colocviul-international-al-departamentului-de-lingvistica","11":"product_tag-didactica-limbii-romane","12":"product_tag-limba-si-literatura-romana","13":"product_tag-lingvistica","14":"product_tag-litere","16":"first","17":"instock","18":"shipping-taxable","19":"purchasable","20":"product-type-simple"},"_links":{"self":[{"href":"https:\/\/editura-unibuc.ro\/en\/wp-json\/wp\/v2\/product\/17373","targetHints":{"allow":["GET"]}}],"collection":[{"href":"https:\/\/editura-unibuc.ro\/en\/wp-json\/wp\/v2\/product"}],"about":[{"href":"https:\/\/editura-unibuc.ro\/en\/wp-json\/wp\/v2\/types\/product"}],"replies":[{"embeddable":true,"href":"https:\/\/editura-unibuc.ro\/en\/wp-json\/wp\/v2\/comments?post=17373"}],"wp:featuredmedia":[{"embeddable":true,"href":"https:\/\/editura-unibuc.ro\/en\/wp-json\/wp\/v2\/media\/17374"}],"wp:attachment":[{"href":"https:\/\/editura-unibuc.ro\/en\/wp-json\/wp\/v2\/media?parent=17373"}],"wp:term":[{"taxonomy":"product_brand","embeddable":true,"href":"https:\/\/editura-unibuc.ro\/en\/wp-json\/wp\/v2\/product_brand?post=17373"},{"taxonomy":"product_cat","embeddable":true,"href":"https:\/\/editura-unibuc.ro\/en\/wp-json\/wp\/v2\/product_cat?post=17373"},{"taxonomy":"product_tag","embeddable":true,"href":"https:\/\/editura-unibuc.ro\/en\/wp-json\/wp\/v2\/product_tag?post=17373"}],"curies":[{"name":"wp","href":"https:\/\/api.w.org\/{rel}","templated":true}]}}