{"id":17375,"date":"2016-12-06T23:22:04","date_gmt":"2016-12-06T21:22:04","guid":{"rendered":"https:\/\/editura-unibuc.ro\/?post_type=product&#038;p=17375"},"modified":"2025-09-10T14:28:19","modified_gmt":"2025-09-10T11:28:19","slug":"ostraca-surse-pentru-studierea-universului-faraonic","status":"publish","type":"product","link":"https:\/\/editura-unibuc.ro\/en\/ostraca-surse-pentru-studierea-universului-faraonic\/","title":{"rendered":"OSTRACA: SURSE PENTRU STUDIEREA UNIVERSULUI FARAONIC"},"content":{"rendered":"<p>Profesorul Miron Cih\u00f3 asociaz\u0103 analiza lingvistic\u0103, iconografic\u0103 \u015fi istoric\u0103 pentru a ne dezv\u0103lui secretele \u00eenc\u0103 unui fragment pre\u0163ios din mozaicul reconstituit cu minu\u0163ie al milenarei civiliza\u0163ii din valea Nilului.<\/p>\n","protected":false},"excerpt":{"rendered":"<p>Profesorul Miron Cih\u00f3 asociaz\u0103 analiza lingvistic\u0103, iconografic\u0103 \u015fi istoric\u0103 pentru a ne dezv\u0103lui secretele \u00eenc\u0103 unui fragment pre\u0163ios din mozaicul reconstituit cu minu\u0163ie al milenarei civiliza\u0163ii din valea Nilului.<\/p>\n","protected":false},"featured_media":17376,"comment_status":"open","ping_status":"closed","template":"","meta":[],"product_brand":[],"product_cat":[3910,3823,3610],"product_tag":[868,2355,2356,1981],"class_list":{"0":"post-17375","1":"product","2":"type-product","3":"status-publish","4":"has-post-thumbnail","6":"product_cat-istorie","7":"product_cat-stiinte-umane","8":"product_cat-studii-de-egiptologie","9":"product_tag-egiptologie","10":"product_tag-faraoni","11":"product_tag-limba-egipteana","12":"product_tag-miron-ciho","14":"first","15":"instock","16":"shipping-taxable","17":"purchasable","18":"product-type-simple"},"_links":{"self":[{"href":"https:\/\/editura-unibuc.ro\/en\/wp-json\/wp\/v2\/product\/17375","targetHints":{"allow":["GET"]}}],"collection":[{"href":"https:\/\/editura-unibuc.ro\/en\/wp-json\/wp\/v2\/product"}],"about":[{"href":"https:\/\/editura-unibuc.ro\/en\/wp-json\/wp\/v2\/types\/product"}],"replies":[{"embeddable":true,"href":"https:\/\/editura-unibuc.ro\/en\/wp-json\/wp\/v2\/comments?post=17375"}],"wp:featuredmedia":[{"embeddable":true,"href":"https:\/\/editura-unibuc.ro\/en\/wp-json\/wp\/v2\/media\/17376"}],"wp:attachment":[{"href":"https:\/\/editura-unibuc.ro\/en\/wp-json\/wp\/v2\/media?parent=17375"}],"wp:term":[{"taxonomy":"product_brand","embeddable":true,"href":"https:\/\/editura-unibuc.ro\/en\/wp-json\/wp\/v2\/product_brand?post=17375"},{"taxonomy":"product_cat","embeddable":true,"href":"https:\/\/editura-unibuc.ro\/en\/wp-json\/wp\/v2\/product_cat?post=17375"},{"taxonomy":"product_tag","embeddable":true,"href":"https:\/\/editura-unibuc.ro\/en\/wp-json\/wp\/v2\/product_tag?post=17375"}],"curies":[{"name":"wp","href":"https:\/\/api.w.org\/{rel}","templated":true}]}}