{"id":17377,"date":"2016-12-06T23:26:47","date_gmt":"2016-12-06T21:26:47","guid":{"rendered":"https:\/\/editura-unibuc.ro\/?post_type=product&#038;p=17377"},"modified":"2023-05-22T12:10:36","modified_gmt":"2023-05-22T09:10:36","slug":"calatoria-cartii-itinerar-prin-lumea-informatiei","status":"publish","type":"product","link":"https:\/\/editura-unibuc.ro\/en\/calatoria-cartii-itinerar-prin-lumea-informatiei\/","title":{"rendered":"C\u0102L\u0102TORIA C\u0102R\u0162II: ITINERAR PRIN LUMEA INFORMA\u0162IEI"},"content":{"rendered":"<p>Cartea reune\u015fte studii relevante, care ofer\u0103 o imagine actual\u0103, cu interesante analize \u015fi concluzii, cu privire la o diversitate de teme subsumate celor dou\u0103 p\u0103r\u0163i: structuri info-documentare digitale \u015fi tehnologii contemporane construite \u00een jurul c\u0103r\u0163ii, respectiv Itinerarii prin lumea informa\u0163iei.<\/p>\n","protected":false},"excerpt":{"rendered":"<p>Cartea reune\u015fte studii relevante, care ofer\u0103 o imagine actual\u0103, cu interesante analize \u015fi concluzii, cu privire la o diversitate de teme subsumate celor dou\u0103 p\u0103r\u0163i: structuri info-documentare digitale \u015fi tehnologii contemporane construite \u00een jurul c\u0103r\u0163ii, respectiv Itinerarii prin lumea informa\u0163iei.<\/p>\n","protected":false},"featured_media":17379,"comment_status":"open","ping_status":"closed","template":"","meta":[],"product_brand":[],"product_cat":[991,996],"product_tag":[1291,1856,1100,2359,2360,2358,2357],"class_list":{"0":"post-17377","1":"product","2":"type-product","3":"status-publish","4":"has-post-thumbnail","6":"product_cat-stiinte-sociale","7":"product_cat-jurnalism-si-stiintele-comunicarii","8":"product_tag-biblioteci","9":"product_tag-cristina-popescu","10":"product_tag-jurnalism","11":"product_tag-patrimoniu-cultural-stiintific","12":"product_tag-pelerinaj","13":"product_tag-resurse-electronice-de-informare","14":"product_tag-structuri-info-documentare-digitale","16":"first","17":"outofstock","18":"shipping-taxable","19":"purchasable","20":"product-type-simple"},"_links":{"self":[{"href":"https:\/\/editura-unibuc.ro\/en\/wp-json\/wp\/v2\/product\/17377","targetHints":{"allow":["GET"]}}],"collection":[{"href":"https:\/\/editura-unibuc.ro\/en\/wp-json\/wp\/v2\/product"}],"about":[{"href":"https:\/\/editura-unibuc.ro\/en\/wp-json\/wp\/v2\/types\/product"}],"replies":[{"embeddable":true,"href":"https:\/\/editura-unibuc.ro\/en\/wp-json\/wp\/v2\/comments?post=17377"}],"wp:featuredmedia":[{"embeddable":true,"href":"https:\/\/editura-unibuc.ro\/en\/wp-json\/wp\/v2\/media\/17379"}],"wp:attachment":[{"href":"https:\/\/editura-unibuc.ro\/en\/wp-json\/wp\/v2\/media?parent=17377"}],"wp:term":[{"taxonomy":"product_brand","embeddable":true,"href":"https:\/\/editura-unibuc.ro\/en\/wp-json\/wp\/v2\/product_brand?post=17377"},{"taxonomy":"product_cat","embeddable":true,"href":"https:\/\/editura-unibuc.ro\/en\/wp-json\/wp\/v2\/product_cat?post=17377"},{"taxonomy":"product_tag","embeddable":true,"href":"https:\/\/editura-unibuc.ro\/en\/wp-json\/wp\/v2\/product_tag?post=17377"}],"curies":[{"name":"wp","href":"https:\/\/api.w.org\/{rel}","templated":true}]}}