{"id":17378,"date":"2016-12-06T23:28:40","date_gmt":"2016-12-06T21:28:40","guid":{"rendered":"https:\/\/editura-unibuc.ro\/?post_type=product&#038;p=17378"},"modified":"2025-08-08T13:41:07","modified_gmt":"2025-08-08T10:41:07","slug":"uniunea-artistilor-plastici-din-romania-in-documente-de-arhiva","status":"publish","type":"product","link":"https:\/\/editura-unibuc.ro\/en\/uniunea-artistilor-plastici-din-romania-in-documente-de-arhiva\/","title":{"rendered":"UNIUNEA ARTI\u015eTILOR PLASTICI DIN ROM\u00c2NIA \u00ceN DOCUMENTE DE ARHIV\u0102"},"content":{"rendered":"<p>\u00abAcest volum are menirea s\u0103 serveasc\u0103 drept instrument de lucru cercet\u0103torilor preocupa\u0163i de problematica artelor plastice \u00een general, \u015fi a UAP \u00een particular, propun\u00e2ndu-\u015fi s\u0103 le ofere acestora documentele necesare \u00een\u0163elegerii c\u00e2t mai complete a dinamicii ideologice \u015fi institu\u0163ionale a acesteia.\u00bb<\/p>\n","protected":false},"excerpt":{"rendered":"<p>\u00abAcest volum are menirea s\u0103 serveasc\u0103 drept instrument de lucru cercet\u0103torilor preocupa\u0163i de problematica artelor plastice \u00een general, \u015fi a UAP \u00een particular, propun\u00e2ndu-\u015fi s\u0103 le ofere acestora documentele necesare \u00een\u0163elegerii c\u00e2t mai complete a dinamicii ideologice \u015fi institu\u0163ionale a acesteia.\u00bb<\/p>\n","protected":false},"featured_media":17380,"comment_status":"open","ping_status":"closed","template":"","meta":[],"product_brand":[],"product_cat":[1531,2389,991,995],"product_tag":[2363,1639,2362,2361],"class_list":{"0":"post-17378","1":"product","2":"type-product","3":"status-publish","4":"has-post-thumbnail","6":"product_cat-colectii","7":"product_cat-memorie-identitate","8":"product_cat-stiinte-sociale","9":"product_cat-istorie-stiinte-politice","10":"product_tag-dan-draghia","11":"product_tag-istoria-comunismului","12":"product_tag-republica-socialista-romania","13":"product_tag-uniunea-artistilor-plastici","15":"first","16":"instock","17":"shipping-taxable","18":"purchasable","19":"product-type-simple"},"_links":{"self":[{"href":"https:\/\/editura-unibuc.ro\/en\/wp-json\/wp\/v2\/product\/17378","targetHints":{"allow":["GET"]}}],"collection":[{"href":"https:\/\/editura-unibuc.ro\/en\/wp-json\/wp\/v2\/product"}],"about":[{"href":"https:\/\/editura-unibuc.ro\/en\/wp-json\/wp\/v2\/types\/product"}],"replies":[{"embeddable":true,"href":"https:\/\/editura-unibuc.ro\/en\/wp-json\/wp\/v2\/comments?post=17378"}],"wp:featuredmedia":[{"embeddable":true,"href":"https:\/\/editura-unibuc.ro\/en\/wp-json\/wp\/v2\/media\/17380"}],"wp:attachment":[{"href":"https:\/\/editura-unibuc.ro\/en\/wp-json\/wp\/v2\/media?parent=17378"}],"wp:term":[{"taxonomy":"product_brand","embeddable":true,"href":"https:\/\/editura-unibuc.ro\/en\/wp-json\/wp\/v2\/product_brand?post=17378"},{"taxonomy":"product_cat","embeddable":true,"href":"https:\/\/editura-unibuc.ro\/en\/wp-json\/wp\/v2\/product_cat?post=17378"},{"taxonomy":"product_tag","embeddable":true,"href":"https:\/\/editura-unibuc.ro\/en\/wp-json\/wp\/v2\/product_tag?post=17378"}],"curies":[{"name":"wp","href":"https:\/\/api.w.org\/{rel}","templated":true}]}}