{"id":17383,"date":"2016-12-06T23:32:23","date_gmt":"2016-12-06T21:32:23","guid":{"rendered":"https:\/\/editura-unibuc.ro\/?post_type=product&#038;p=17383"},"modified":"2020-06-24T11:49:32","modified_gmt":"2020-06-24T08:49:32","slug":"50-de-ani-in-facultatea-de-filosofie-pe-calea-moralei-elementare-volum-aniversar-o-carte-dedicata-profesorului-vasile-morar-la-implinirea-a-70-de-ani-de-unitate-morala-a-vietii","status":"publish","type":"product","link":"https:\/\/editura-unibuc.ro\/en\/50-de-ani-in-facultatea-de-filosofie-pe-calea-moralei-elementare-volum-aniversar-o-carte-dedicata-profesorului-vasile-morar-la-implinirea-a-70-de-ani-de-unitate-morala-a-vietii\/","title":{"rendered":"50 DE ANI \u00ceN FACULTATEA DE FILOSOFIE. PE CALEA MORALEI ELEMENTARE. VOLUM ANIVERSAR \u2013 O CARTE DEDICAT\u0102 PROFESORULUI VASILE MORAR LA \u00ceMPLINIREA A 70 DE ANI DE UNITATE MORAL\u0102 A VIE\u0162II"},"content":{"rendered":"<p>Reflect\u00e2nd asupra unor direc\u0163ii tematice \u015fi subiecte specifice g\u00e2ndirii filosofice dezvoltate de profesorul Vasile Morar de-a lungul operelor sale \u015ftiin\u0163ifice, autorii \u2013 colegi, profesori, actuali \u015fi fo\u015fti doctoranzi, cercet\u0103tori, diploma\u0163i \u015fi scriitori \u2013 propun, prin prisma contribu\u0163iilor publicate, noi deschideri \u015fi problematiz\u0103ri, reunite sub proiectul-nucleu al \u00abmoralei elementare\u00bb.<\/p>\n","protected":false},"excerpt":{"rendered":"<p>Reflect\u00e2nd asupra unor direc\u0163ii tematice \u015fi subiecte specifice g\u00e2ndirii filosofice dezvoltate de profesorul Vasile Morar de-a lungul operelor sale \u015ftiin\u0163ifice, autorii \u2013 colegi, profesori, actuali \u015fi fo\u015fti doctoranzi, cercet\u0103tori, diploma\u0163i \u015fi scriitori \u2013 propun, prin prisma contribu\u0163iilor publicate, noi deschideri \u015fi problematiz\u0103ri, reunite sub proiectul-nucleu al \u00abmoralei elementare\u00bb.<\/p>\n","protected":false},"featured_media":17384,"comment_status":"open","ping_status":"closed","template":"","meta":[],"product_brand":[],"product_cat":[991,994],"product_tag":[1377,1347,2368,921,1348,2091,2369],"class_list":{"0":"post-17383","1":"product","2":"type-product","3":"status-publish","4":"has-post-thumbnail","6":"product_cat-stiinte-sociale","7":"product_cat-filosofie","8":"product_tag-estetica","9":"product_tag-etica","10":"product_tag-facultatea-de-filosofie","11":"product_tag-filosofie","12":"product_tag-morala","13":"product_tag-retorica","14":"product_tag-vasile-morar","16":"first","17":"outofstock","18":"shipping-taxable","19":"purchasable","20":"product-type-simple"},"_links":{"self":[{"href":"https:\/\/editura-unibuc.ro\/en\/wp-json\/wp\/v2\/product\/17383","targetHints":{"allow":["GET"]}}],"collection":[{"href":"https:\/\/editura-unibuc.ro\/en\/wp-json\/wp\/v2\/product"}],"about":[{"href":"https:\/\/editura-unibuc.ro\/en\/wp-json\/wp\/v2\/types\/product"}],"replies":[{"embeddable":true,"href":"https:\/\/editura-unibuc.ro\/en\/wp-json\/wp\/v2\/comments?post=17383"}],"wp:featuredmedia":[{"embeddable":true,"href":"https:\/\/editura-unibuc.ro\/en\/wp-json\/wp\/v2\/media\/17384"}],"wp:attachment":[{"href":"https:\/\/editura-unibuc.ro\/en\/wp-json\/wp\/v2\/media?parent=17383"}],"wp:term":[{"taxonomy":"product_brand","embeddable":true,"href":"https:\/\/editura-unibuc.ro\/en\/wp-json\/wp\/v2\/product_brand?post=17383"},{"taxonomy":"product_cat","embeddable":true,"href":"https:\/\/editura-unibuc.ro\/en\/wp-json\/wp\/v2\/product_cat?post=17383"},{"taxonomy":"product_tag","embeddable":true,"href":"https:\/\/editura-unibuc.ro\/en\/wp-json\/wp\/v2\/product_tag?post=17383"}],"curies":[{"name":"wp","href":"https:\/\/api.w.org\/{rel}","templated":true}]}}