{"id":17387,"date":"2016-12-06T23:36:48","date_gmt":"2016-12-06T21:36:48","guid":{"rendered":"https:\/\/editura-unibuc.ro\/?post_type=product&#038;p=17387"},"modified":"2016-12-06T23:36:48","modified_gmt":"2016-12-06T21:36:48","slug":"volei-indrumar-metodic-pentru-studentii-universitatii-din-bucuresti","status":"publish","type":"product","link":"https:\/\/editura-unibuc.ro\/en\/volei-indrumar-metodic-pentru-studentii-universitatii-din-bucuresti\/","title":{"rendered":"VOLEI: \u00ceNDRUMAR METODIC PENTRU STUDEN\u0162II UNIVERSIT\u0102\u0162II DIN BUCURE\u015eTI"},"content":{"rendered":"<p>Acest volum constituie, prin modul unitar de prezentare, un material metodic important pentru to\u0163i speciali\u015ftii domeniului, \u00een general, \u015fi pentru cei care preg\u0103tesc echipele de volei studen\u0163e\u015fti, \u00een special. <\/p>\n","protected":false},"excerpt":{"rendered":"<p>Acest volum constituie, prin modul unitar de prezentare, un material metodic important pentru to\u0163i speciali\u015ftii domeniului, \u00een general, \u015fi pentru cei care preg\u0103tesc echipele de volei studen\u0163e\u015fti, \u00een special.<\/p>\n","protected":false},"featured_media":17388,"comment_status":"open","ping_status":"closed","template":"","meta":[],"product_brand":[],"product_cat":[993],"product_tag":[2373,1269,2374],"class_list":{"0":"post-17387","1":"product","2":"type-product","3":"status-publish","4":"has-post-thumbnail","6":"product_cat-educatie-fizica-si-sport","7":"product_tag-florin-marin-litoi","8":"product_tag-sport","9":"product_tag-volei","11":"first","12":"instock","13":"shipping-taxable","14":"purchasable","15":"product-type-simple"},"_links":{"self":[{"href":"https:\/\/editura-unibuc.ro\/en\/wp-json\/wp\/v2\/product\/17387","targetHints":{"allow":["GET"]}}],"collection":[{"href":"https:\/\/editura-unibuc.ro\/en\/wp-json\/wp\/v2\/product"}],"about":[{"href":"https:\/\/editura-unibuc.ro\/en\/wp-json\/wp\/v2\/types\/product"}],"replies":[{"embeddable":true,"href":"https:\/\/editura-unibuc.ro\/en\/wp-json\/wp\/v2\/comments?post=17387"}],"wp:featuredmedia":[{"embeddable":true,"href":"https:\/\/editura-unibuc.ro\/en\/wp-json\/wp\/v2\/media\/17388"}],"wp:attachment":[{"href":"https:\/\/editura-unibuc.ro\/en\/wp-json\/wp\/v2\/media?parent=17387"}],"wp:term":[{"taxonomy":"product_brand","embeddable":true,"href":"https:\/\/editura-unibuc.ro\/en\/wp-json\/wp\/v2\/product_brand?post=17387"},{"taxonomy":"product_cat","embeddable":true,"href":"https:\/\/editura-unibuc.ro\/en\/wp-json\/wp\/v2\/product_cat?post=17387"},{"taxonomy":"product_tag","embeddable":true,"href":"https:\/\/editura-unibuc.ro\/en\/wp-json\/wp\/v2\/product_tag?post=17387"}],"curies":[{"name":"wp","href":"https:\/\/api.w.org\/{rel}","templated":true}]}}