{"id":17389,"date":"2016-12-06T23:38:49","date_gmt":"2016-12-06T21:38:49","guid":{"rendered":"https:\/\/editura-unibuc.ro\/?post_type=product&#038;p=17389"},"modified":"2022-07-04T16:47:29","modified_gmt":"2022-07-04T13:47:29","slug":"libellus-de-dentibus-mic-tratat-despre-dinti-bartholomaeus-eustachius-din-san-severino","status":"publish","type":"product","link":"https:\/\/editura-unibuc.ro\/en\/libellus-de-dentibus-mic-tratat-despre-dinti-bartholomaeus-eustachius-din-san-severino\/","title":{"rendered":"LIBELLUS DE DENTIBUS = MIC TRATAT DESPRE DIN\u0162I \/ BARTHOLOMAEUS EUSTACHIUS DIN SAN SEVERINO"},"content":{"rendered":"<p>\u00abAnatomist \u015fi medic recunoscut, contemporan cu Vesalius, cu Fallopius \u015fi cu Pare, Bartholomaeus Eustachius scrie \u015fi public\u0103 \u00een anul 1563, la Vene\u0163ia, o &#8220;C\u0103rticic\u0103 despre din\u0163i&#8221;, \u00een care face o serie de afirma\u0163ii deosebit de importante fa\u0163\u0103 de nivelul de cuno\u015ftin\u0163e al vremii sale.\u00bb<\/p>\n","protected":false},"excerpt":{"rendered":"<p>\u00abAnatomist \u015fi medic recunoscut, contemporan cu Vesalius, cu Fallopius \u015fi cu Pare, Bartholomaeus Eustachius scrie \u015fi public\u0103 \u00een anul 1563, la Vene\u0163ia, o &#8220;C\u0103rticic\u0103 despre din\u0163i&#8221;, \u00een care face o serie de afirma\u0163ii deosebit de importante fa\u0163\u0103 de nivelul de cuno\u015ftin\u0163e al vremii sale.\u00bb<\/p>\n","protected":false},"featured_media":17390,"comment_status":"open","ping_status":"closed","template":"","meta":[],"product_brand":[],"product_cat":[1464,980],"product_tag":[2375,1791,2377,906,2529],"class_list":{"0":"post-17389","1":"product","2":"type-product","3":"status-publish","4":"has-post-thumbnail","6":"product_cat-filologie","7":"product_cat-limbi-romanice-clasice-si-orientale","8":"product_tag-ana-cristina-halichias","9":"product_tag-limba-latina","10":"product_tag-limbi-si-literaturi-straine","11":"product_tag-medicina","12":"product_tag-oana-cella-andrei","14":"first","15":"instock","16":"shipping-taxable","17":"purchasable","18":"product-type-simple"},"_links":{"self":[{"href":"https:\/\/editura-unibuc.ro\/en\/wp-json\/wp\/v2\/product\/17389","targetHints":{"allow":["GET"]}}],"collection":[{"href":"https:\/\/editura-unibuc.ro\/en\/wp-json\/wp\/v2\/product"}],"about":[{"href":"https:\/\/editura-unibuc.ro\/en\/wp-json\/wp\/v2\/types\/product"}],"replies":[{"embeddable":true,"href":"https:\/\/editura-unibuc.ro\/en\/wp-json\/wp\/v2\/comments?post=17389"}],"wp:featuredmedia":[{"embeddable":true,"href":"https:\/\/editura-unibuc.ro\/en\/wp-json\/wp\/v2\/media\/17390"}],"wp:attachment":[{"href":"https:\/\/editura-unibuc.ro\/en\/wp-json\/wp\/v2\/media?parent=17389"}],"wp:term":[{"taxonomy":"product_brand","embeddable":true,"href":"https:\/\/editura-unibuc.ro\/en\/wp-json\/wp\/v2\/product_brand?post=17389"},{"taxonomy":"product_cat","embeddable":true,"href":"https:\/\/editura-unibuc.ro\/en\/wp-json\/wp\/v2\/product_cat?post=17389"},{"taxonomy":"product_tag","embeddable":true,"href":"https:\/\/editura-unibuc.ro\/en\/wp-json\/wp\/v2\/product_tag?post=17389"}],"curies":[{"name":"wp","href":"https:\/\/api.w.org\/{rel}","templated":true}]}}