{"id":17391,"date":"2016-12-06T23:40:49","date_gmt":"2016-12-06T21:40:49","guid":{"rendered":"https:\/\/editura-unibuc.ro\/?post_type=product&#038;p=17391"},"modified":"2019-10-31T14:19:41","modified_gmt":"2019-10-31T12:19:41","slug":"studii-in-hermeneutica-pre-judicativa-si-meontologie-vol-1","status":"publish","type":"product","link":"https:\/\/editura-unibuc.ro\/en\/studii-in-hermeneutica-pre-judicativa-si-meontologie-vol-1\/","title":{"rendered":"STUDIES IN THE PRE-JUDICATIVE HERMENEUTICS AND MEONTOLOGY VOL. 1"},"content":{"rendered":"<p>\u00abMetodologii diverse, \u00eendeosebi cele de origine fenomenologic\u0103 \u015fi analitic-filosofic\u0103, sunt utilizate de cercet\u0103tori pentru a reformula probleme filosofice mai vechi, din orizontul unor discipline tradi\u0163ionale, cum sunt ontologia  \u015fi teoria cunoa\u015fterii, sau pentru a formula probleme noi, referitoare la statutul experien\u0163elor \u015fi con\u0163inuturilor nonjudicative, la rela\u0163ia dintre acestea \u015fi judecat\u0103, con\u015ftiin\u0163\u0103, adev\u0103r, eviden\u0163\u0103 etc, la elementele semnificative cognitiv din aria pre-judicativului, la constituirea lor sau la posibila lor autonomie de constituire \u015fi de operare.\u00bb<\/p>\n","protected":false},"excerpt":{"rendered":"<p>\u00abMetodologii diverse, \u00eendeosebi cele de origine fenomenologic\u0103 \u015fi analitic-filosofic\u0103, sunt utilizate de cercet\u0103tori pentru a reformula probleme filosofice mai vechi, din orizontul unor discipline tradi\u0163ionale, cum sunt ontologia \u015fi teoria cunoa\u015fterii, sau pentru a formula probleme noi, referitoare la statutul experien\u0163elor \u015fi con\u0163inuturilor nonjudicative, la rela\u0163ia dintre acestea \u015fi judecat\u0103, con\u015ftiin\u0163\u0103, adev\u0103r, eviden\u0163\u0103 etc, la [&hellip;]<\/p>\n","protected":false},"featured_media":17392,"comment_status":"open","ping_status":"closed","template":"","meta":[],"product_brand":[],"product_cat":[991,994],"product_tag":[921,2378,2379,1912],"class_list":{"0":"post-17391","1":"product","2":"type-product","3":"status-publish","4":"has-post-thumbnail","6":"product_cat-stiinte-sociale","7":"product_cat-filosofie","8":"product_tag-filosofie","9":"product_tag-hermeneutica","10":"product_tag-meontologie","11":"product_tag-viorel-cernica","13":"first","14":"instock","15":"shipping-taxable","16":"purchasable","17":"product-type-simple"},"_links":{"self":[{"href":"https:\/\/editura-unibuc.ro\/en\/wp-json\/wp\/v2\/product\/17391","targetHints":{"allow":["GET"]}}],"collection":[{"href":"https:\/\/editura-unibuc.ro\/en\/wp-json\/wp\/v2\/product"}],"about":[{"href":"https:\/\/editura-unibuc.ro\/en\/wp-json\/wp\/v2\/types\/product"}],"replies":[{"embeddable":true,"href":"https:\/\/editura-unibuc.ro\/en\/wp-json\/wp\/v2\/comments?post=17391"}],"wp:featuredmedia":[{"embeddable":true,"href":"https:\/\/editura-unibuc.ro\/en\/wp-json\/wp\/v2\/media\/17392"}],"wp:attachment":[{"href":"https:\/\/editura-unibuc.ro\/en\/wp-json\/wp\/v2\/media?parent=17391"}],"wp:term":[{"taxonomy":"product_brand","embeddable":true,"href":"https:\/\/editura-unibuc.ro\/en\/wp-json\/wp\/v2\/product_brand?post=17391"},{"taxonomy":"product_cat","embeddable":true,"href":"https:\/\/editura-unibuc.ro\/en\/wp-json\/wp\/v2\/product_cat?post=17391"},{"taxonomy":"product_tag","embeddable":true,"href":"https:\/\/editura-unibuc.ro\/en\/wp-json\/wp\/v2\/product_tag?post=17391"}],"curies":[{"name":"wp","href":"https:\/\/api.w.org\/{rel}","templated":true}]}}