{"id":17393,"date":"2016-12-06T23:43:00","date_gmt":"2016-12-06T21:43:00","guid":{"rendered":"https:\/\/editura-unibuc.ro\/?post_type=product&#038;p=17393"},"modified":"2025-10-27T11:39:49","modified_gmt":"2025-10-27T09:39:49","slug":"calatori-si-calatorii-a-privi-a-descoperi-vol-1-incursiuni-in-istorie-si-arta","status":"publish","type":"product","link":"https:\/\/editura-unibuc.ro\/en\/calatori-si-calatorii-a-privi-a-descoperi-vol-1-incursiuni-in-istorie-si-arta\/","title":{"rendered":"C\u0102L\u0102TORI \u015eI C\u0102L\u0102TORII. A PRIVI, A DESCOPERI. VOL. 1: INCURSIUNI \u00ceN ISTORIE \u015eI ART\u0102"},"content":{"rendered":"<p>\u00abVolumul de fa\u0163\u0103 prezint\u0103 chipul multifa\u0163etat al c\u0103l\u0103toriei, de la peregrin\u0103ri \u015fi itinerarii sacre, p\u00e2n\u0103 la drumurile pe care operele de art\u0103 le deschid \u00een fa\u0163a privitorului, de la traseele unor personaje celebre, p\u0103strate \u00een memoria a\u015fternut\u0103 \u00een pagin\u0103, p\u00e2n\u0103 la r\u0103sp\u00e2ntiile \u00eent\u00e2lnirilor cu Ceilal\u0163i pe teren autohton sau \u00een lumea larg\u0103.\u00bb<\/p>\n","protected":false},"excerpt":{"rendered":"<p>\u00abVolumul de fa\u0163\u0103 prezint\u0103 chipul multifa\u0163etat al c\u0103l\u0103toriei, de la peregrin\u0103ri \u015fi itinerarii sacre, p\u00e2n\u0103 la drumurile pe care operele de art\u0103 le deschid \u00een fa\u0163a privitorului, de la traseele unor personaje celebre, p\u0103strate \u00een memoria a\u015fternut\u0103 \u00een pagin\u0103, p\u00e2n\u0103 la r\u0103sp\u00e2ntiile \u00eent\u00e2lnirilor cu Ceilal\u0163i pe teren autohton sau \u00een lumea larg\u0103.\u00bb<\/p>\n","protected":false},"featured_media":17394,"comment_status":"open","ping_status":"closed","template":"","meta":[],"product_brand":[],"product_cat":[1464,979],"product_tag":[2382,2380,2121,2343,1184,2383,2381],"class_list":{"0":"post-17393","1":"product","2":"type-product","3":"status-publish","4":"has-post-thumbnail","6":"product_cat-filologie","7":"product_cat-limba-romana","8":"product_tag-calatori","9":"product_tag-cristina-bogdan","10":"product_tag-cultura-romaneasca","11":"product_tag-istorie-romaneasca","12":"product_tag-litere","13":"product_tag-pelerinaje","14":"product_tag-silvia-marin-barutcieff","16":"first","17":"instock","18":"shipping-taxable","19":"purchasable","20":"product-type-simple"},"_links":{"self":[{"href":"https:\/\/editura-unibuc.ro\/en\/wp-json\/wp\/v2\/product\/17393","targetHints":{"allow":["GET"]}}],"collection":[{"href":"https:\/\/editura-unibuc.ro\/en\/wp-json\/wp\/v2\/product"}],"about":[{"href":"https:\/\/editura-unibuc.ro\/en\/wp-json\/wp\/v2\/types\/product"}],"replies":[{"embeddable":true,"href":"https:\/\/editura-unibuc.ro\/en\/wp-json\/wp\/v2\/comments?post=17393"}],"wp:featuredmedia":[{"embeddable":true,"href":"https:\/\/editura-unibuc.ro\/en\/wp-json\/wp\/v2\/media\/17394"}],"wp:attachment":[{"href":"https:\/\/editura-unibuc.ro\/en\/wp-json\/wp\/v2\/media?parent=17393"}],"wp:term":[{"taxonomy":"product_brand","embeddable":true,"href":"https:\/\/editura-unibuc.ro\/en\/wp-json\/wp\/v2\/product_brand?post=17393"},{"taxonomy":"product_cat","embeddable":true,"href":"https:\/\/editura-unibuc.ro\/en\/wp-json\/wp\/v2\/product_cat?post=17393"},{"taxonomy":"product_tag","embeddable":true,"href":"https:\/\/editura-unibuc.ro\/en\/wp-json\/wp\/v2\/product_tag?post=17393"}],"curies":[{"name":"wp","href":"https:\/\/api.w.org\/{rel}","templated":true}]}}