{"id":1740,"date":"2012-09-08T13:10:17","date_gmt":"2012-09-08T10:10:17","guid":{"rendered":"https:\/\/editura-unibuc.ro\/?p=1740"},"modified":"2019-03-26T10:54:37","modified_gmt":"2019-03-26T08:54:37","slug":"representations-de-lautorite-au-moyen-age","status":"publish","type":"product","link":"https:\/\/editura-unibuc.ro\/en\/representations-de-lautorite-au-moyen-age\/","title":{"rendered":"REPRESENTATION OF AUTHORITY IN THE MIDDLE AGES"},"content":{"rendered":"<p>\u00cen limba latin\u0103, auctoritas are o complex\u0103 valoare semantic\u0103, privitoare la ceea ce confer\u0103 validitate unui act, ceea ce atribuie valoare \u0219i eficacitate juridic\u0103 unei legi, ceea ce exprim\u0103 puterea, dar, de asemenea, acel surplus pe care un ,,autor\u201d (auctor=cel care spore\u0219te [o situa\u021bie juridic\u0103]) trebuie s\u0103 \u00eel aduc\u0103 pentru a face credibil\u0103 o opinie sau efectiv\u0103 o decizie.<\/p>\n<p>Articolele reunite \u00een volumul prezent \u00ee\u0219i propun s\u0103 ilustreze aceste semnifica\u021bii diverse ale no\u021biunii de autoritate. Este examinat\u0103 autoritatea politic\u0103 \u00een fundamentele ei \u0219i \u00een raport cu autoritatea spiritual\u0103, se ofer\u0103 o imagine cuprinz\u0103toare a fundamentelor g\u00e2ndirii medievale (cultura medieval\u0103 se situeaz\u0103 sub semnul autorit\u0103\u021bii deoarece este cultura unei lumi care r\u0103spunde principiului ordinii  ierarhice).  Colec\u021bia  Mediaevalia este  creat\u0103  de  Centrul  de  Studii Medievale al Universit\u0103\u021bii din Bucuresti.<\/p>","protected":false},"excerpt":{"rendered":"<p>\u00cen limba latin\u0103, auctoritas are o complex\u0103 valoare semantic\u0103, privitoare la ceea ce confer\u0103 validitate unui act, ceea ce atribuie valoare \u0219i eficacitate juridic\u0103 unei legi, ceea ce exprim\u0103 puterea, dar, de asemenea, acel surplus pe care un ,,autor\u201d (auctor=cel care spore\u0219te [o situa\u021bie juridic\u0103]) trebuie s\u0103 \u00eel aduc\u0103 pentru a face credibil\u0103 o opinie [&hellip;]<\/p>\n","protected":false},"featured_media":11083,"comment_status":"open","ping_status":"closed","template":"","meta":[],"product_brand":[],"product_cat":[857],"product_tag":[863,881],"class_list":{"0":"post-1740","1":"product","2":"type-product","3":"status-publish","4":"has-post-thumbnail","6":"product_cat-colectia-mediaevalia","7":"product_tag-evul-mediu","8":"product_tag-istorie","10":"first","11":"outofstock","12":"shipping-taxable","13":"purchasable","14":"product-type-simple"},"_links":{"self":[{"href":"https:\/\/editura-unibuc.ro\/en\/wp-json\/wp\/v2\/product\/1740","targetHints":{"allow":["GET"]}}],"collection":[{"href":"https:\/\/editura-unibuc.ro\/en\/wp-json\/wp\/v2\/product"}],"about":[{"href":"https:\/\/editura-unibuc.ro\/en\/wp-json\/wp\/v2\/types\/product"}],"replies":[{"embeddable":true,"href":"https:\/\/editura-unibuc.ro\/en\/wp-json\/wp\/v2\/comments?post=1740"}],"wp:featuredmedia":[{"embeddable":true,"href":"https:\/\/editura-unibuc.ro\/en\/wp-json\/wp\/v2\/media\/11083"}],"wp:attachment":[{"href":"https:\/\/editura-unibuc.ro\/en\/wp-json\/wp\/v2\/media?parent=1740"}],"wp:term":[{"taxonomy":"product_brand","embeddable":true,"href":"https:\/\/editura-unibuc.ro\/en\/wp-json\/wp\/v2\/product_brand?post=1740"},{"taxonomy":"product_cat","embeddable":true,"href":"https:\/\/editura-unibuc.ro\/en\/wp-json\/wp\/v2\/product_cat?post=1740"},{"taxonomy":"product_tag","embeddable":true,"href":"https:\/\/editura-unibuc.ro\/en\/wp-json\/wp\/v2\/product_tag?post=1740"}],"curies":[{"name":"wp","href":"https:\/\/api.w.org\/{rel}","templated":true}]}}