{"id":1744,"date":"2012-09-08T13:27:57","date_gmt":"2012-09-08T10:27:57","guid":{"rendered":"https:\/\/editura-unibuc.ro\/?p=1744"},"modified":"2015-03-12T22:10:46","modified_gmt":"2015-03-12T20:10:46","slug":"temps-et-memoire-dans-la-litterature-arthurienne-actes-du-colloque-international-de-la-branche-roumaine-de-la-societe-internationale-arthurienne-bucarest-14-15-mai-2010","status":"publish","type":"product","link":"https:\/\/editura-unibuc.ro\/en\/temps-et-memoire-dans-la-litterature-arthurienne-actes-du-colloque-international-de-la-branche-roumaine-de-la-societe-internationale-arthurienne-bucarest-14-15-mai-2010\/","title":{"rendered":"TIME AND MEMORY IN LITERATURE Arthurian &#8211; PROCEEDINGS OF THE INTERNATIONAL CONFERENCE OF THE ROMANIAN BRANCH OF THE INTERNATIONAL Arthurian Society, BUCHAREST, 14-15 MAI 2010"},"content":{"rendered":"<p>La mati\u00e8re de Bretagne en langue fran\u00e7aise a subi tr\u00e8s t\u00f4t, d\u00e8s le XIIe si\u00e8cle, des adaptations en allemande et des traductions plus ou moins fid\u00e8les en anglais, italien,  castillan,  catalan et portugais \u00e0 partir du XIIIe si\u00e8cle. L\u2019imaginaire occidental continue de produire des r\u00e9cits de la Table Ronde jusqu\u2019au XXe si\u00e8cle r\u00e9cits \u00e0 travers lesquels les temps anciens et modernes engagent un dialogue complexe et sinueux. C\u2019est \u00e0 ce sujet stimulant et, par d\u00e9finition, interdisciplinaire, que s\u2019attache le pr\u00e9sent volume.<\/p>","protected":false},"excerpt":{"rendered":"<p>La mati\u00e8re de Bretagne en langue fran\u00e7aise a subi tr\u00e8s t\u00f4t, d\u00e8s le XIIe si\u00e8cle, des adaptations en allemande et des traductions plus ou moins fid\u00e8les en anglais, italien, castillan, catalan et portugais \u00e0 partir du XIIIe si\u00e8cle. L\u2019imaginaire occidental continue de produire des r\u00e9cits de la Table Ronde jusqu\u2019au XXe si\u00e8cle r\u00e9cits \u00e0 travers [&hellip;]<\/p>\n","protected":false},"featured_media":11079,"comment_status":"open","ping_status":"closed","template":"","meta":[],"product_brand":[],"product_cat":[857],"product_tag":[863,881],"class_list":{"0":"post-1744","1":"product","2":"type-product","3":"status-publish","4":"has-post-thumbnail","6":"product_cat-colectia-mediaevalia","7":"product_tag-evul-mediu","8":"product_tag-istorie","10":"first","11":"instock","12":"shipping-taxable","13":"purchasable","14":"product-type-simple"},"_links":{"self":[{"href":"https:\/\/editura-unibuc.ro\/en\/wp-json\/wp\/v2\/product\/1744","targetHints":{"allow":["GET"]}}],"collection":[{"href":"https:\/\/editura-unibuc.ro\/en\/wp-json\/wp\/v2\/product"}],"about":[{"href":"https:\/\/editura-unibuc.ro\/en\/wp-json\/wp\/v2\/types\/product"}],"replies":[{"embeddable":true,"href":"https:\/\/editura-unibuc.ro\/en\/wp-json\/wp\/v2\/comments?post=1744"}],"wp:featuredmedia":[{"embeddable":true,"href":"https:\/\/editura-unibuc.ro\/en\/wp-json\/wp\/v2\/media\/11079"}],"wp:attachment":[{"href":"https:\/\/editura-unibuc.ro\/en\/wp-json\/wp\/v2\/media?parent=1744"}],"wp:term":[{"taxonomy":"product_brand","embeddable":true,"href":"https:\/\/editura-unibuc.ro\/en\/wp-json\/wp\/v2\/product_brand?post=1744"},{"taxonomy":"product_cat","embeddable":true,"href":"https:\/\/editura-unibuc.ro\/en\/wp-json\/wp\/v2\/product_cat?post=1744"},{"taxonomy":"product_tag","embeddable":true,"href":"https:\/\/editura-unibuc.ro\/en\/wp-json\/wp\/v2\/product_tag?post=1744"}],"curies":[{"name":"wp","href":"https:\/\/api.w.org\/{rel}","templated":true}]}}