{"id":17500,"date":"2016-12-19T17:45:47","date_gmt":"2016-12-19T15:45:47","guid":{"rendered":"https:\/\/editura-unibuc.ro\/?post_type=product&#038;p=17500"},"modified":"2016-12-19T17:45:47","modified_gmt":"2016-12-19T15:45:47","slug":"aux-origines-de-la-faculte-de-sciences-politiques-de-luniversite-de-bucarest-la-filiere-francophone-1991-1995","status":"publish","type":"product","link":"https:\/\/editura-unibuc.ro\/en\/aux-origines-de-la-faculte-de-sciences-politiques-de-luniversite-de-bucarest-la-filiere-francophone-1991-1995\/","title":{"rendered":"AUX ORIGINES DE LA FACULT\u00c9 DE SCIENCES POLITIQUES DE L\u2019UNIVERSIT\u00c9 DE BUCAREST: LA FILI\u00c8RE FRANCOPHONE (1991-1995)"},"content":{"rendered":"<p>Les premi\u00e8res pages de l\u2019histoire qui a commenc\u00e9 il y a 25 ans sous le nom de la Facult\u00e9 Internationale des Sciences Humaines ont \u00e9t\u00e9 peut-\u00eatre les plus difficiles a \u00e9crire. Tant la cr\u00e9ation de la facult\u00e9 que les premi\u00e8res ann\u00e9es de son existence se trouvent sous le signe de l\u2019\u00e9poque, traverse par le romantisme du commencement, par le d\u00e9sir de changer un systeme bloqu\u00e9 et entrav\u00e9 par un r\u00e9gime totalitaire, par l\u2019impatience de mettre a profit une libert\u00e9 inesp\u00e9r\u00e9e de pens\u00e9e et d\u2019expression.<\/p>\n","protected":false},"excerpt":{"rendered":"<p>Les premi\u00e8res pages de l\u2019histoire qui a commenc\u00e9 il y a 25 ans sous le nom de la Facult\u00e9 Internationale des Sciences Humaines ont \u00e9t\u00e9 peut-\u00eatre les plus difficiles a \u00e9crire. Tant la cr\u00e9ation de la facult\u00e9 que les premi\u00e8res ann\u00e9es de son existence se trouvent sous le signe de l\u2019\u00e9poque, traverse par le romantisme [&hellip;]<\/p>\n","protected":false},"featured_media":17501,"comment_status":"open","ping_status":"closed","template":"","meta":[],"product_brand":[],"product_cat":[1531,2389,991,995],"product_tag":[2396,2395,2394,2397,2392],"class_list":{"0":"post-17500","1":"product","2":"type-product","3":"status-publish","4":"has-post-thumbnail","6":"product_cat-colectii","7":"product_cat-memorie-identitate","8":"product_cat-stiinte-sociale","9":"product_cat-istorie-stiinte-politice","10":"product_tag-francophonie","11":"product_tag-luniversite-de-bucarest","12":"product_tag-la-faculte-de-sciences-politiques","13":"product_tag-la-faculte-internationale-des-sciences-humaines","14":"product_tag-laurentiu-vlad","16":"first","17":"outofstock","18":"shipping-taxable","19":"purchasable","20":"product-type-simple"},"_links":{"self":[{"href":"https:\/\/editura-unibuc.ro\/en\/wp-json\/wp\/v2\/product\/17500","targetHints":{"allow":["GET"]}}],"collection":[{"href":"https:\/\/editura-unibuc.ro\/en\/wp-json\/wp\/v2\/product"}],"about":[{"href":"https:\/\/editura-unibuc.ro\/en\/wp-json\/wp\/v2\/types\/product"}],"replies":[{"embeddable":true,"href":"https:\/\/editura-unibuc.ro\/en\/wp-json\/wp\/v2\/comments?post=17500"}],"wp:featuredmedia":[{"embeddable":true,"href":"https:\/\/editura-unibuc.ro\/en\/wp-json\/wp\/v2\/media\/17501"}],"wp:attachment":[{"href":"https:\/\/editura-unibuc.ro\/en\/wp-json\/wp\/v2\/media?parent=17500"}],"wp:term":[{"taxonomy":"product_brand","embeddable":true,"href":"https:\/\/editura-unibuc.ro\/en\/wp-json\/wp\/v2\/product_brand?post=17500"},{"taxonomy":"product_cat","embeddable":true,"href":"https:\/\/editura-unibuc.ro\/en\/wp-json\/wp\/v2\/product_cat?post=17500"},{"taxonomy":"product_tag","embeddable":true,"href":"https:\/\/editura-unibuc.ro\/en\/wp-json\/wp\/v2\/product_tag?post=17500"}],"curies":[{"name":"wp","href":"https:\/\/api.w.org\/{rel}","templated":true}]}}