{"id":17503,"date":"2016-12-19T17:48:28","date_gmt":"2016-12-19T15:48:28","guid":{"rendered":"https:\/\/editura-unibuc.ro\/?post_type=product&#038;p=17503"},"modified":"2025-08-06T12:37:48","modified_gmt":"2025-08-06T09:37:48","slug":"facultatea-de-stiinte-politice-a-universitatii-din-bucuresti-dupa-25-de-ani","status":"publish","type":"product","link":"https:\/\/editura-unibuc.ro\/en\/facultatea-de-stiinte-politice-a-universitatii-din-bucuresti-dupa-25-de-ani\/","title":{"rendered":"THE FACULTY OF POLITICAL SCIENCE, UNIVERSITY OF BUCHAREST: 25 YEARS AFTER"},"content":{"rendered":"<p>Pe l\u00e2ng\u0103 tradi\u0163ia istoric\u0103 francofon\u0103, voca\u0163ia interna\u0163ional\u0103 a Facult\u0103\u0163ii de \u015etiin\u0163e Politice a fost completat\u0103 de dezvoltarea programelor de studii \u00een limba englez\u0103 \u015fi de ini\u0163ierea \u015fi dezvoltarea schimburilor \u015fi colabor\u0103rilor cu universit\u0103\u0163i \u015fi asocia\u0163ii profesionale din spa\u0163iul anglo-saxon.<\/p>\n","protected":false},"excerpt":{"rendered":"<p>Pe l\u00e2ng\u0103 tradi\u0163ia istoric\u0103 francofon\u0103, voca\u0163ia interna\u0163ional\u0103 a Facult\u0103\u0163ii de \u015etiin\u0163e Politice a fost completat\u0103 de dezvoltarea programelor de studii \u00een limba englez\u0103 \u015fi de ini\u0163ierea \u015fi dezvoltarea schimburilor \u015fi colabor\u0103rilor cu universit\u0103\u0163i \u015fi asocia\u0163ii profesionale din spa\u0163iul anglo-saxon.<\/p>\n","protected":false},"featured_media":17505,"comment_status":"open","ping_status":"closed","template":"","meta":[],"product_brand":[],"product_cat":[1531,2389,991,995],"product_tag":[2398,2401,2399,2400],"class_list":{"0":"post-17503","1":"product","2":"type-product","3":"status-publish","4":"has-post-thumbnail","6":"product_cat-colectii","7":"product_cat-memorie-identitate","8":"product_cat-stiinte-sociale","9":"product_cat-istorie-stiinte-politice","10":"product_tag-facultatea-de-stiinte-politice-a-universitatii-din-bucuresti","11":"product_tag-faculte-internationale-des-sciences-humaines","12":"product_tag-the-faculty-of-political-science","13":"product_tag-university-of-bucarest","15":"first","16":"outofstock","17":"shipping-taxable","18":"product-type-simple"},"_links":{"self":[{"href":"https:\/\/editura-unibuc.ro\/en\/wp-json\/wp\/v2\/product\/17503","targetHints":{"allow":["GET"]}}],"collection":[{"href":"https:\/\/editura-unibuc.ro\/en\/wp-json\/wp\/v2\/product"}],"about":[{"href":"https:\/\/editura-unibuc.ro\/en\/wp-json\/wp\/v2\/types\/product"}],"replies":[{"embeddable":true,"href":"https:\/\/editura-unibuc.ro\/en\/wp-json\/wp\/v2\/comments?post=17503"}],"wp:featuredmedia":[{"embeddable":true,"href":"https:\/\/editura-unibuc.ro\/en\/wp-json\/wp\/v2\/media\/17505"}],"wp:attachment":[{"href":"https:\/\/editura-unibuc.ro\/en\/wp-json\/wp\/v2\/media?parent=17503"}],"wp:term":[{"taxonomy":"product_brand","embeddable":true,"href":"https:\/\/editura-unibuc.ro\/en\/wp-json\/wp\/v2\/product_brand?post=17503"},{"taxonomy":"product_cat","embeddable":true,"href":"https:\/\/editura-unibuc.ro\/en\/wp-json\/wp\/v2\/product_cat?post=17503"},{"taxonomy":"product_tag","embeddable":true,"href":"https:\/\/editura-unibuc.ro\/en\/wp-json\/wp\/v2\/product_tag?post=17503"}],"curies":[{"name":"wp","href":"https:\/\/api.w.org\/{rel}","templated":true}]}}