{"id":17506,"date":"2016-12-19T17:52:08","date_gmt":"2016-12-19T15:52:08","guid":{"rendered":"https:\/\/editura-unibuc.ro\/?post_type=product&#038;p=17506"},"modified":"2023-03-17T11:36:35","modified_gmt":"2023-03-17T09:36:35","slug":"perspective-comparative-si-diacronice-asupra-limbii-romane-actele-celui-de-al-xv-lea-colocviu-international-al-departamentului-de-lingvistica-bucuresti-27-28-noiembrie-2015","status":"publish","type":"product","link":"https:\/\/editura-unibuc.ro\/en\/perspective-comparative-si-diacronice-asupra-limbii-romane-actele-celui-de-al-xv-lea-colocviu-international-al-departamentului-de-lingvistica-bucuresti-27-28-noiembrie-2015\/","title":{"rendered":"PERSPECTIVE COMPARATIVE \u015eI DIACRONICE ASUPRA LIMBII ROM\u00c2NE. ACTELE CELUI DE-AL XV-LEA COLOCVIU INTERNA\u0162IONAL AL DEPARTAMENTULUI DE LINGVISTIC\u0102 (BUCURE\u015eTI, 27-28 NOIEMBRIE 2015)"},"content":{"rendered":"<p>Volumul de fa\u0163\u0103 este un rezultat al lucr\u0103rilor celui de-al 15-lea Colocviu Interna\u0163ional al Departamentului de Lingvistic\u0103, cu tema \u00abPerspective comparative \u015fi diacronice asupra limbii rom\u00e2ne\u00bb, colocviu desf\u0103\u015furat, \u00eentre 26 \u015fi 28 noiembrie 2015, la Facultatea de Litere a Universit\u0103\u0163ii din Bucure\u015fti.<\/p>\n","protected":false},"excerpt":{"rendered":"<p>Volumul de fa\u0163\u0103 este un rezultat al lucr\u0103rilor celui de-al 15-lea Colocviu Interna\u0163ional al Departamentului de Lingvistic\u0103, cu tema \u00abPerspective comparative \u015fi diacronice asupra limbii rom\u00e2ne\u00bb, colocviu desf\u0103\u015furat, \u00eentre 26 \u015fi 28 noiembrie 2015, la Facultatea de Litere a Universit\u0103\u0163ii din Bucure\u015fti.<\/p>\n","protected":false},"featured_media":17507,"comment_status":"open","ping_status":"closed","template":"","meta":[],"product_brand":[],"product_cat":[3906,1464,979,1469],"product_tag":[2353,2403,1184,2404,2402],"class_list":{"0":"post-17506","1":"product","2":"type-product","3":"status-publish","4":"has-post-thumbnail","6":"product_cat-lucrari-congrese","7":"product_cat-filologie","8":"product_cat-limba-romana","9":"product_cat-periodice","10":"product_tag-colocviul-international-al-departamentului-de-lingvistica","11":"product_tag-lingvistica-2015","12":"product_tag-litere","13":"product_tag-mihaela-viorica-constantinescu","14":"product_tag-perspective-comparative-si-diacronice","16":"first","17":"outofstock","18":"shipping-taxable","19":"purchasable","20":"product-type-simple"},"_links":{"self":[{"href":"https:\/\/editura-unibuc.ro\/en\/wp-json\/wp\/v2\/product\/17506","targetHints":{"allow":["GET"]}}],"collection":[{"href":"https:\/\/editura-unibuc.ro\/en\/wp-json\/wp\/v2\/product"}],"about":[{"href":"https:\/\/editura-unibuc.ro\/en\/wp-json\/wp\/v2\/types\/product"}],"replies":[{"embeddable":true,"href":"https:\/\/editura-unibuc.ro\/en\/wp-json\/wp\/v2\/comments?post=17506"}],"wp:featuredmedia":[{"embeddable":true,"href":"https:\/\/editura-unibuc.ro\/en\/wp-json\/wp\/v2\/media\/17507"}],"wp:attachment":[{"href":"https:\/\/editura-unibuc.ro\/en\/wp-json\/wp\/v2\/media?parent=17506"}],"wp:term":[{"taxonomy":"product_brand","embeddable":true,"href":"https:\/\/editura-unibuc.ro\/en\/wp-json\/wp\/v2\/product_brand?post=17506"},{"taxonomy":"product_cat","embeddable":true,"href":"https:\/\/editura-unibuc.ro\/en\/wp-json\/wp\/v2\/product_cat?post=17506"},{"taxonomy":"product_tag","embeddable":true,"href":"https:\/\/editura-unibuc.ro\/en\/wp-json\/wp\/v2\/product_tag?post=17506"}],"curies":[{"name":"wp","href":"https:\/\/api.w.org\/{rel}","templated":true}]}}