{"id":17508,"date":"2016-12-19T17:53:53","date_gmt":"2016-12-19T15:53:53","guid":{"rendered":"https:\/\/editura-unibuc.ro\/?post_type=product&#038;p=17508"},"modified":"2023-10-24T08:58:16","modified_gmt":"2023-10-24T05:58:16","slug":"geografia-fizica-a-europei","status":"publish","type":"product","link":"https:\/\/editura-unibuc.ro\/en\/geografia-fizica-a-europei\/","title":{"rendered":"GEOGRAFIA FIZIC\u0102 A EUROPEI"},"content":{"rendered":"<p>Cartea reprezint\u0103 o sintez\u0103 a activit\u0103\u0163ilor de documentare bibliografic\u0103 \u015fi prelucrare a informa\u0163iilor \u015ftiin\u0163ifice existente \u00een literatura geografic\u0103 na\u0163ional\u0103 \u015fi interna\u0163ional\u0103, asupra cadrului natural al continentului european, desf\u0103\u015furate pe parcursul a \u015fase ani.<\/p>\n","protected":false},"excerpt":{"rendered":"<p>Cartea reprezint\u0103 o sintez\u0103 a activit\u0103\u0163ilor de documentare bibliografic\u0103 \u015fi prelucrare a informa\u0163iilor \u015ftiin\u0163ifice existente \u00een literatura geografic\u0103 na\u0163ional\u0103 \u015fi interna\u0163ional\u0103, asupra cadrului natural al continentului european, desf\u0103\u015furate pe parcursul a \u015fase ani.<\/p>\n","protected":false},"featured_media":17510,"comment_status":"open","ping_status":"closed","template":"","meta":[],"product_brand":[],"product_cat":[1466,989],"product_tag":[2405,2406,2407],"class_list":{"0":"post-17508","1":"product","2":"type-product","3":"status-publish","4":"has-post-thumbnail","6":"product_cat-stiinte-ale-naturii","7":"product_cat-geografie","8":"product_tag-geografie-fizica","9":"product_tag-iuliana-vijulie","10":"product_tag-planificare-teritoriala","12":"first","13":"outofstock","14":"shipping-taxable","15":"purchasable","16":"product-type-simple"},"_links":{"self":[{"href":"https:\/\/editura-unibuc.ro\/en\/wp-json\/wp\/v2\/product\/17508","targetHints":{"allow":["GET"]}}],"collection":[{"href":"https:\/\/editura-unibuc.ro\/en\/wp-json\/wp\/v2\/product"}],"about":[{"href":"https:\/\/editura-unibuc.ro\/en\/wp-json\/wp\/v2\/types\/product"}],"replies":[{"embeddable":true,"href":"https:\/\/editura-unibuc.ro\/en\/wp-json\/wp\/v2\/comments?post=17508"}],"wp:featuredmedia":[{"embeddable":true,"href":"https:\/\/editura-unibuc.ro\/en\/wp-json\/wp\/v2\/media\/17510"}],"wp:attachment":[{"href":"https:\/\/editura-unibuc.ro\/en\/wp-json\/wp\/v2\/media?parent=17508"}],"wp:term":[{"taxonomy":"product_brand","embeddable":true,"href":"https:\/\/editura-unibuc.ro\/en\/wp-json\/wp\/v2\/product_brand?post=17508"},{"taxonomy":"product_cat","embeddable":true,"href":"https:\/\/editura-unibuc.ro\/en\/wp-json\/wp\/v2\/product_cat?post=17508"},{"taxonomy":"product_tag","embeddable":true,"href":"https:\/\/editura-unibuc.ro\/en\/wp-json\/wp\/v2\/product_tag?post=17508"}],"curies":[{"name":"wp","href":"https:\/\/api.w.org\/{rel}","templated":true}]}}