{"id":17514,"date":"2016-12-19T17:59:43","date_gmt":"2016-12-19T15:59:43","guid":{"rendered":"https:\/\/editura-unibuc.ro\/?post_type=product&#038;p=17514"},"modified":"2016-12-19T17:59:43","modified_gmt":"2016-12-19T15:59:43","slug":"teologia-ortodoxa-in-dialog-evocari-analize-perspective-volum-dedicat-parintelui-profesor-doctor-viorel-ionita-la-implinirea-varstei-de-70-de-ani","status":"publish","type":"product","link":"https:\/\/editura-unibuc.ro\/en\/teologia-ortodoxa-in-dialog-evocari-analize-perspective-volum-dedicat-parintelui-profesor-doctor-viorel-ionita-la-implinirea-varstei-de-70-de-ani\/","title":{"rendered":"TEOLOGIA ORTODOX\u0102 \u00ceN DIALOG: EVOC\u0102RI, ANALIZE, PERSPECTIVE: VOLUM DEDICAT P\u0102RINTELUI PROFESOR DOCTOR VIOREL IONI\u0162\u0102 LA \u00ceMPLINIREA V\u00c2RSTEI DE 70 DE ANI"},"content":{"rendered":"<p>\u00abDasc\u0103l de voca\u0163ie, P\u0103rintele Ioni\u0163\u0103 s-a remarcat \u00eendeosebi prin erudi\u0163ia prelegerilor sale, prin \u00een\u0163elegerea \u00een profunzime a istoriei Bisericii, prin subtilitatea interpret\u0103rii \u015fi prin darul de a oferi noi perspective asupra evenimentelor.\u00bb<\/p>\n","protected":false},"excerpt":{"rendered":"<p>\u00abDasc\u0103l de voca\u0163ie, P\u0103rintele Ioni\u0163\u0103 s-a remarcat \u00eendeosebi prin erudi\u0163ia prelegerilor sale, prin \u00een\u0163elegerea \u00een profunzime a istoriei Bisericii, prin subtilitatea interpret\u0103rii \u015fi prin darul de a oferi noi perspective asupra evenimentelor.\u00bb<\/p>\n","protected":false},"featured_media":17515,"comment_status":"open","ping_status":"closed","template":"","meta":[],"product_brand":[],"product_cat":[991,999],"product_tag":[2415,2417,1355,2416],"class_list":{"0":"post-17514","1":"product","2":"type-product","3":"status-publish","4":"has-post-thumbnail","6":"product_cat-stiinte-sociale","7":"product_cat-teologie","8":"product_tag-daniel-benga","9":"product_tag-istoria-bisericii-ortodoxe-romane","10":"product_tag-teologie-ortodoxa","11":"product_tag-viorel-ionita","13":"first","14":"outofstock","15":"shipping-taxable","16":"product-type-simple"},"_links":{"self":[{"href":"https:\/\/editura-unibuc.ro\/en\/wp-json\/wp\/v2\/product\/17514","targetHints":{"allow":["GET"]}}],"collection":[{"href":"https:\/\/editura-unibuc.ro\/en\/wp-json\/wp\/v2\/product"}],"about":[{"href":"https:\/\/editura-unibuc.ro\/en\/wp-json\/wp\/v2\/types\/product"}],"replies":[{"embeddable":true,"href":"https:\/\/editura-unibuc.ro\/en\/wp-json\/wp\/v2\/comments?post=17514"}],"wp:featuredmedia":[{"embeddable":true,"href":"https:\/\/editura-unibuc.ro\/en\/wp-json\/wp\/v2\/media\/17515"}],"wp:attachment":[{"href":"https:\/\/editura-unibuc.ro\/en\/wp-json\/wp\/v2\/media?parent=17514"}],"wp:term":[{"taxonomy":"product_brand","embeddable":true,"href":"https:\/\/editura-unibuc.ro\/en\/wp-json\/wp\/v2\/product_brand?post=17514"},{"taxonomy":"product_cat","embeddable":true,"href":"https:\/\/editura-unibuc.ro\/en\/wp-json\/wp\/v2\/product_cat?post=17514"},{"taxonomy":"product_tag","embeddable":true,"href":"https:\/\/editura-unibuc.ro\/en\/wp-json\/wp\/v2\/product_tag?post=17514"}],"curies":[{"name":"wp","href":"https:\/\/api.w.org\/{rel}","templated":true}]}}