{"id":1754,"date":"2012-09-10T09:05:13","date_gmt":"2012-09-10T06:05:13","guid":{"rendered":"https:\/\/editura-unibuc.ro\/?p=1754"},"modified":"2015-07-17T11:17:50","modified_gmt":"2015-07-17T08:17:50","slug":"campuri-lexicale-din-limba-romana-probleme-teoretice-si-aplicatii-practice","status":"publish","type":"product","link":"https:\/\/editura-unibuc.ro\/en\/campuri-lexicale-din-limba-romana-probleme-teoretice-si-aplicatii-practice\/","title":{"rendered":"LEXICAL DOMAINS IN ROMANIAN. THEORETICAL PROBLEMS AND PRACTICAL APPLICATIONS"},"content":{"rendered":"<p>Lucrarea de fa\u021b\u0103 \u00ee\u0219i propune ca prin analiza unor fragmente din <strong>lexicul limbii rom\u00e2ne<\/strong> numite <strong>c\u00e2mpuri lexicale <\/strong>(<strong>c\u00e2mpuri semantice <\/strong>sau <strong>lexico-semantice<\/strong>) s\u0103 demonstreze at\u00e2t valabilitatea \u0219i actualitatea unor principii teoretice \u0219i metodologice, c\u00e2t \u0219i s\u0103 arate diferite direc\u021bii de aplicare a rezultatelor ob\u021binute.<\/p>\n<p>Descrierile efective ale mai multor c\u00e2mpuri lexicale <strong>concrete<\/strong> din limba rom\u00e2n\u0103 (numele de rudenie \u2013 SR, denumirile animalelor domestice \u2013 SAD \u0219i s\u0103lbatice \u2013 SAS, denumirile locuin\u021bei \u2013 SL \u0219i ale institu\u021biilor \u2013 SI, numele de culori \u2013 STC \u0219i denumirile fenomenelor sonore \u2013 SFS) \u0219i a unora <strong>abstracte<\/strong><strong> <\/strong>(denumirile unor sentimente, atitudini sau st\u0103ri afective \u2013 NAF) constituie modele de analiz\u0103 care pot fi extinse la alte c\u00e2mpuri lexicale din limba rom\u00e2n\u0103 sau din alte limbi. Analizele prezentate pot interesa din mai multe puncte de vedere, at\u00e2t sub aspectul rezultatelor la nivelul fiec\u0103rui c\u00e2mp \u00een parte, c\u00e2t \u0219i global. Ele pot fi sursa unor exerci\u021bii aplicative privind rom\u00e2na sau rela\u021bia ei cu alte limbi (a se vedea Partea a IV-a a lucr\u0103rii). Adecvata utilizare a dic\u021bionarelor reprezint\u0103 un obiectiv important urm\u0103rit pe \u00eentreg parcursul lucr\u0103rii.<\/p>\n","protected":false},"excerpt":{"rendered":"<p>Lucrarea de fa\u021b\u0103 \u00ee\u0219i propune ca prin analiza unor fragmente din lexicul limbii rom\u00e2ne numite c\u00e2mpuri lexicale (c\u00e2mpuri semantice sau lexico-semantice) s\u0103 demonstreze at\u00e2t valabilitatea \u0219i actualitatea unor principii teoretice \u0219i metodologice, c\u00e2t \u0219i s\u0103 arate diferite direc\u021bii de aplicare a rezultatelor ob\u021binute. Descrierile efective ale mai multor c\u00e2mpuri lexicale concrete din limba rom\u00e2n\u0103 (numele [&hellip;]<\/p>\n","protected":false},"featured_media":11072,"comment_status":"open","ping_status":"closed","template":"","meta":[],"product_brand":[],"product_cat":[1464,979],"product_tag":[925],"class_list":{"0":"post-1754","1":"product","2":"type-product","3":"status-publish","4":"has-post-thumbnail","6":"product_cat-filologie","7":"product_cat-limba-romana","8":"product_tag-romana","10":"first","11":"outofstock","12":"shipping-taxable","13":"purchasable","14":"product-type-simple"},"_links":{"self":[{"href":"https:\/\/editura-unibuc.ro\/en\/wp-json\/wp\/v2\/product\/1754","targetHints":{"allow":["GET"]}}],"collection":[{"href":"https:\/\/editura-unibuc.ro\/en\/wp-json\/wp\/v2\/product"}],"about":[{"href":"https:\/\/editura-unibuc.ro\/en\/wp-json\/wp\/v2\/types\/product"}],"replies":[{"embeddable":true,"href":"https:\/\/editura-unibuc.ro\/en\/wp-json\/wp\/v2\/comments?post=1754"}],"wp:featuredmedia":[{"embeddable":true,"href":"https:\/\/editura-unibuc.ro\/en\/wp-json\/wp\/v2\/media\/11072"}],"wp:attachment":[{"href":"https:\/\/editura-unibuc.ro\/en\/wp-json\/wp\/v2\/media?parent=1754"}],"wp:term":[{"taxonomy":"product_brand","embeddable":true,"href":"https:\/\/editura-unibuc.ro\/en\/wp-json\/wp\/v2\/product_brand?post=1754"},{"taxonomy":"product_cat","embeddable":true,"href":"https:\/\/editura-unibuc.ro\/en\/wp-json\/wp\/v2\/product_cat?post=1754"},{"taxonomy":"product_tag","embeddable":true,"href":"https:\/\/editura-unibuc.ro\/en\/wp-json\/wp\/v2\/product_tag?post=1754"}],"curies":[{"name":"wp","href":"https:\/\/api.w.org\/{rel}","templated":true}]}}