{"id":17556,"date":"2016-12-23T20:21:20","date_gmt":"2016-12-23T18:21:20","guid":{"rendered":"https:\/\/editura-unibuc.ro\/?post_type=product&#038;p=17556"},"modified":"2023-01-09T12:32:57","modified_gmt":"2023-01-09T10:32:57","slug":"lingvistica-corpus-si-analiza","status":"publish","type":"product","link":"https:\/\/editura-unibuc.ro\/en\/lingvistica-corpus-si-analiza\/","title":{"rendered":"LINGVISTIC\u0102: CORPUS \u015eI ANALIZ\u0102"},"content":{"rendered":"<p>\u201eVolumul \u201eLingvistic\u0103: corpus \u0219i analiz\u0103\u201d cuprinde mai multe studii semnate de tineri cercet\u0103tori, doctoranzi \u0219i fo\u0219ti doctoranzi ai \u0218colii doctorale &#8220;Limbi \u0219i Identit\u0103\u021bi Culturale&#8221; a Facult\u0103\u021bii de Limbi \u0219i Literaturi Str\u0103ine de la Universitatea din Bucure\u0219ti. Tr\u0103s\u0103tura comun\u0103 a acestor cercet\u0103ri este analiza unor fenomene lingvistice pe corpusuri alc\u0103tuite de c\u0103tre autorii \u00een\u0219i\u0219i. Sunt reunite, astfel, analize diverse efectuate pe o l\u0103udabil\u0103 varietate metodologic\u0103. Predomin\u0103 cercet\u0103rile realizate din perspectiva sociolingvisticii \u0219i a pragmaticii.\u201d<\/p>\n","protected":false},"excerpt":{"rendered":"<p>\u201eVolumul \u201eLingvistic\u0103: corpus \u0219i analiz\u0103\u201d cuprinde mai multe studii semnate de tineri cercet\u0103tori, doctoranzi \u0219i fo\u0219ti doctoranzi ai \u0218colii doctorale &#8220;Limbi \u0219i Identit\u0103\u021bi Culturale&#8221; a Facult\u0103\u021bii de Limbi \u0219i Literaturi Str\u0103ine de la Universitatea din Bucure\u0219ti. Tr\u0103s\u0103tura comun\u0103 a acestor cercet\u0103ri este analiza unor fenomene lingvistice pe corpusuri alc\u0103tuite de c\u0103tre autorii \u00een\u0219i\u0219i. Sunt reunite, [&hellip;]<\/p>\n","protected":false},"featured_media":17557,"comment_status":"open","ping_status":"closed","template":"","meta":[],"product_brand":[],"product_cat":[1464,979],"product_tag":[2418,895,2161,2419],"class_list":{"0":"post-17556","1":"product","2":"type-product","3":"status-publish","4":"has-post-thumbnail","6":"product_cat-filologie","7":"product_cat-limba-romana","8":"product_tag-coman-lupu","9":"product_tag-lingvistica","10":"product_tag-paul-buzila","11":"product_tag-sociolingvistica","13":"first","14":"outofstock","15":"shipping-taxable","16":"purchasable","17":"product-type-simple"},"_links":{"self":[{"href":"https:\/\/editura-unibuc.ro\/en\/wp-json\/wp\/v2\/product\/17556","targetHints":{"allow":["GET"]}}],"collection":[{"href":"https:\/\/editura-unibuc.ro\/en\/wp-json\/wp\/v2\/product"}],"about":[{"href":"https:\/\/editura-unibuc.ro\/en\/wp-json\/wp\/v2\/types\/product"}],"replies":[{"embeddable":true,"href":"https:\/\/editura-unibuc.ro\/en\/wp-json\/wp\/v2\/comments?post=17556"}],"wp:featuredmedia":[{"embeddable":true,"href":"https:\/\/editura-unibuc.ro\/en\/wp-json\/wp\/v2\/media\/17557"}],"wp:attachment":[{"href":"https:\/\/editura-unibuc.ro\/en\/wp-json\/wp\/v2\/media?parent=17556"}],"wp:term":[{"taxonomy":"product_brand","embeddable":true,"href":"https:\/\/editura-unibuc.ro\/en\/wp-json\/wp\/v2\/product_brand?post=17556"},{"taxonomy":"product_cat","embeddable":true,"href":"https:\/\/editura-unibuc.ro\/en\/wp-json\/wp\/v2\/product_cat?post=17556"},{"taxonomy":"product_tag","embeddable":true,"href":"https:\/\/editura-unibuc.ro\/en\/wp-json\/wp\/v2\/product_tag?post=17556"}],"curies":[{"name":"wp","href":"https:\/\/api.w.org\/{rel}","templated":true}]}}