{"id":17558,"date":"2016-12-23T20:23:01","date_gmt":"2016-12-23T18:23:01","guid":{"rendered":"https:\/\/editura-unibuc.ro\/?post_type=product&#038;p=17558"},"modified":"2020-01-20T12:23:54","modified_gmt":"2020-01-20T10:23:54","slug":"manual-de-conversatie-in-limba-polona","status":"publish","type":"product","link":"https:\/\/editura-unibuc.ro\/en\/manual-de-conversatie-in-limba-polona\/","title":{"rendered":"MANUAL DE CONVERSA\u0162IE \u00ceN LIMBA POLON\u0102"},"content":{"rendered":"<p>Manualul de fa\u0163\u0103 reprezint\u0103 o versiune restructurat\u0103 \u015fi \u00eembog\u0103\u0163it\u0103 a edi\u0163iei publicate \u00een mai multe r\u00e2nduri la Editura Universit\u0103\u0163ii Bucure\u015fti (1983, 1987, 1990).<\/p>\n","protected":false},"excerpt":{"rendered":"<p>Manualul de fa\u0163\u0103 reprezint\u0103 o versiune restructurat\u0103 \u015fi \u00eembog\u0103\u0163it\u0103 a edi\u0163iei publicate \u00een mai multe r\u00e2nduri la Editura Universit\u0103\u0163ii Bucure\u015fti (1983, 1987, 1990).<\/p>\n","protected":false},"featured_media":17559,"comment_status":"open","ping_status":"closed","template":"","meta":[],"product_brand":[],"product_cat":[1464,981],"product_tag":[2022,1123,1301],"class_list":{"0":"post-17558","1":"product","2":"type-product","3":"status-publish","4":"has-post-thumbnail","6":"product_cat-filologie","7":"product_cat-limbi-slave","8":"product_tag-constantin-geambasu","9":"product_tag-limba-polona","10":"product_tag-poloneza","12":"first","13":"instock","14":"shipping-taxable","15":"purchasable","16":"product-type-simple"},"_links":{"self":[{"href":"https:\/\/editura-unibuc.ro\/en\/wp-json\/wp\/v2\/product\/17558","targetHints":{"allow":["GET"]}}],"collection":[{"href":"https:\/\/editura-unibuc.ro\/en\/wp-json\/wp\/v2\/product"}],"about":[{"href":"https:\/\/editura-unibuc.ro\/en\/wp-json\/wp\/v2\/types\/product"}],"replies":[{"embeddable":true,"href":"https:\/\/editura-unibuc.ro\/en\/wp-json\/wp\/v2\/comments?post=17558"}],"wp:featuredmedia":[{"embeddable":true,"href":"https:\/\/editura-unibuc.ro\/en\/wp-json\/wp\/v2\/media\/17559"}],"wp:attachment":[{"href":"https:\/\/editura-unibuc.ro\/en\/wp-json\/wp\/v2\/media?parent=17558"}],"wp:term":[{"taxonomy":"product_brand","embeddable":true,"href":"https:\/\/editura-unibuc.ro\/en\/wp-json\/wp\/v2\/product_brand?post=17558"},{"taxonomy":"product_cat","embeddable":true,"href":"https:\/\/editura-unibuc.ro\/en\/wp-json\/wp\/v2\/product_cat?post=17558"},{"taxonomy":"product_tag","embeddable":true,"href":"https:\/\/editura-unibuc.ro\/en\/wp-json\/wp\/v2\/product_tag?post=17558"}],"curies":[{"name":"wp","href":"https:\/\/api.w.org\/{rel}","templated":true}]}}