{"id":17560,"date":"2016-12-23T20:25:00","date_gmt":"2016-12-23T18:25:00","guid":{"rendered":"https:\/\/editura-unibuc.ro\/?post_type=product&#038;p=17560"},"modified":"2017-08-04T10:11:17","modified_gmt":"2017-08-04T07:11:17","slug":"sociologia-umorului-romanesc-spatiul-public-de-la-tantarul-1859-la-catavencu-1990","status":"publish","type":"product","link":"https:\/\/editura-unibuc.ro\/en\/sociologia-umorului-romanesc-spatiul-public-de-la-tantarul-1859-la-catavencu-1990\/","title":{"rendered":"SOCIOLOGIA UMORULUI ROM\u00c2NESC. SPA\u0162IUL PUBLIC DE LA \u201c\u0162\u00c2N\u0162ARUL\u201d (1859) LA \u201cCA\u0162AVENCU\u201d (1990)"},"content":{"rendered":"<p>\u00abLucrarea de fa\u0163\u0103 este inovatoare \u015fi are o func\u0163ie integratoare, av\u00e2nd presa de umor \u00een centrul analizei sale \u015fi urm\u0103rind efectele acesteia \u00een dou\u0103 momente distincte, prin metode sociologice distincte.\u00bb<\/p>\n","protected":false},"excerpt":{"rendered":"<p>\u00abLucrarea de fa\u0163\u0103 este inovatoare \u015fi are o func\u0163ie integratoare, av\u00e2nd presa de umor \u00een centrul analizei sale \u015fi urm\u0103rind efectele acesteia \u00een dou\u0103 momente distincte, prin metode sociologice distincte.\u00bb<\/p>\n","protected":false},"featured_media":17561,"comment_status":"open","ping_status":"closed","template":"","meta":[],"product_brand":[],"product_cat":[991,995],"product_tag":[2420,2421],"class_list":{"0":"post-17560","1":"product","2":"type-product","3":"status-publish","4":"has-post-thumbnail","6":"product_cat-stiinte-sociale","7":"product_cat-istorie-stiinte-politice","8":"product_tag-eugen-istodor","9":"product_tag-umorul-romanesc","11":"first","12":"outofstock","13":"shipping-taxable","14":"purchasable","15":"product-type-simple"},"_links":{"self":[{"href":"https:\/\/editura-unibuc.ro\/en\/wp-json\/wp\/v2\/product\/17560","targetHints":{"allow":["GET"]}}],"collection":[{"href":"https:\/\/editura-unibuc.ro\/en\/wp-json\/wp\/v2\/product"}],"about":[{"href":"https:\/\/editura-unibuc.ro\/en\/wp-json\/wp\/v2\/types\/product"}],"replies":[{"embeddable":true,"href":"https:\/\/editura-unibuc.ro\/en\/wp-json\/wp\/v2\/comments?post=17560"}],"wp:featuredmedia":[{"embeddable":true,"href":"https:\/\/editura-unibuc.ro\/en\/wp-json\/wp\/v2\/media\/17561"}],"wp:attachment":[{"href":"https:\/\/editura-unibuc.ro\/en\/wp-json\/wp\/v2\/media?parent=17560"}],"wp:term":[{"taxonomy":"product_brand","embeddable":true,"href":"https:\/\/editura-unibuc.ro\/en\/wp-json\/wp\/v2\/product_brand?post=17560"},{"taxonomy":"product_cat","embeddable":true,"href":"https:\/\/editura-unibuc.ro\/en\/wp-json\/wp\/v2\/product_cat?post=17560"},{"taxonomy":"product_tag","embeddable":true,"href":"https:\/\/editura-unibuc.ro\/en\/wp-json\/wp\/v2\/product_tag?post=17560"}],"curies":[{"name":"wp","href":"https:\/\/api.w.org\/{rel}","templated":true}]}}