{"id":17562,"date":"2016-12-23T20:26:57","date_gmt":"2016-12-23T18:26:57","guid":{"rendered":"https:\/\/editura-unibuc.ro\/?post_type=product&#038;p=17562"},"modified":"2016-12-23T20:26:57","modified_gmt":"2016-12-23T18:26:57","slug":"italia-si-constructia-europeana-politica-externa-italiana-in-primul-deceniu-postbelic-1945-1955","status":"publish","type":"product","link":"https:\/\/editura-unibuc.ro\/en\/italia-si-constructia-europeana-politica-externa-italiana-in-primul-deceniu-postbelic-1945-1955\/","title":{"rendered":"ITALIA \u015eI CONSTRUC\u0162IA EUROPEAN\u0102. POLITICA EXTERN\u0102 ITALIAN\u0102 \u00ceN PRIMUL DECENIU POSTBELIC (1945-1955)"},"content":{"rendered":"<p>\u201cDe la c\u0103utarea unor solu\u021bii primitive pentru ap\u0103rarea Occidentului, \u00eencetul cu \u00eencetul s-a conturat un proiect mult mai amplu: realizarea unit\u0103\u021bii europene \u0219i stingerea conflictelor istorice care de secole sf\u00ee\u0219iau Europa occidental\u0103.\u201d &#8211; Alcide de Gasperi<\/p>\n","protected":false},"excerpt":{"rendered":"<p>\u201cDe la c\u0103utarea unor solu\u021bii primitive pentru ap\u0103rarea Occidentului, \u00eencetul cu \u00eencetul s-a conturat un proiect mult mai amplu: realizarea unit\u0103\u021bii europene \u0219i stingerea conflictelor istorice care de secole sf\u00ee\u0219iau Europa occidental\u0103.\u201d &#8211; Alcide de Gasperi<\/p>\n","protected":false},"featured_media":17563,"comment_status":"open","ping_status":"closed","template":"","meta":[],"product_brand":[],"product_cat":[991,995],"product_tag":[2423,2425,2422,2424],"class_list":{"0":"post-17562","1":"product","2":"type-product","3":"status-publish","4":"has-post-thumbnail","6":"product_cat-stiinte-sociale","7":"product_cat-istorie-stiinte-politice","8":"product_tag-constructia-europeana","9":"product_tag-europa-occidentala","10":"product_tag-italia","11":"product_tag-mihaela-mustatea","13":"first","14":"instock","15":"shipping-taxable","16":"purchasable","17":"product-type-simple"},"_links":{"self":[{"href":"https:\/\/editura-unibuc.ro\/en\/wp-json\/wp\/v2\/product\/17562","targetHints":{"allow":["GET"]}}],"collection":[{"href":"https:\/\/editura-unibuc.ro\/en\/wp-json\/wp\/v2\/product"}],"about":[{"href":"https:\/\/editura-unibuc.ro\/en\/wp-json\/wp\/v2\/types\/product"}],"replies":[{"embeddable":true,"href":"https:\/\/editura-unibuc.ro\/en\/wp-json\/wp\/v2\/comments?post=17562"}],"wp:featuredmedia":[{"embeddable":true,"href":"https:\/\/editura-unibuc.ro\/en\/wp-json\/wp\/v2\/media\/17563"}],"wp:attachment":[{"href":"https:\/\/editura-unibuc.ro\/en\/wp-json\/wp\/v2\/media?parent=17562"}],"wp:term":[{"taxonomy":"product_brand","embeddable":true,"href":"https:\/\/editura-unibuc.ro\/en\/wp-json\/wp\/v2\/product_brand?post=17562"},{"taxonomy":"product_cat","embeddable":true,"href":"https:\/\/editura-unibuc.ro\/en\/wp-json\/wp\/v2\/product_cat?post=17562"},{"taxonomy":"product_tag","embeddable":true,"href":"https:\/\/editura-unibuc.ro\/en\/wp-json\/wp\/v2\/product_tag?post=17562"}],"curies":[{"name":"wp","href":"https:\/\/api.w.org\/{rel}","templated":true}]}}